{"id":982,"date":"2015-12-03T07:10:09","date_gmt":"2015-12-03T07:10:09","guid":{"rendered":"https:\/\/irandoostan.com\/es\/?page_id=982"},"modified":"2017-05-11T02:00:50","modified_gmt":"2017-05-11T02:00:50","slug":"servicios-de-transporte-en-iran","status":"publish","type":"page","link":"https:\/\/irandoostan.com\/es\/servicios-de-transporte-en-iran\/","title":{"rendered":"Servicios de Transportes en Ir\u00e1n"},"content":{"rendered":"<div id='full_slider_1'  class='avia-fullwidth-slider main_color avia-shadow   avia-builder-el-0  el_before_av_two_third  avia-builder-el-first   container_wrap sidebar_left'  ><div  class='avia-slideshow av-av_slideshow_full-7c89eef234b705e7a4d2de62d66c7ebb avia-slideshow-no scaling av_slideshow_full avia-slide-slider av-slideshow-ui av-control-default av-slideshow-manual av-loop-once av-loop-manual-endless av-default-height-applied   avia-slideshow-1' data-slideshow-options=\"{&quot;animation&quot;:&quot;slide&quot;,&quot;autoplay&quot;:false,&quot;loop_autoplay&quot;:&quot;once&quot;,&quot;interval&quot;:5,&quot;loop_manual&quot;:&quot;manual-endless&quot;,&quot;autoplay_stopper&quot;:false,&quot;noNavigation&quot;:false,&quot;bg_slider&quot;:false,&quot;keep_padding&quot;:false,&quot;hoverpause&quot;:false,&quot;show_slide_delay&quot;:0}\"  itemprop=\"image\" itemscope=\"itemscope\" itemtype=\"https:\/\/schema.org\/ImageObject\" ><ul class='avia-slideshow-inner ' style='padding-bottom: 18.588235294118%;'><li  class='avia-slideshow-slide av-av_slideshow_full-7c89eef234b705e7a4d2de62d66c7ebb__0  av-single-slide slide-1 slide-odd'><div data-rel='slideshow-1' class='avia-slide-wrap '   ><div class='av-slideshow-caption av-av_slideshow_full-7c89eef234b705e7a4d2de62d66c7ebb__0 caption_fullwidth caption_center caption_center_framed caption_framed'><div class=\"container caption_container\"><div class=\"slideshow_caption\"><div class=\"slideshow_inner_caption\"><div class=\"slideshow_align_caption\"><h2 class='avia-caption-title '  itemprop=\"name\" >SERVICIOS DE TRANSPORTE EN IRAN<\/h2><div class='avia-caption-content '  itemprop=\"description\" ><p>Irandoostan<\/p>\n<\/div><\/div><\/div><\/div><\/div><\/div><img decoding=\"async\" class=\"wp-image-983 avia-img-lazy-loading-not-983\"  src=\"https:\/\/irandoostan.com\/es\/dostcont\/uploads\/2015\/12\/iran-transfer.jpg\" width=\"1700\" height=\"316\" title='iran-transfer' alt='Servicios de Transportes en Ir\u00e1n'  itemprop=\"thumbnailUrl\" srcset=\"https:\/\/irandoostan.com\/es\/dostcont\/uploads\/2015\/12\/iran-transfer.jpg 1700w, https:\/\/irandoostan.com\/es\/dostcont\/uploads\/2015\/12\/iran-transfer-300x56.jpg 300w, https:\/\/irandoostan.com\/es\/dostcont\/uploads\/2015\/12\/iran-transfer-1030x191.jpg 1030w, https:\/\/irandoostan.com\/es\/dostcont\/uploads\/2015\/12\/iran-transfer-1500x279.jpg 1500w, https:\/\/irandoostan.com\/es\/dostcont\/uploads\/2015\/12\/iran-transfer-705x131.jpg 705w, https:\/\/irandoostan.com\/es\/dostcont\/uploads\/2015\/12\/iran-transfer-450x84.jpg 450w\" sizes=\"(max-width: 1700px) 100vw, 1700px\" \/><\/div><\/li><\/ul><\/div><\/div><div id='after_full_slider_1'  class='main_color av_default_container_wrap container_wrap sidebar_left'  ><div class='container av-section-cont-open' ><div class='template-page content  av-content-small units'><div class='post-entry post-entry-type-page post-entry-982'><div class='entry-content-wrapper clearfix'>\n\n<style type=\"text\/css\" data-created_by=\"avia_inline_auto\" id=\"style-css-av-av_two_third-352b07ef7d3bc99b2e9f92e7a9e06bdb\">\n.flex_column.av-av_two_third-352b07ef7d3bc99b2e9f92e7a9e06bdb{\nborder-radius:0px 0px 0px 0px;\npadding:0px 0px 0px 0px;\n}\n<\/style>\n<div  class='flex_column av-av_two_third-352b07ef7d3bc99b2e9f92e7a9e06bdb av_two_third  avia-builder-el-1  el_after_av_slideshow_full  el_before_av_one_third  avia-builder-el-first  first flex_column_div av-zero-column-padding  '     ><section  class='av_textblock_section av-av_textblock-0366cc7376be6c9e82a3e9cc8987b64f '   itemscope=\"itemscope\" itemtype=\"https:\/\/schema.org\/CreativeWork\" ><div class='avia_textblock'  itemprop=\"text\" ><h2 style=\"text-align: justify;\"><strong>Servicios de transporte en Ir\u00e1n<\/strong><\/h2>\n<p style=\"text-align: justify;\">Durante su estancia en Ir\u00e1n ponemos a disposici\u00f3n de nuestros clientes veh\u00edculos con conductor. Nuestra amplia selecci\u00f3n abarca desde coches sencillos como Peugeot, furgonetas, minibuses y autobuses, hasta coches de lujo como Mercedes Benz, BMW, Toyota y muchos m\u00e1s. Nuestros coches est\u00e1n asegurados a todo riesgo en cumplimiento con la normativa iran\u00ed en materia de p\u00f3lizas de seguros y nuestros conductores son profesionales con una gran formaci\u00f3n y experiencia.<\/p>\n<h3 style=\"text-align: justify;\">Aeropuerto internacional<\/h3>\n<p style=\"text-align: justify;\">El aeropuerto internacional Imam Khomeini (IKIA) se encuentra 35 km al sudoeste de Teher\u00e1n. Hay paradas de taxi oficiales desde las cuales parten los taxis oficiales del aeropuerto, que cobran una tarifa fija. Tambi\u00e9n puede haber taxis independientes que recojan pasajeros. Es recomendable evitar estos \u00faltimos, aunque ofrezcan tarifas m\u00e1s reducidas. Las v\u00edas de acceso a este aeropuerto son la autopista Tehran-Qom, la carretera Tehran-Saveh y la autopista Tehran-Saveh. Desde las autopistas Tehran-Qom y Tehran-Saveh hasta la terminal de pasajeros hay una autopista de 20 km. Un gu\u00eda recibir\u00e1 a los turistas que hayan reservado un itinerario con nosotros y les llevar\u00e1 hasta el hotel en un coche privado.<\/p>\n<p style=\"text-align: justify;\"><strong>Transporte local<\/strong><\/p>\n<p style=\"text-align: justify;\"><strong>Metro:<\/strong><\/p>\n<p style=\"text-align: justify;\">Actualmente hay cuatro l\u00edneas de metro operativas en Teher\u00e1n, adem\u00e1s de una l\u00ednea que conecta el oeste de Teher\u00e1n con Karaj. El metro es muy barato, 6000 riales el billete sencillo, y constituye una manera popular y pr\u00e1ctica de trasladarse por Teher\u00e1n, especialmente para llegar al centro de la ciudad.<\/p>\n<p style=\"text-align: justify;\"><strong>\u00a0<\/strong><\/p>\n<p style=\"text-align: justify;\"><strong>Bus y taxi:<\/strong><\/p>\n<p style=\"text-align: justify;\">En Teher\u00e1n se puede pedir un servicio de taxi por tel\u00e9fono a trav\u00e9s de agencias locales y en la mayor\u00eda de los hoteles de los centros de provincia se pueden pedir taxis, aunque cabe destacar que \u00e9stos no disponen de tax\u00edmetro. En las ciudades hay numerosos taxis locales de color verde o amarillo disponibles y \u00e9stos representan un modo de transporte eficiente. Los taxis amarillos pertenecen a una empresa estatal, mientras que los taxis verdes son propiedad de una empresa privada. Teher\u00e1n tambi\u00e9n dispone de una red de autobuses barata, aunque los turistas no suelen utilizar el autob\u00fas. La red de autobuses es muy fiable y eficiente.<\/p>\n<p style=\"text-align: justify;\"><strong>Vuelos internos:<\/strong><\/p>\n<p style=\"text-align: justify;\">Los viajeros pueden reservar billetes para vuelos internos a trav\u00e9s de las agencias de viajes. Actualmente no es posible reservar vuelos internos a trav\u00e9s de internet utilizando una tarjeta de cr\u00e9dito de los sistemas de pago occidentales.<\/p>\n<\/div><\/section><\/div>\n\n<style type=\"text\/css\" data-created_by=\"avia_inline_auto\" id=\"style-css-av-av_one_third-2a64de42b738552fe666ca889af77e28\">\n.flex_column.av-av_one_third-2a64de42b738552fe666ca889af77e28{\nborder-radius:0px 0px 0px 0px;\npadding:0px 0px 0px 0px;\n}\n<\/style>\n<div  class='flex_column av-av_one_third-2a64de42b738552fe666ca889af77e28 av_one_third  avia-builder-el-3  el_after_av_two_third  avia-builder-el-last  flex_column_div av-zero-column-padding  '     ><style type=\"text\/css\" data-created_by=\"avia_inline_auto\" id=\"style-css-av-av_heading-339ffcb1b8f43e906b3b374f3065695d\">\n#top .av-special-heading.av-av_heading-339ffcb1b8f43e906b3b374f3065695d{\npadding-bottom:10px;\n}\nbody .av-special-heading.av-av_heading-339ffcb1b8f43e906b3b374f3065695d .av-special-heading-tag .heading-char{\nfont-size:25px;\n}\n.av-special-heading.av-av_heading-339ffcb1b8f43e906b3b374f3065695d .av-subheading{\nfont-size:15px;\n}\n<\/style>\n<div  class='av-special-heading av-av_heading-339ffcb1b8f43e906b3b374f3065695d av-special-heading-h4  avia-builder-el-4  el_before_av_catalogue  avia-builder-el-first '><h4 class='av-special-heading-tag'  itemprop=\"headline\"  >Servicios Relacionados<\/h4><div class=\"special-heading-border\"><div class=\"special-heading-inner-border\"><\/div><\/div><\/div>\n<div  class='av-catalogue-container av-av_catalogue-b9e70f6e4578d5e2420f366d65fb6876  avia-builder-el-5  el_after_av_heading  avia-builder-el-last '><ul class='av-catalogue-list'>\n<li><a href=\"https:\/\/irandoostan.com\/es\/visado-para-visitar-iran\/\"  class='av-catalogue-item av-av_catalogue_item-e020021a16654f307a6bdc97eeea8d41' ><img decoding=\"async\" loading=\"lazy\" width=\"180\" height=\"180\" src=\"https:\/\/irandoostan.com\/es\/dostcont\/uploads\/2015\/12\/iran-visa-180x180.jpg\" title='iran-visa' alt='pasaporte' class='wp-image-954 avia-img-lazy-loading-954 av-catalogue-image' srcset=\"https:\/\/irandoostan.com\/es\/dostcont\/uploads\/2015\/12\/iran-visa-180x180.jpg 180w, https:\/\/irandoostan.com\/es\/dostcont\/uploads\/2015\/12\/iran-visa-80x80.jpg 80w, https:\/\/irandoostan.com\/es\/dostcont\/uploads\/2015\/12\/iran-visa-36x36.jpg 36w, https:\/\/irandoostan.com\/es\/dostcont\/uploads\/2015\/12\/iran-visa-120x120.jpg 120w, https:\/\/irandoostan.com\/es\/dostcont\/uploads\/2015\/12\/iran-visa.jpg 200w\" sizes=\"(max-width: 180px) 100vw, 180px\" \/><div class=\"av-catalogue-item-inner\"><div class=\"av-catalogue-title-container\"><div class='av-catalogue-title'>Visado para Iran<\/div><div class='av-catalogue-price'><\/div><\/div><div class=\"av-catalogue-content\">\nComo Sacar Visado para Visitar Iran?<br \/>\n<\/div><\/div><\/a><\/li>\n<li><a href=\"https:\/\/irandoostan.com\/es\/reservas-de-hotel-en-iran\/\"  class='av-catalogue-item av-av_catalogue_item-de25ce462eef140307f7de2972378db5' ><img decoding=\"async\" loading=\"lazy\" width=\"180\" height=\"180\" src=\"https:\/\/irandoostan.com\/es\/dostcont\/uploads\/2015\/12\/iran-hotel-180x180.jpg\" title='iran-hotel' alt='Servicios de Transportes en Ir\u00e1n' class='wp-image-993 avia-img-lazy-loading-993 av-catalogue-image' srcset=\"https:\/\/irandoostan.com\/es\/dostcont\/uploads\/2015\/12\/iran-hotel-180x180.jpg 180w, https:\/\/irandoostan.com\/es\/dostcont\/uploads\/2015\/12\/iran-hotel-80x80.jpg 80w, https:\/\/irandoostan.com\/es\/dostcont\/uploads\/2015\/12\/iran-hotel-36x36.jpg 36w, https:\/\/irandoostan.com\/es\/dostcont\/uploads\/2015\/12\/iran-hotel-120x120.jpg 120w, https:\/\/irandoostan.com\/es\/dostcont\/uploads\/2015\/12\/iran-hotel.jpg 300w\" sizes=\"(max-width: 180px) 100vw, 180px\" \/><div class=\"av-catalogue-item-inner\"><div class=\"av-catalogue-title-container\"><div class='av-catalogue-title'>Reserva de Hoteles<\/div><div class='av-catalogue-price'><\/div><\/div><div class=\"av-catalogue-content\">\nReservacion de Hoteles en Iran<br \/>\n<\/div><\/div><\/a><\/li>\n<\/ul><\/div><\/div>\n","protected":false},"excerpt":{"rendered":"","protected":false},"author":2,"featured_media":0,"parent":0,"menu_order":0,"comment_status":"closed","ping_status":"closed","template":"","meta":{"footnotes":""},"_links":{"self":[{"href":"https:\/\/irandoostan.com\/es\/wp-json\/wp\/v2\/pages\/982"}],"collection":[{"href":"https:\/\/irandoostan.com\/es\/wp-json\/wp\/v2\/pages"}],"about":[{"href":"https:\/\/irandoostan.com\/es\/wp-json\/wp\/v2\/types\/page"}],"author":[{"embeddable":true,"href":"https:\/\/irandoostan.com\/es\/wp-json\/wp\/v2\/users\/2"}],"replies":[{"embeddable":true,"href":"https:\/\/irandoostan.com\/es\/wp-json\/wp\/v2\/comments?post=982"}],"version-history":[{"count":0,"href":"https:\/\/irandoostan.com\/es\/wp-json\/wp\/v2\/pages\/982\/revisions"}],"wp:attachment":[{"href":"https:\/\/irandoostan.com\/es\/wp-json\/wp\/v2\/media?parent=982"}],"curies":[{"name":"wp","href":"https:\/\/api.w.org\/{rel}","templated":true}]}}