{"id":960,"date":"2015-12-02T16:46:39","date_gmt":"2015-12-02T16:46:39","guid":{"rendered":"https:\/\/irandoostan.com\/es\/?page_id=960"},"modified":"2023-09-05T12:54:40","modified_gmt":"2023-09-05T12:54:40","slug":"visado-para-visitar-iran","status":"publish","type":"page","link":"https:\/\/irandoostan.com\/es\/visado-para-visitar-iran\/","title":{"rendered":"Visado Para Visitar Ir\u00e1n"},"content":{"rendered":"<div id='full_slider_1'  class='avia-fullwidth-slider main_color avia-shadow   avia-builder-el-0  el_before_av_two_third  avia-builder-el-first   container_wrap sidebar_left'  ><div  class='avia-slideshow av-6hcfk-1b0a7ce946ea56b6408f3539a61ee01d avia-slideshow-no scaling av_slideshow_full avia-slide-slider av-slideshow-ui av-control-default av-slideshow-manual av-loop-once av-loop-manual-endless av-default-height-applied   avia-slideshow-1' data-slideshow-options=\"{&quot;animation&quot;:&quot;slide&quot;,&quot;autoplay&quot;:false,&quot;loop_autoplay&quot;:&quot;once&quot;,&quot;interval&quot;:5,&quot;loop_manual&quot;:&quot;manual-endless&quot;,&quot;autoplay_stopper&quot;:false,&quot;noNavigation&quot;:false,&quot;bg_slider&quot;:false,&quot;keep_padding&quot;:false,&quot;hoverpause&quot;:false,&quot;show_slide_delay&quot;:0}\"  itemprop=\"image\" itemscope=\"itemscope\" itemtype=\"https:\/\/schema.org\/ImageObject\" ><ul class='avia-slideshow-inner ' style='padding-bottom: 18.588235294118%;'><li  class='avia-slideshow-slide av-6hcfk-1b0a7ce946ea56b6408f3539a61ee01d__0  av-single-slide slide-1 slide-odd'><div data-rel='slideshow-1' class='avia-slide-wrap '   ><div class='av-slideshow-caption av-6hcfk-1b0a7ce946ea56b6408f3539a61ee01d__0 caption_fullwidth caption_center caption_center_framed caption_framed'><div class=\"container caption_container\"><div class=\"slideshow_caption\"><div class=\"slideshow_inner_caption\"><div class=\"slideshow_align_caption\"><h2 class='avia-caption-title '  itemprop=\"name\" >Como Sacar Visado Para Visitar Iran?<\/h2><div class='avia-caption-content '  itemprop=\"description\" ><p>Irandoostan<\/p>\n<\/div><\/div><\/div><\/div><\/div><\/div><img decoding=\"async\" class=\"wp-image-1000 avia-img-lazy-loading-not-1000\"  src=\"https:\/\/irandoostan.com\/es\/dostcont\/uploads\/2015\/12\/iran-visa-final3.jpg\" width=\"1700\" height=\"316\" title='iran-visa-final' alt='pasaporte'  itemprop=\"thumbnailUrl\" srcset=\"https:\/\/irandoostan.com\/es\/dostcont\/uploads\/2015\/12\/iran-visa-final3.jpg 1700w, https:\/\/irandoostan.com\/es\/dostcont\/uploads\/2015\/12\/iran-visa-final3-300x56.jpg 300w, https:\/\/irandoostan.com\/es\/dostcont\/uploads\/2015\/12\/iran-visa-final3-1030x191.jpg 1030w, https:\/\/irandoostan.com\/es\/dostcont\/uploads\/2015\/12\/iran-visa-final3-1500x279.jpg 1500w, https:\/\/irandoostan.com\/es\/dostcont\/uploads\/2015\/12\/iran-visa-final3-705x131.jpg 705w, https:\/\/irandoostan.com\/es\/dostcont\/uploads\/2015\/12\/iran-visa-final3-450x84.jpg 450w\" sizes=\"(max-width: 1700px) 100vw, 1700px\" \/><\/div><\/li><\/ul><\/div><\/div><div id='after_full_slider_1'  class='main_color av_default_container_wrap container_wrap sidebar_left'  ><div class='container av-section-cont-open' ><div class='template-page content  av-content-small units'><div class='post-entry post-entry-type-page post-entry-960'><div class='entry-content-wrapper clearfix'>\n\n<style type=\"text\/css\" data-created_by=\"avia_inline_auto\" id=\"style-css-av-1g9tc8-e4260b1fa02a408b768a1e677db5816e\">\n.flex_column.av-1g9tc8-e4260b1fa02a408b768a1e677db5816e{\nborder-radius:0px 0px 0px 0px;\npadding:0px 0px 0px 0px;\n}\n<\/style>\n<div  class='flex_column av-1g9tc8-e4260b1fa02a408b768a1e677db5816e av_two_third  avia-builder-el-1  el_after_av_slideshow_full  el_before_av_one_third  avia-builder-el-first  first flex_column_div av-zero-column-padding  '     ><section  class='av_textblock_section av-16f2i8-75265837587bc9c5ff4ffa0ea6a5a5f2 '   itemscope=\"itemscope\" itemtype=\"https:\/\/schema.org\/CreativeWork\" ><div class='avia_textblock'  itemprop=\"text\" ><blockquote>\n<h3><strong>Visado para visitar Ir\u00e1n<\/strong><\/h3>\n<p style=\"text-align: justify;\">Nos encargaremos de obtener su visado, tanto si viaja solo o como parte de un grupo en un viaje organizado.<\/p>\n<p style=\"text-align: justify;\">La duraci\u00f3n m\u00e1xima del visado de turista son 30 d\u00edas, con posibilidad de extensi\u00f3n.<\/p>\n<p style=\"text-align: justify;\">La posibilidad de extender su visado depende de las agencias del Ministerio de Asuntos Exteriores.<\/p>\n<p style=\"text-align: justify;\">Nuestros visitantes pueden recoger sus visados en cualquier embajada o consulado de Ir\u00e1n del mundo, incluso en la Oficina de Intereses de Ir\u00e1n en la embajada de Pakist\u00e1n en Washington DC, en los EE.\u00a0UU. Usted puede recoger su visado en cualquier pa\u00eds, \u00fanicamente deber\u00e1 especificarlo en su solicitud de visado.<\/p>\n<p style=\"text-align: justify;\">Todas las solicitudes de visado deben ser aprobadas por el Ministerio de Asuntos Exteriores en Teher\u00e1n. Despu\u00e9s de rellenar la solicitud de visado (como viajero de un grupo o individual), enviaremos su informaci\u00f3n al Ministerio de Asuntos Exteriores para posteriormente recibir el n\u00famero de referencia para la autorizaci\u00f3n del visado en caso de que \u00e9ste sea aprobado.<\/p>\n<p style=\"text-align: justify;\">Despu\u00e9s de enviar las informaciones del solicitante al Ministerio de Asuntos Exteriores, ser\u00e1n necesarios aproximadamente diez d\u00edas laborables para recibir el n\u00famero de referencia. Sin embargo, este periodo de tiempo es m\u00e1s prolongado en el caso de los ciudadanos americanos, brit\u00e1nicos, canadienses o australianos; ser\u00e1n necesarios entre 15 y 25 d\u00edas para recibir el n\u00famero de referencia. Su autorizaci\u00f3n de visado en forma de n\u00famero de referencia le ser\u00e1 enviada simult\u00e1neamente a usted y al consulado o embajada iran\u00ed del lugar que indic\u00f3 en su solicitud de visado. Posteriormente podr\u00e1 obtener su visado de la embajada iran\u00ed y ya estar\u00e1 listo para su viaje a Ir\u00e1n.<\/p>\n<p style=\"text-align: justify;\">Hay algunas directrices diferentes para ciudadanos con pasaporte brit\u00e1nico o estadounidense que planeen visitar Ir\u00e1n. Se requiere que viajen a Ir\u00e1n como miembros de un viaje organizado con gu\u00eda, en grupo o individual, y deben tener un itinerario exacto de la totalidad de su estancia en Ir\u00e1n.<\/p>\n<p style=\"text-align: justify;\"><strong>Visado de turista \u00aba la llegada al pais\u00bb<\/strong><\/p>\n<p style=\"text-align: justify;\">De conformidad con la nueva ley aprobada en agosto de 2015 por el gabinete iran\u00ed, el visado de turista a la llegada al pa\u00eds se ha extendido de 15 a 30 d\u00edas para los ciudadanos de 40 pa\u00edses en los aeropuertos de Mashhad, Shiraz y Tabriz, el aeropuerto internacional Imam Khomeini y el aeropuerto Mehrabad. Asimismo es posible extender el visado a la llegada por 15 d\u00edas adicionales.<\/p>\n<p style=\"text-align: justify;\">Los 40 pa\u00edses son:<\/p>\n<p style=\"text-align: justify;\">Rep\u00fablica de Azerbaiy\u00e1n, Albania, Alemania, Austria, Armenia, Uzbekist\u00e1n, Espa\u00f1a, Australia, Eslovenia, Eslovaquia, los Emiratos \u00c1rabes Unidos, Indonesia, Ucrania, Italia, Irlanda, Bahr\u00e9in, Brasil, Brun\u00e9i, Bielorrusia, B\u00e9lgica, Bulgaria, Dinamarca, Rusia, Rumania, Jap\u00f3n, Singapur, Suecia, Suiza, Siria, Arabia Saud\u00ed, Om\u00e1n, Francia, Palestina, Chipre, Kirguist\u00e1n, Qatar, Croacia, Corea del Norte, Corea del Sur, Colombia, Cuba, Kuwait, Georgia, L\u00edbano, Luxemburgo, Polonia, Malasia, Hungr\u00eda, Mongolia, M\u00e9xico, Noruega, Nueva Zelanda, Venezuela, Vietnam, Pa\u00edses Bajos, India, Serbia y Grecia.<\/p>\n<p style=\"text-align: justify;\">Los visitantes pueden obtener un visado a su llegada en la oficina de administraci\u00f3n de visados del Ministerio de Asuntos Exteriores en los aeropuertos internacionales del pa\u00eds.<\/p>\n<p style=\"text-align: justify;\"><strong>Documentaci\u00f3n necesaria para la obtenci\u00f3n de un visado a la llegada al pa\u00eds:<\/strong><\/p>\n<p style=\"text-align: justify;\">Para obtener un visado a su llegada a los aeropuertos internacionales iran\u00edes es necesario que disponga de los documentos siguientes:<\/p>\n<ul>\n<li style=\"text-align: justify;\">Solicitud completa de visado, que deber\u00e1 entregarse en el aeropuerto.<\/li>\n<li style=\"text-align: justify;\">Un pasaporte v\u00e1lido por lo \u00a0m\u00ednimo 6 meses.<\/li>\n<li style=\"text-align: justify;\">Un billete de avi\u00f3n de regreso.<\/li>\n<li style=\"text-align: justify;\">Una fotograf\u00eda.<\/li>\n<li style=\"text-align: justify;\">Una tasa de 50,00\u00a0\u20ac por solicitante.<\/li>\n<\/ul>\n<\/blockquote>\n<\/div><\/section><\/div>\n\n<style type=\"text\/css\" data-created_by=\"avia_inline_auto\" id=\"style-css-av-3vzbk-b268bc4b69ced6203aa45bd345d34247\">\n.flex_column.av-3vzbk-b268bc4b69ced6203aa45bd345d34247{\nborder-radius:0px 0px 0px 0px;\npadding:0px 0px 0px 0px;\n}\n<\/style>\n<div  class='flex_column av-3vzbk-b268bc4b69ced6203aa45bd345d34247 av_one_third  avia-builder-el-3  el_after_av_two_third  avia-builder-el-last  flex_column_div av-zero-column-padding  '     ><p>\n<style type=\"text\/css\" data-created_by=\"avia_inline_auto\" id=\"style-css-av-uyr54-7b856eb5a24a0bd3716f22854e4e6bad\">\n#top .av-special-heading.av-uyr54-7b856eb5a24a0bd3716f22854e4e6bad{\npadding-bottom:10px;\n}\nbody .av-special-heading.av-uyr54-7b856eb5a24a0bd3716f22854e4e6bad .av-special-heading-tag .heading-char{\nfont-size:25px;\n}\n.av-special-heading.av-uyr54-7b856eb5a24a0bd3716f22854e4e6bad .av-subheading{\nfont-size:15px;\n}\n<\/style>\n<div  class='av-special-heading av-uyr54-7b856eb5a24a0bd3716f22854e4e6bad av-special-heading-h4  avia-builder-el-4  el_before_av_catalogue  avia-builder-el-first '><h4 class='av-special-heading-tag'  itemprop=\"headline\"  >Servicios Relacionados<\/h4><div class=\"special-heading-border\"><div class=\"special-heading-inner-border\"><\/div><\/div><\/div><br \/>\n<div  class='av-catalogue-container av-q9h08-d369a723274e053751c267e5a2388730  avia-builder-el-5  el_after_av_heading  el_before_av_button '><ul class='av-catalogue-list'>\n<li><a href=\"https:\/\/irandoostan.com\/es\/reservas-de-hotel-en-iran\/\"  class='av-catalogue-item av-lawrk-ba9b3bb6e2573d83c50be7f46b13a7e1' ><img decoding=\"async\" loading=\"lazy\" width=\"180\" height=\"180\" src=\"https:\/\/irandoostan.com\/es\/dostcont\/uploads\/2015\/12\/iran-hotel-180x180.jpg\" title='iran-hotel' alt='Servicios de Transportes en Ir\u00e1n' class='wp-image-993 avia-img-lazy-loading-993 av-catalogue-image' srcset=\"https:\/\/irandoostan.com\/es\/dostcont\/uploads\/2015\/12\/iran-hotel-180x180.jpg 180w, https:\/\/irandoostan.com\/es\/dostcont\/uploads\/2015\/12\/iran-hotel-80x80.jpg 80w, https:\/\/irandoostan.com\/es\/dostcont\/uploads\/2015\/12\/iran-hotel-36x36.jpg 36w, https:\/\/irandoostan.com\/es\/dostcont\/uploads\/2015\/12\/iran-hotel-120x120.jpg 120w, https:\/\/irandoostan.com\/es\/dostcont\/uploads\/2015\/12\/iran-hotel.jpg 300w\" sizes=\"(max-width: 180px) 100vw, 180px\" \/><div class=\"av-catalogue-item-inner\"><div class=\"av-catalogue-title-container\"><div class='av-catalogue-title'>Reservas de hotel en Ir\u00e1n<\/div><div class='av-catalogue-price'><\/div><\/div><div class=\"av-catalogue-content\">\nReservas de hotel en Ir\u00e1n<br \/>\n<\/div><\/div><\/a><\/li>\n<li><a href=\"https:\/\/irandoostan.com\/es\/servicios-de-transporte-en-iran\/\"  class='av-catalogue-item av-hpqaw-79c0d1fb496d25afb7168e7d2548003a' ><img decoding=\"async\" loading=\"lazy\" width=\"180\" height=\"180\" src=\"https:\/\/irandoostan.com\/es\/dostcont\/uploads\/2015\/12\/transfer-180x180.jpg\" title='transfer' alt='transferir' class='wp-image-957 avia-img-lazy-loading-957 av-catalogue-image' srcset=\"https:\/\/irandoostan.com\/es\/dostcont\/uploads\/2015\/12\/transfer-180x180.jpg 180w, https:\/\/irandoostan.com\/es\/dostcont\/uploads\/2015\/12\/transfer-80x80.jpg 80w, https:\/\/irandoostan.com\/es\/dostcont\/uploads\/2015\/12\/transfer-36x36.jpg 36w, https:\/\/irandoostan.com\/es\/dostcont\/uploads\/2015\/12\/transfer-120x120.jpg 120w, https:\/\/irandoostan.com\/es\/dostcont\/uploads\/2015\/12\/transfer.jpg 300w\" sizes=\"(max-width: 180px) 100vw, 180px\" \/><div class=\"av-catalogue-item-inner\"><div class=\"av-catalogue-title-container\"><div class='av-catalogue-title'>Servicios de transporte en Ir\u00e1n<\/div><div class='av-catalogue-price'><\/div><\/div><div class=\"av-catalogue-content\">\n<p class=\"main-title entry-title\">Servicios de transporte en Ir\u00e1n<\/p>\n<\/div><\/div><\/a><\/li>\n<\/ul><\/div><br \/>\n<div  class='avia-button-wrap av-ul1s-56007a99cfda29353a5bb2467e93bf29-wrap avia-button-center  avia-builder-el-6  el_after_av_catalogue  avia-builder-el-last '><a href='https:\/\/irandoostan.com\/es\/iran-visa-form\/'  class='avia-button av-ul1s-56007a99cfda29353a5bb2467e93bf29 avia-icon_select-yes-left-icon avia-size-x-large avia-position-center av-icon-on-hover avia-color-theme-color'  ><span class='avia_button_icon avia_button_icon_left' aria-hidden='true' data-av_icon='\ue836' data-av_iconfont='entypo-fontello'><\/span><span class='avia_iconbox_title' >Formulario Para Solicitud de Visado <\/span><\/a><\/div><\/p><\/div>\n","protected":false},"excerpt":{"rendered":"","protected":false},"author":2,"featured_media":2784,"parent":0,"menu_order":0,"comment_status":"closed","ping_status":"closed","template":"","meta":{"footnotes":""},"_links":{"self":[{"href":"https:\/\/irandoostan.com\/es\/wp-json\/wp\/v2\/pages\/960"}],"collection":[{"href":"https:\/\/irandoostan.com\/es\/wp-json\/wp\/v2\/pages"}],"about":[{"href":"https:\/\/irandoostan.com\/es\/wp-json\/wp\/v2\/types\/page"}],"author":[{"embeddable":true,"href":"https:\/\/irandoostan.com\/es\/wp-json\/wp\/v2\/users\/2"}],"replies":[{"embeddable":true,"href":"https:\/\/irandoostan.com\/es\/wp-json\/wp\/v2\/comments?post=960"}],"version-history":[{"count":2,"href":"https:\/\/irandoostan.com\/es\/wp-json\/wp\/v2\/pages\/960\/revisions"}],"predecessor-version":[{"id":3757,"href":"https:\/\/irandoostan.com\/es\/wp-json\/wp\/v2\/pages\/960\/revisions\/3757"}],"wp:featuredmedia":[{"embeddable":true,"href":"https:\/\/irandoostan.com\/es\/wp-json\/wp\/v2\/media\/2784"}],"wp:attachment":[{"href":"https:\/\/irandoostan.com\/es\/wp-json\/wp\/v2\/media?parent=960"}],"curies":[{"name":"wp","href":"https:\/\/api.w.org\/{rel}","templated":true}]}}