{"id":938,"date":"2015-12-02T10:32:14","date_gmt":"2015-12-02T10:32:14","guid":{"rendered":"https:\/\/irandoostan.com\/es\/?page_id=938"},"modified":"2024-01-16T06:26:11","modified_gmt":"2024-01-16T06:26:11","slug":"reservas-de-hotel-en-iran","status":"publish","type":"page","link":"https:\/\/irandoostan.com\/es\/reservas-de-hotel-en-iran\/","title":{"rendered":"Reservas de Hoteles en Ir\u00e1n"},"content":{"rendered":"<div id='full_slider_1'  class='avia-fullwidth-slider main_color avia-shadow   avia-builder-el-0  el_before_av_two_third  avia-builder-el-first   container_wrap sidebar_left'  ><div  class='avia-slideshow av-2uab82-abf92806d32ef4d647cef2c430268a9e avia-slideshow-no scaling av_slideshow_full avia-slide-slider av-slideshow-ui av-control-default av-slideshow-manual av-loop-once av-loop-manual-endless av-default-height-applied   avia-slideshow-1' data-slideshow-options=\"{&quot;animation&quot;:&quot;slide&quot;,&quot;autoplay&quot;:false,&quot;loop_autoplay&quot;:&quot;once&quot;,&quot;interval&quot;:5,&quot;loop_manual&quot;:&quot;manual-endless&quot;,&quot;autoplay_stopper&quot;:false,&quot;noNavigation&quot;:false,&quot;bg_slider&quot;:false,&quot;keep_padding&quot;:false,&quot;hoverpause&quot;:false,&quot;show_slide_delay&quot;:0}\"  itemprop=\"image\" itemscope=\"itemscope\" itemtype=\"https:\/\/schema.org\/ImageObject\" ><ul class='avia-slideshow-inner ' style='padding-bottom: 18.588235294118%;'><li  class='avia-slideshow-slide av-2uab82-abf92806d32ef4d647cef2c430268a9e__0  av-single-slide slide-1 slide-odd'><div data-rel='slideshow-1' class='avia-slide-wrap '   ><div class='av-slideshow-caption av-2uab82-abf92806d32ef4d647cef2c430268a9e__0 caption_fullwidth caption_center caption_center_framed caption_framed'><div class=\"container caption_container\"><div class=\"slideshow_caption\"><div class=\"slideshow_inner_caption\"><div class=\"slideshow_align_caption\"><h2 class='avia-caption-title '  itemprop=\"name\" >Reservas de Hoteles en Iran<\/h2><div class='avia-caption-content '  itemprop=\"description\" ><p>Irandoostan<\/p>\n<\/div><\/div><\/div><\/div><\/div><\/div><img decoding=\"async\" class=\"wp-image-998 avia-img-lazy-loading-not-998\"  src=\"https:\/\/irandoostan.com\/es\/dostcont\/uploads\/2015\/12\/iran-hotel-reserve-02.jpg\" width=\"1700\" height=\"316\" title='iran-hotel-reserve-02' alt='reserva de hotel en ir\u00e1n'  itemprop=\"thumbnailUrl\" srcset=\"https:\/\/irandoostan.com\/es\/dostcont\/uploads\/2015\/12\/iran-hotel-reserve-02.jpg 1700w, https:\/\/irandoostan.com\/es\/dostcont\/uploads\/2015\/12\/iran-hotel-reserve-02-300x56.jpg 300w, https:\/\/irandoostan.com\/es\/dostcont\/uploads\/2015\/12\/iran-hotel-reserve-02-1030x191.jpg 1030w, https:\/\/irandoostan.com\/es\/dostcont\/uploads\/2015\/12\/iran-hotel-reserve-02-1500x279.jpg 1500w, https:\/\/irandoostan.com\/es\/dostcont\/uploads\/2015\/12\/iran-hotel-reserve-02-705x131.jpg 705w, https:\/\/irandoostan.com\/es\/dostcont\/uploads\/2015\/12\/iran-hotel-reserve-02-450x84.jpg 450w\" sizes=\"(max-width: 1700px) 100vw, 1700px\" \/><\/div><\/li><\/ul><\/div><\/div><div id='after_full_slider_1'  class='main_color av_default_container_wrap container_wrap sidebar_left'  ><div class='container av-section-cont-open' ><div class='template-page content  av-content-small units'><div class='post-entry post-entry-type-page post-entry-938'><div class='entry-content-wrapper clearfix'>\n\n<style type=\"text\/css\" data-created_by=\"avia_inline_auto\" id=\"style-css-av-2iemma-0ec8e2fc0ff2b3f75f805ace6e7b4df5\">\n.flex_column.av-2iemma-0ec8e2fc0ff2b3f75f805ace6e7b4df5{\nborder-radius:0px 0px 0px 0px;\npadding:0px 0px 0px 0px;\n}\n<\/style>\n<div  class='flex_column av-2iemma-0ec8e2fc0ff2b3f75f805ace6e7b4df5 av_two_third  avia-builder-el-1  el_after_av_slideshow_full  el_before_av_one_third  avia-builder-el-first  first flex_column_div av-zero-column-padding  '     ><section  class='av_textblock_section av-2h4qm2-772a6cec49eed82a9cc8d343c6fef3fe '   itemscope=\"itemscope\" itemtype=\"https:\/\/schema.org\/CreativeWork\" ><div class='avia_textblock'  itemprop=\"text\" ><p><strong>Hoteles en Ir\u00e1n:<\/strong><\/p>\n<p>Si desea hacer una reserva de hotel en Ir\u00e1n, usted est\u00e1 en el sitio adecuado. Podemos ayudarle a reservar la habitaci\u00f3n de hotel que desee. Hay una gran variedad de alojamientos disponibles para su estancia en Ir\u00e1n y usted puede elegir el que m\u00e1s se ajuste a sus expectativas. Hay hoteles normales clasificados en funci\u00f3n del n\u00famero de estrellas, pensiones para turistas (similares a los hoteles pero no categorizados mediante el sistema de estrellas), as\u00ed como casas y sitios tradicionales. Puede elegir cualquier alojamiento que sea de su agrado en todas las ciudades de Ir\u00e1n como Teher\u00e1n, Shiraz, Isfahan, Yazd, Tabriz, Mashhad, Kish, Ahwaz, Qom, Kashan, Bushehr, entre otras, y nosotros haremos la reserva por usted.<\/p>\n<p><em>Usted puede<\/em> escoger <em>entre<\/em> un <em>amplio abanico de<\/em> precios y servicios entre los hoteles de Ir\u00e1n; desde casas de hu\u00e9spedes y casas tradicionales hasta hoteles de 1 a 5 estrellas. En Ir\u00e1n no se recomienda alquilar una casa particular. Para su informaci\u00f3n, no existen albergues en el pa\u00eds.<\/p>\n<p><strong>Antes de reservar su hotel en Ir\u00e1n:<\/strong><\/p>\n<p>Desde 2014 ha aumentado el n\u00famero de turistas que visitan Ir\u00e1n, asi que esta mas dificil reservar un hotel. Durante la temporada alta los mejores hoteles se reservan con meses de antelaci\u00f3n. Debido al n\u00famero limitado de habitaciones, que no aumenta a la misma tasa a la que lo hace el n\u00famero de turistas, aseg\u00farese de buscar y reservar hotel tan pronto cuanto decida su itinerario. Puede solicitar solamente hoteles y nuestro personal puede solicitar un visado para usted en caso de que lo necesite.<\/p>\n<p>Dado que en Ir\u00e1n las reservas se hacen manualmente, se pueden producir errores. Aunque vea una opci\u00f3n de reserva online en una p\u00e1gina web, las reservas siguen haci\u00e9ndose manualmente a trav\u00e9s de operadores tur\u00edsticos. A fin a obtener los mejores precios, nuestra recomendaci\u00f3n es que tramite el visado y las reservas de hotel y otros servicios que requiera a trav\u00e9s de una agencia de viajes de confianza. Es la mejor forma de garantizar un coste mas en cuenta para su viaje a Ir\u00e1n. As\u00ed que le rogamos que reserve alojamiento a trav\u00e9s de una agencia de viajes de confianza.<\/p>\n<p>Aunque en Iran Doostan siempre confirmamos las reservas y disponemos de la documentaci\u00f3n pertinente, en algunas ocasiones nos hemos topado con errores en las reservas . En este tipo de casos, gracias a nuestra disponibilidad de 24 horas, siempre hemos conseguido solucionar el problema o reservar otro hotel para nuestro cliente en el tiempo m\u00ednimo.<\/p>\n<p>Iran Doostan Tours cuenta con m\u00e1s de dos d\u00e9cadas de experiencia trabajando con hoteles y atendiendo a las prioridades, comodidades y presupuestos para los turistas. Recomendamos a nuestros clientes las opciones que mejor se ajusten a sus prioridades. Podemos ayudarle a rellenar el formulario de reserva de hotel. Para otras consultas generales puede ponerse en contacto con nosotros mediante correo electr\u00f3nico a la direcci\u00f3n: <u><a href=\"mailto:info@irandoostan.com\">info@irandoostan.com<\/a>.<\/u><\/p>\n<\/div><\/section><\/div>\n<style type=\"text\/css\" data-created_by=\"avia_inline_auto\" id=\"style-css-av-27rm1e-1d00a46dce834c8cb4374c819d778878\">\n.flex_column.av-27rm1e-1d00a46dce834c8cb4374c819d778878{\nborder-radius:0px 0px 0px 0px;\npadding:0px 0px 0px 0px;\n}\n<\/style>\n<div  class='flex_column av-27rm1e-1d00a46dce834c8cb4374c819d778878 av_one_third  avia-builder-el-3  el_after_av_two_third  avia-builder-el-last  flex_column_div av-zero-column-padding  '     ><p>\n<style type=\"text\/css\" data-created_by=\"avia_inline_auto\" id=\"style-css-av-23zm7e-d8f9162b69e86dd64d7f2192ed1801eb\">\n#top .av-special-heading.av-23zm7e-d8f9162b69e86dd64d7f2192ed1801eb{\npadding-bottom:10px;\n}\nbody .av-special-heading.av-23zm7e-d8f9162b69e86dd64d7f2192ed1801eb .av-special-heading-tag .heading-char{\nfont-size:25px;\n}\n.av-special-heading.av-23zm7e-d8f9162b69e86dd64d7f2192ed1801eb .av-subheading{\nfont-size:15px;\n}\n<\/style>\n<div  class='av-special-heading av-23zm7e-d8f9162b69e86dd64d7f2192ed1801eb av-special-heading-h4  avia-builder-el-4  el_before_av_toggle_container  avia-builder-el-first '><h4 class='av-special-heading-tag'  itemprop=\"headline\"  >Hoteles en Iran<\/h4><div class=\"special-heading-border\"><div class=\"special-heading-inner-border\"><\/div><\/div><\/div><br \/>\n<div  class='togglecontainer av-1yenmy-e64a48c177ff58928faa5ade96d1e543  avia-builder-el-5  el_after_av_heading  el_before_av_hr  toggle_close_all' >\n<section class='av_toggle_section av-68dvu-15f52de94088b12005f6a9a0e760dee4'  itemscope=\"itemscope\" itemtype=\"https:\/\/schema.org\/CreativeWork\" ><div role=\"tablist\" class=\"single_toggle\" data-tags=\"{All} \"  ><p data-fake-id='#toggle-id-1' class='toggler   '  itemprop=\"headline\"  role='tab' tabindex='0' aria-controls='toggle-id-1'>Teheran<span class=\"toggle_icon\"><span class=\"vert_icon\"><\/span><span class=\"hor_icon\"><\/span><\/span><\/p><div id='toggle-id-1' class='toggle_wrap  '  ><div class='toggle_content invers-color '  itemprop=\"text\" ><blockquote>\n<h3>Hoteles de 5 estrellas en Teher\u00e1n<\/h3>\n<\/blockquote>\n<ul>\n<li><a href=\"https:\/\/espinashotels.com\/\" target=\"_blank\" rel=\"noopener\">Spinas Palace<\/a><\/li>\n<li><a href=\"https:\/\/international.espinashotels.com\/\" target=\"_blank\" rel=\"noopener\">Spinas International Hotel<\/a><\/li>\n<li><a href=\"http:\/\/azadihotel.com\/page\/en\" target=\"_blank\" rel=\"noopener\">Parsian Azadi International Hotel<\/a><\/li>\n<\/ul>\n<blockquote>\n<h3>Hoteles de 4 estrellas en Teher\u00e1n<\/h3>\n<\/blockquote>\n<ul>\n<li><a href=\"https:\/\/tehrangrandhotel.com\/\" target=\"_blank\" rel=\"noopener\">Tehran Grand Hotel<\/a><\/li>\n<li>Persian Enghelab Hotel<\/li>\n<li><a href=\"https:\/\/www.ferdowsihotel.com\/en\" target=\"_blank\" rel=\"noopener\">Ferdowsi International Grand Hotel<\/a><\/li>\n<\/ul>\n<blockquote>\n<h3>Hoteles de 3 estrellas en Teher\u00e1n<\/h3>\n<\/blockquote>\n<ul>\n<li><a href=\"https:\/\/www.hrs.com\/en\/hotel\/aramis-hotel\/a-775368\/\" target=\"_blank\" rel=\"noopener\">Aramis Hotel<\/a><\/li>\n<li><a href=\"https:\/\/hotelmashad.ir\/en\/\" target=\"_blank\" rel=\"noopener\">Mashhad Hotel<\/a><\/li>\n<\/ul>\n<\/div><\/div><\/div><\/section>\n<section class='av_toggle_section av-1klcuy-fac51307c5e4fe6837809f1135d7ee80'  itemscope=\"itemscope\" itemtype=\"https:\/\/schema.org\/CreativeWork\" ><div role=\"tablist\" class=\"single_toggle\" data-tags=\"{All} \"  ><p data-fake-id='#toggle-id-2' class='toggler   '  itemprop=\"headline\"  role='tab' tabindex='0' aria-controls='toggle-id-2'>Shiraz<span class=\"toggle_icon\"><span class=\"vert_icon\"><\/span><span class=\"hor_icon\"><\/span><\/span><\/p><div id='toggle-id-2' class='toggle_wrap  '  ><div class='toggle_content invers-color '  itemprop=\"text\" ><blockquote>\n<h3>Hoteles de 5 estrellas en Shiraz<\/h3>\n<\/blockquote>\n<ul>\n<li><a href=\"http:\/\/en.shiraz-hotel.com\/\" target=\"_blank\" rel=\"noopener\">Shiraz Grand Hotel<\/a><\/li>\n<li>Chamran<\/li>\n<li>Pars International Hotel<\/li>\n<li>Zandie Hotel<\/li>\n<\/ul>\n<blockquote>\n<h3>Hoteles de 4 estrellas en Shiraz<\/h3>\n<\/blockquote>\n<ul>\n<li><a href=\"https:\/\/elysee.ir\/en\/\" target=\"_blank\" rel=\"noopener\">Elysee Hotel<\/a><\/li>\n<li>Parseh International Hotel<\/li>\n<li>Shirazis<\/li>\n<\/ul>\n<blockquote>\n<h3>Hoteles 3 estrellas en Shiraz<\/h3>\n<\/blockquote>\n<ul>\n<li><a href=\"https:\/\/aryohotel.com\/eng\/\" target=\"_blank\" rel=\"noopener\">Ario Barzan Hotel<\/a><\/li>\n<li><a href=\"https:\/\/karimkhanhotel.com\/en\/\" target=\"_blank\" rel=\"noopener\">Karim Kahn Hotel<\/a><\/li>\n<\/ul>\n<\/div><\/div><\/div><\/section>\n<section class='av_toggle_section av-1cnjia-9332f2caa50ee6713a7b14d7db0febbb'  itemscope=\"itemscope\" itemtype=\"https:\/\/schema.org\/CreativeWork\" ><div role=\"tablist\" class=\"single_toggle\" data-tags=\"{All} \"  ><p data-fake-id='#toggle-id-3' class='toggler   '  itemprop=\"headline\"  role='tab' tabindex='0' aria-controls='toggle-id-3'>Isfahan<span class=\"toggle_icon\"><span class=\"vert_icon\"><\/span><span class=\"hor_icon\"><\/span><\/span><\/p><div id='toggle-id-3' class='toggle_wrap  '  ><div class='toggle_content invers-color '  itemprop=\"text\" ><blockquote>\n<h3>Hoteles de 5 estrellas en Isfah\u00e1n<\/h3>\n<\/blockquote>\n<ul>\n<li><a href=\"http:\/\/www.abbasihotel.ir\/en\" target=\"_blank\" rel=\"noopener\">Abbasi Hotel<\/a><\/li>\n<li><a href=\"https:\/\/www.hotelkowsar.com\/en\/\" target=\"_blank\" rel=\"noopener\">Isfahan Parsian Kowsar<\/a><\/li>\n<\/ul>\n<blockquote>\n<h3>Hoteles de 4 estrellas en Isfah\u00e1n<\/h3>\n<\/blockquote>\n<ul>\n<li><a href=\"https:\/\/piroozyhotel.com\/?lang=en\" target=\"_blank\" rel=\"noopener\">Piroozy Hotel<\/a><\/li>\n<li><a href=\"https:\/\/asemanhotel.com\/\" target=\"_blank\" rel=\"noopener\">Aseman Hotel\u00a0<\/a><\/li>\n<li>Avin Hotel<\/li>\n<\/ul>\n<blockquote>\n<h3>Hoteles de 3 estrellas en Isfah\u00e1n<\/h3>\n<\/blockquote>\n<ul>\n<li><a href=\"https:\/\/setarehhotel.com\/\" target=\"_blank\" rel=\"noopener\">Setareh Hotel\u00a0<\/a><\/li>\n<li><a href=\"https:\/\/sheykhbahaeihotel.com\/en\/\" target=\"_blank\" rel=\"noopener\">Sheykh Bahaei Hotel\u00a0<\/a><\/li>\n<\/ul>\n<\/div><\/div><\/div><\/section>\n<section class='av_toggle_section av-18t1ea-f50f04dee6e2408aa95c00fafed7799f'  itemscope=\"itemscope\" itemtype=\"https:\/\/schema.org\/CreativeWork\" ><div role=\"tablist\" class=\"single_toggle\" data-tags=\"{All} \"  ><p data-fake-id='#toggle-id-4' class='toggler   '  itemprop=\"headline\"  role='tab' tabindex='0' aria-controls='toggle-id-4'>Yazd<span class=\"toggle_icon\"><span class=\"vert_icon\"><\/span><span class=\"hor_icon\"><\/span><\/span><\/p><div id='toggle-id-4' class='toggle_wrap  '  ><div class='toggle_content invers-color '  itemprop=\"text\" ><blockquote>\n<h3>Hoteles de 5 estrellas en Yazd<\/h3>\n<\/blockquote>\n<ul>\n<li><a href=\"https:\/\/safaiyeh.pih.ir\/page\/new-english\" target=\"_blank\" rel=\"noopener\">Parsian Safaiyeh Hotel\u00a0<\/a><\/li>\n<\/ul>\n<blockquote>\n<h3>Hoteles de 4 estrellas en Yazd<\/h3>\n<\/blockquote>\n<ul>\n<li><a href=\"https:\/\/dadhotel.com\/en\/\" target=\"_blank\" rel=\"noopener\">Dad Hotel<\/a><\/li>\n<li><a href=\"http:\/\/hotelgardenmoshir.com\/en\" target=\"_blank\" rel=\"noopener\">Moshir al-Mamalek Grand Hotel<\/a><\/li>\n<\/ul>\n<\/div><\/div><\/div><\/section>\n<section class='av_toggle_section av-14dehe-5d0de862007f8c094dcba4f5a358fb02'  itemscope=\"itemscope\" itemtype=\"https:\/\/schema.org\/CreativeWork\" ><div role=\"tablist\" class=\"single_toggle\" data-tags=\"{All} \"  ><p data-fake-id='#toggle-id-5' class='toggler   '  itemprop=\"headline\"  role='tab' tabindex='0' aria-controls='toggle-id-5'>Kerman<span class=\"toggle_icon\"><span class=\"vert_icon\"><\/span><span class=\"hor_icon\"><\/span><\/span><\/p><div id='toggle-id-5' class='toggle_wrap  '  ><div class='toggle_content invers-color '  itemprop=\"text\" ><blockquote>\n<h3>Hoteles de 5 estrellas en Kerm\u00e1n<\/h3>\n<\/blockquote>\n<ul>\n<li><a href=\"http:\/\/www.pars-hotels.com\/en\/kerman-pars-hotel\" target=\"_blank\" rel=\"noopener\">Kerman Pars Hotel<\/a><\/li>\n<\/ul>\n<blockquote>\n<h3>Hoteles de 4 estrellas en Kerm\u00e1n<\/h3>\n<\/blockquote>\n<ul>\n<li>Tourists Inn<\/li>\n<\/ul>\n<\/div><\/div><\/div><\/section>\n<\/div><br \/>\n\n<style type=\"text\/css\" data-created_by=\"avia_inline_auto\" id=\"style-css-av-zl0gq-7101756b2e8c993543060458f7b97ec7\">\n#top .hr.hr-invisible.av-zl0gq-7101756b2e8c993543060458f7b97ec7{\nheight:50px;\n}\n<\/style>\n<div  class='hr av-zl0gq-7101756b2e8c993543060458f7b97ec7 hr-invisible  avia-builder-el-6  el_after_av_toggle_container  el_before_av_heading '><span class='hr-inner '><span class=\"hr-inner-style\"><\/span><\/span><\/div><br \/>\n\n<style type=\"text\/css\" data-created_by=\"avia_inline_auto\" id=\"style-css-av-qxk9u-0ce242c05ca2a3cf988973cb846ba248\">\n#top .av-special-heading.av-qxk9u-0ce242c05ca2a3cf988973cb846ba248{\npadding-bottom:10px;\n}\nbody .av-special-heading.av-qxk9u-0ce242c05ca2a3cf988973cb846ba248 .av-special-heading-tag .heading-char{\nfont-size:25px;\n}\n.av-special-heading.av-qxk9u-0ce242c05ca2a3cf988973cb846ba248 .av-subheading{\nfont-size:15px;\n}\n<\/style>\n<div  class='av-special-heading av-qxk9u-0ce242c05ca2a3cf988973cb846ba248 av-special-heading-h4  avia-builder-el-7  el_after_av_hr  el_before_av_catalogue '><h4 class='av-special-heading-tag'  itemprop=\"headline\"  >Servicios Relacionados<\/h4><div class=\"special-heading-border\"><div class=\"special-heading-inner-border\"><\/div><\/div><\/div><br \/>\n<div  class='av-catalogue-container av-kopd6-10e7edfb737a623c2550743c5fd97ef5  avia-builder-el-8  el_after_av_heading  avia-builder-el-last '><ul class='av-catalogue-list'>\n<li><a href=\"https:\/\/irandoostan.com\/es\/visado-para-visitar-iran\/\"  class='av-catalogue-item av-d0elu-d071026c23f8da33613b5d5e601a797b' ><img decoding=\"async\" loading=\"lazy\" width=\"180\" height=\"180\" src=\"https:\/\/irandoostan.com\/es\/dostcont\/uploads\/2015\/12\/iran-visa-180x180.jpg\" title='iran-visa' alt='pasaporte' class='wp-image-954 avia-img-lazy-loading-954 av-catalogue-image' srcset=\"https:\/\/irandoostan.com\/es\/dostcont\/uploads\/2015\/12\/iran-visa-180x180.jpg 180w, https:\/\/irandoostan.com\/es\/dostcont\/uploads\/2015\/12\/iran-visa-80x80.jpg 80w, https:\/\/irandoostan.com\/es\/dostcont\/uploads\/2015\/12\/iran-visa-36x36.jpg 36w, https:\/\/irandoostan.com\/es\/dostcont\/uploads\/2015\/12\/iran-visa-120x120.jpg 120w, https:\/\/irandoostan.com\/es\/dostcont\/uploads\/2015\/12\/iran-visa.jpg 200w\" sizes=\"(max-width: 180px) 100vw, 180px\" \/><div class=\"av-catalogue-item-inner\"><div class=\"av-catalogue-title-container\"><div class='av-catalogue-title'>Visado para Iran<\/div><div class='av-catalogue-price'><\/div><\/div><div class=\"av-catalogue-content\">\nComo sacar un visado para visitar Iran?<br \/>\n<\/div><\/div><\/a><\/li>\n<li><a href=\"https:\/\/irandoostan.com\/es\/servicios-de-transporte-en-iran\/\"  class='av-catalogue-item av-8cqca-9e05deaf6a3876c5ee5bfcb304c13e25' ><img decoding=\"async\" loading=\"lazy\" width=\"180\" height=\"180\" src=\"https:\/\/irandoostan.com\/es\/dostcont\/uploads\/2015\/12\/transfer-180x180.jpg\" title='transfer' alt='transferir' class='wp-image-957 avia-img-lazy-loading-957 av-catalogue-image' srcset=\"https:\/\/irandoostan.com\/es\/dostcont\/uploads\/2015\/12\/transfer-180x180.jpg 180w, https:\/\/irandoostan.com\/es\/dostcont\/uploads\/2015\/12\/transfer-80x80.jpg 80w, https:\/\/irandoostan.com\/es\/dostcont\/uploads\/2015\/12\/transfer-36x36.jpg 36w, https:\/\/irandoostan.com\/es\/dostcont\/uploads\/2015\/12\/transfer-120x120.jpg 120w, https:\/\/irandoostan.com\/es\/dostcont\/uploads\/2015\/12\/transfer.jpg 300w\" sizes=\"(max-width: 180px) 100vw, 180px\" \/><div class=\"av-catalogue-item-inner\"><div class=\"av-catalogue-title-container\"><div class='av-catalogue-title'>Traslados<\/div><div class='av-catalogue-price'><\/div><\/div><div class=\"av-catalogue-content\">\nTransferencias en Iran<br \/>\n<\/div><\/div><\/a><\/li>\n<\/ul><\/div><\/p><\/div><\/p>\n","protected":false},"excerpt":{"rendered":"","protected":false},"author":2,"featured_media":0,"parent":0,"menu_order":0,"comment_status":"closed","ping_status":"closed","template":"","meta":{"footnotes":""},"_links":{"self":[{"href":"https:\/\/irandoostan.com\/es\/wp-json\/wp\/v2\/pages\/938"}],"collection":[{"href":"https:\/\/irandoostan.com\/es\/wp-json\/wp\/v2\/pages"}],"about":[{"href":"https:\/\/irandoostan.com\/es\/wp-json\/wp\/v2\/types\/page"}],"author":[{"embeddable":true,"href":"https:\/\/irandoostan.com\/es\/wp-json\/wp\/v2\/users\/2"}],"replies":[{"embeddable":true,"href":"https:\/\/irandoostan.com\/es\/wp-json\/wp\/v2\/comments?post=938"}],"version-history":[{"count":3,"href":"https:\/\/irandoostan.com\/es\/wp-json\/wp\/v2\/pages\/938\/revisions"}],"predecessor-version":[{"id":3861,"href":"https:\/\/irandoostan.com\/es\/wp-json\/wp\/v2\/pages\/938\/revisions\/3861"}],"wp:attachment":[{"href":"https:\/\/irandoostan.com\/es\/wp-json\/wp\/v2\/media?parent=938"}],"curies":[{"name":"wp","href":"https:\/\/api.w.org\/{rel}","templated":true}]}}