{"id":835,"date":"2015-11-29T19:29:02","date_gmt":"2015-11-29T19:29:02","guid":{"rendered":"https:\/\/irandoostan.com\/es\/?page_id=835"},"modified":"2024-01-08T11:53:29","modified_gmt":"2024-01-08T11:53:29","slug":"hoteles-de-cadena-mundial","status":"publish","type":"page","link":"https:\/\/irandoostan.com\/es\/hoteles-de-cadena-mundial\/","title":{"rendered":"Hoteles de Cadena Mundial"},"content":{"rendered":"<div id='full_slider_1'  class='avia-fullwidth-slider main_color avia-shadow   avia-builder-el-0  el_before_av_heading  avia-builder-el-first   container_wrap sidebar_left'  ><div  class='avia-slideshow av-wpeg3-fec120420e5ebd34a97b684d716bdcba avia-slideshow-featured av_slideshow_full avia-slide-slider av-slideshow-ui av-control-default av-slideshow-manual av-loop-once av-loop-manual-endless av-default-height-applied   avia-slideshow-1' data-slideshow-options=\"{&quot;animation&quot;:&quot;slide&quot;,&quot;autoplay&quot;:false,&quot;loop_autoplay&quot;:&quot;once&quot;,&quot;interval&quot;:5,&quot;loop_manual&quot;:&quot;manual-endless&quot;,&quot;autoplay_stopper&quot;:false,&quot;noNavigation&quot;:false,&quot;bg_slider&quot;:false,&quot;keep_padding&quot;:false,&quot;hoverpause&quot;:false,&quot;show_slide_delay&quot;:0}\"  itemprop=\"image\" itemscope=\"itemscope\" itemtype=\"https:\/\/schema.org\/ImageObject\" ><ul class='avia-slideshow-inner ' style='padding-bottom: 19.666666666667%;'><li  class='avia-slideshow-slide av-wpeg3-fec120420e5ebd34a97b684d716bdcba__0  av-single-slide slide-1 slide-odd'><div data-rel='slideshow-1' class='avia-slide-wrap '   ><div class='av-slideshow-caption av-wpeg3-fec120420e5ebd34a97b684d716bdcba__0 caption_fullwidth caption_center caption_center_framed caption_framed'><div class=\"container caption_container\"><div class=\"slideshow_caption\"><div class=\"slideshow_inner_caption\"><div class=\"slideshow_align_caption\"><h2 class='avia-caption-title '  itemprop=\"name\" >HOTELES DE CADENA MUNDIAL<\/h2><div class='avia-caption-content '  itemprop=\"description\" ><p>Bienvenido a los Hoteles de Cadena Mundial<\/p>\n<\/div><\/div><\/div><\/div><\/div><\/div><img decoding=\"async\" class=\"wp-image-1271 avia-img-lazy-loading-not-1271\"  src=\"https:\/\/irandoostan.com\/es\/dostcont\/uploads\/2015\/11\/iran-travel-hotel-1500x295.jpg\" width=\"1500\" height=\"295\" title='iran-travel-hotel' alt='Hoteles de Cadena Mundial'  itemprop=\"thumbnailUrl\" srcset=\"https:\/\/irandoostan.com\/es\/dostcont\/uploads\/2015\/11\/iran-travel-hotel.jpg 1500w, https:\/\/irandoostan.com\/es\/dostcont\/uploads\/2015\/11\/iran-travel-hotel-300x59.jpg 300w, https:\/\/irandoostan.com\/es\/dostcont\/uploads\/2015\/11\/iran-travel-hotel-768x151.jpg 768w, https:\/\/irandoostan.com\/es\/dostcont\/uploads\/2015\/11\/iran-travel-hotel-1030x203.jpg 1030w, https:\/\/irandoostan.com\/es\/dostcont\/uploads\/2015\/11\/iran-travel-hotel-705x139.jpg 705w, https:\/\/irandoostan.com\/es\/dostcont\/uploads\/2015\/11\/iran-travel-hotel-450x89.jpg 450w\" sizes=\"(max-width: 1500px) 100vw, 1500px\" \/><\/div><\/li><\/ul><\/div><\/div><div id='after_full_slider_1'  class='main_color av_default_container_wrap container_wrap sidebar_left'  ><div class='container av-section-cont-open' ><div class='template-page content  av-content-small units'><div class='post-entry post-entry-type-page post-entry-835'><div class='entry-content-wrapper clearfix'>\n\n<style type=\"text\/css\" data-created_by=\"avia_inline_auto\" id=\"style-css-av-kh1tn-b8476c23fe6857ac9e5d494f5de8eb8d\">\n#top .av-special-heading.av-kh1tn-b8476c23fe6857ac9e5d494f5de8eb8d{\npadding-bottom:10px;\n}\nbody .av-special-heading.av-kh1tn-b8476c23fe6857ac9e5d494f5de8eb8d .av-special-heading-tag .heading-char{\nfont-size:25px;\n}\n.av-special-heading.av-kh1tn-b8476c23fe6857ac9e5d494f5de8eb8d .av-subheading{\nfont-size:15px;\n}\n<\/style>\n<div  class='av-special-heading av-kh1tn-b8476c23fe6857ac9e5d494f5de8eb8d av-special-heading-h2 blockquote modern-quote modern-centered  avia-builder-el-1  el_after_av_slideshow_full  el_before_av_one_full  avia-builder-el-first '><h2 class='av-special-heading-tag'  itemprop=\"headline\"  >Hoteles de Cadena Mundial<\/h2><div class='av-subheading av-subheading_below'><p>Bienvenido a World Net Hotels<\/p>\n<\/div><div class=\"special-heading-border\"><div class=\"special-heading-inner-border\"><\/div><\/div><\/div>\n\n<style type=\"text\/css\" data-created_by=\"avia_inline_auto\" id=\"style-css-av-ggw0b-8eb8ae9fac5acf3612e42a1e413324f4\">\n.flex_column.av-ggw0b-8eb8ae9fac5acf3612e42a1e413324f4{\nborder-radius:0px 0px 0px 0px;\npadding:0px 0px 0px 0px;\n}\n<\/style>\n<div  class='flex_column av-ggw0b-8eb8ae9fac5acf3612e42a1e413324f4 av_one_full  avia-builder-el-2  el_after_av_heading  avia-builder-el-last  first flex_column_div av-zero-column-padding  '     ><section  class='av_textblock_section av-7g8ib-e4b03a561a0b7c72d8ed8fcba53205cb '   itemscope=\"itemscope\" itemtype=\"https:\/\/schema.org\/CreativeWork\" ><div class='avia_textblock'  itemprop=\"text\" ><p style=\"text-align: justify;\">World Net Hotels es el mayorista de reservas de hotel l\u00edder en el sector, especializado en alojamiento hotelero de calidad a precios reducidos. Trabajamos con m\u00e1s de 100\u00a0000 hoteles en cerca de 90 pa\u00edses, situados tanto en ciudades como en complejos costeros. Ofrecemos un amplio abanico de opciones de alojamiento: pr\u00e1cticos hoteles cerca al los aeropuertos, habitaciones econ\u00f3micas en hoteles de 2 y 3 estrellas y alojamiento de lujo en hoteles de 4 y 5 estrellas. Nuestro cat\u00e1logo de servicios incluye la gesti\u00f3n de reservas de hotel para viajeros independientes, traslados, excursiones y visitas tur\u00edsticas, traslado de equipajes, grupos y clientes vip.<\/p>\n<p style=\"text-align: justify;\">Nuestro sistema web es sofisticado, f\u00e1cil de usar y pionero en el uso de la tecnolog\u00eda m\u00e1s avanzada, para garantizar la m\u00e1xima eficiencia. En la actualidad World Net Hotels posee oficinas en los pa\u00edses siguientes: L\u00edbano &#8211;\u00a0Ir\u00e1n &#8211; Arabia Saud\u00ed &#8211; Kuwait &#8211; Suiza &#8211; Turqu\u00eda &#8211; Jordania &#8211; Siria &#8211; Egipto &#8211; Qatar &#8211; Irak &#8211; Bulgaria &#8211; Tailandia &#8211; Camboya &#8211; Dub\u00e1i &#8211; Malasia &#8211; Indonesia &#8211; Sud\u00e1n &#8211; Etiop\u00eda &#8211; Armenia.<\/p>\n<\/div><\/section><\/div>\n","protected":false},"excerpt":{"rendered":"","protected":false},"author":2,"featured_media":0,"parent":0,"menu_order":0,"comment_status":"closed","ping_status":"closed","template":"","meta":{"footnotes":""},"_links":{"self":[{"href":"https:\/\/irandoostan.com\/es\/wp-json\/wp\/v2\/pages\/835"}],"collection":[{"href":"https:\/\/irandoostan.com\/es\/wp-json\/wp\/v2\/pages"}],"about":[{"href":"https:\/\/irandoostan.com\/es\/wp-json\/wp\/v2\/types\/page"}],"author":[{"embeddable":true,"href":"https:\/\/irandoostan.com\/es\/wp-json\/wp\/v2\/users\/2"}],"replies":[{"embeddable":true,"href":"https:\/\/irandoostan.com\/es\/wp-json\/wp\/v2\/comments?post=835"}],"version-history":[{"count":2,"href":"https:\/\/irandoostan.com\/es\/wp-json\/wp\/v2\/pages\/835\/revisions"}],"predecessor-version":[{"id":3859,"href":"https:\/\/irandoostan.com\/es\/wp-json\/wp\/v2\/pages\/835\/revisions\/3859"}],"wp:attachment":[{"href":"https:\/\/irandoostan.com\/es\/wp-json\/wp\/v2\/media?parent=835"}],"curies":[{"name":"wp","href":"https:\/\/api.w.org\/{rel}","templated":true}]}}