{"id":833,"date":"2015-11-29T19:28:38","date_gmt":"2015-11-29T19:28:38","guid":{"rendered":"https:\/\/irandoostan.com\/es\/?page_id=833"},"modified":"2017-05-12T15:01:23","modified_gmt":"2017-05-12T15:01:23","slug":"campamento-ecologico-matinabad","status":"publish","type":"page","link":"https:\/\/irandoostan.com\/es\/campamento-ecologico-matinabad\/","title":{"rendered":"Campamento Ecol\u00f3gico Matinabad"},"content":{"rendered":"<div id='full_slider_1'  class='avia-fullwidth-slider main_color avia-shadow   avia-builder-el-0  el_before_av_heading  avia-builder-el-first   container_wrap sidebar_left'  ><div  class='avia-slideshow av-av_slideshow_full-4f3ef5c0d0c5e5a45e27d5f99336c2be avia-slideshow-featured av_slideshow_full avia-slide-slider av-slideshow-ui av-control-default av-slideshow-manual av-loop-once av-loop-manual-endless av-default-height-applied   avia-slideshow-1' data-slideshow-options=\"{&quot;animation&quot;:&quot;slide&quot;,&quot;autoplay&quot;:false,&quot;loop_autoplay&quot;:&quot;once&quot;,&quot;interval&quot;:5,&quot;loop_manual&quot;:&quot;manual-endless&quot;,&quot;autoplay_stopper&quot;:false,&quot;noNavigation&quot;:false,&quot;bg_slider&quot;:false,&quot;keep_padding&quot;:false,&quot;hoverpause&quot;:false,&quot;show_slide_delay&quot;:0}\"  itemprop=\"image\" itemscope=\"itemscope\" itemtype=\"https:\/\/schema.org\/ImageObject\" ><ul class='avia-slideshow-inner ' style='padding-bottom: 18.666666666667%;'><li  class='avia-slideshow-slide av-av_slideshow_full-4f3ef5c0d0c5e5a45e27d5f99336c2be__0  av-single-slide slide-1 slide-odd'><div data-rel='slideshow-1' class='avia-slide-wrap '   ><div class='av-slideshow-caption av-av_slideshow_full-4f3ef5c0d0c5e5a45e27d5f99336c2be__0 caption_fullwidth caption_center caption_center_framed caption_framed'><div class=\"container caption_container\"><div class=\"slideshow_caption\"><div class=\"slideshow_inner_caption\"><div class=\"slideshow_align_caption\"><h2 class='avia-caption-title '  itemprop=\"name\" >EL PRIMER DESTINO DE AVENTURA ECOLOGICO DE IRAN<\/h2><div class='avia-caption-content '  itemprop=\"description\" ><p>CAMPAMENTO ECOLOGICO EN EL DESIERTO DE MATIABAD<\/p>\n<\/div><\/div><\/div><\/div><\/div><\/div><img decoding=\"async\" class=\"wp-image-1096 avia-img-lazy-loading-not-1096\"  src=\"https:\/\/irandoostan.com\/es\/dostcont\/uploads\/2015\/11\/iran-tour-matin-abad-05-1500x280.jpg\" width=\"1500\" height=\"280\" title='campamento-ecologico-matinabad' alt='campamento-ecologico-matinabad'  itemprop=\"thumbnailUrl\"   \/><\/div><\/li><\/ul><\/div><\/div><div id='after_full_slider_1'  class='main_color av_default_container_wrap container_wrap sidebar_left'  ><div class='container av-section-cont-open' ><div class='template-page content  av-content-small units'><div class='post-entry post-entry-type-page post-entry-833'><div class='entry-content-wrapper clearfix'>\n\n<style type=\"text\/css\" data-created_by=\"avia_inline_auto\" id=\"style-css-av-av_heading-9cde4ad7f337497708c886a73aa7975e\">\n#top .av-special-heading.av-av_heading-9cde4ad7f337497708c886a73aa7975e{\npadding-bottom:10px;\n}\nbody .av-special-heading.av-av_heading-9cde4ad7f337497708c886a73aa7975e .av-special-heading-tag .heading-char{\nfont-size:25px;\n}\n.av-special-heading.av-av_heading-9cde4ad7f337497708c886a73aa7975e .av-subheading{\nfont-size:15px;\n}\n<\/style>\n<div  class='av-special-heading av-av_heading-9cde4ad7f337497708c886a73aa7975e av-special-heading-h2  avia-builder-el-1  el_after_av_slideshow_full  el_before_av_one_full  avia-builder-el-first '><h2 class='av-special-heading-tag'  itemprop=\"headline\"  >Campamento Ecol\u00f3gico Matinabad<\/h2><div class=\"special-heading-border\"><div class=\"special-heading-inner-border\"><\/div><\/div><\/div>\n\n<style type=\"text\/css\" data-created_by=\"avia_inline_auto\" id=\"style-css-av-av_one_full-352b07ef7d3bc99b2e9f92e7a9e06bdb\">\n.flex_column.av-av_one_full-352b07ef7d3bc99b2e9f92e7a9e06bdb{\nborder-radius:0px 0px 0px 0px;\npadding:0px 0px 0px 0px;\n}\n<\/style>\n<div  class='flex_column av-av_one_full-352b07ef7d3bc99b2e9f92e7a9e06bdb av_one_full  avia-builder-el-2  el_after_av_heading  el_before_av_one_fourth  first flex_column_div av-zero-column-padding  '     ><section  class='av_textblock_section av-av_textblock-0366cc7376be6c9e82a3e9cc8987b64f '   itemscope=\"itemscope\" itemtype=\"https:\/\/schema.org\/CreativeWork\" ><div class='avia_textblock'  itemprop=\"text\" ><p style=\"text-align: justify;\">El campamento ecol\u00f3gico y granja org\u00e1nica en el desierto <a href=\"http:\/\/www.matinabad.com\">Matinabad<\/a> fueron fundados en 2008 por un grupo de naturalistas y expertos en turismo. Las premisas b\u00e1sicas al establecer el campamento Matinabad eran mantener, promover y contribuir al respeto, la consideraci\u00f3n y la puesta en pr\u00e1ctica del c\u00f3digo \u00e9tico de las organizaciones internacionales de turismo y ecoturismo, con la finalidad de aproximarse a modelos de responsabilidad social corporativa y responsabilidad social empresarial y de este modo instaurar el turismo sostenible en Ir\u00e1n.<\/p>\n<p style=\"text-align: justify;\">Se encuentra ubicado cerca del desierto de Dasht -e- Kavir, con el lago de sal y el parque nacional m\u00e1s grande de Ir\u00e1n a un lado y las monta\u00f1as m\u00e1s altas de la cordillera del Karkas al otro.<\/p>\n<p style=\"text-align: justify;\">Como primer campamento ecol\u00f3gico de Ir\u00e1n, ofrecemos aventuras inolvidables en contacto con la poblaci\u00f3n local y la naturaleza del desierto. En el campamento es posible realizar multitud de actividades, como hornear pan, cocinar con las mujeres locales, cultivar alimentos en nuestra granja e invernaderos org\u00e1nicos, hacer excursiones en camello o a pie, hacer recorridos en bicicleta a trav\u00e9s de los paisajes de dunas y gargantas entre monta\u00f1as, dar paseos por el desierto, hacer cortas expediciones en veh\u00edculos o bicicletas \u00a0y contemplar el espectacular cielo estrellado nocturno.<\/p>\n<\/div><\/section><\/div>\n\n<style type=\"text\/css\" data-created_by=\"avia_inline_auto\" id=\"style-css-av-av_one_fourth-352b07ef7d3bc99b2e9f92e7a9e06bdb\">\n.flex_column.av-av_one_fourth-352b07ef7d3bc99b2e9f92e7a9e06bdb{\nborder-radius:0px 0px 0px 0px;\npadding:0px 0px 0px 0px;\n}\n<\/style>\n<div  class='flex_column av-av_one_fourth-352b07ef7d3bc99b2e9f92e7a9e06bdb av_one_fourth  avia-builder-el-4  el_after_av_one_full  el_before_av_three_fourth  first flex_column_div av-zero-column-padding  column-top-margin'     ><style type=\"text\/css\" data-created_by=\"avia_inline_auto\" id=\"style-css-av-av_image-ef1e0fd76b461b018eb80b04d770e63b\">\n.avia-image-container.av-av_image-ef1e0fd76b461b018eb80b04d770e63b img.avia_image{\nbox-shadow:none;\n}\n.avia-image-container.av-av_image-ef1e0fd76b461b018eb80b04d770e63b .av-image-caption-overlay-center{\ncolor:#ffffff;\n}\n<\/style>\n<div  class='avia-image-container av-av_image-ef1e0fd76b461b018eb80b04d770e63b av-styling-circle avia_animated_image av-animated-when-visible-95 pop-up avia-align-center  avia-builder-el-5  avia-builder-el-no-sibling '   itemprop=\"image\" itemscope=\"itemscope\" itemtype=\"https:\/\/schema.org\/ImageObject\" ><div class=\"avia-image-container-inner\"><div class=\"avia-image-overlay-wrap\"><img decoding=\"async\" class='wp-image-1094 avia-img-lazy-loading-not-1094 avia_image ' src=\"https:\/\/irandoostan.com\/es\/dostcont\/uploads\/2015\/11\/iran-tours-matin-abad-03.jpg\" alt='Matinabad' title='iran-tours-matin-abad-03'  height=\"300\" width=\"300\"  itemprop=\"thumbnailUrl\" srcset=\"https:\/\/irandoostan.com\/es\/dostcont\/uploads\/2015\/11\/iran-tours-matin-abad-03.jpg 300w, https:\/\/irandoostan.com\/es\/dostcont\/uploads\/2015\/11\/iran-tours-matin-abad-03-80x80.jpg 80w, https:\/\/irandoostan.com\/es\/dostcont\/uploads\/2015\/11\/iran-tours-matin-abad-03-36x36.jpg 36w, https:\/\/irandoostan.com\/es\/dostcont\/uploads\/2015\/11\/iran-tours-matin-abad-03-180x180.jpg 180w, https:\/\/irandoostan.com\/es\/dostcont\/uploads\/2015\/11\/iran-tours-matin-abad-03-120x120.jpg 120w\" sizes=\"(max-width: 300px) 100vw, 300px\" \/><\/div><\/div><\/div><\/div>\n\n<style type=\"text\/css\" data-created_by=\"avia_inline_auto\" id=\"style-css-av-av_three_fourth-2a64de42b738552fe666ca889af77e28\">\n.flex_column.av-av_three_fourth-2a64de42b738552fe666ca889af77e28{\nborder-radius:0px 0px 0px 0px;\npadding:0px 0px 0px 0px;\n}\n<\/style>\n<div  class='flex_column av-av_three_fourth-2a64de42b738552fe666ca889af77e28 av_three_fourth  avia-builder-el-6  el_after_av_one_fourth  el_before_av_three_fourth  flex_column_div av-zero-column-padding  column-top-margin'     ><p>\n<style type=\"text\/css\" data-created_by=\"avia_inline_auto\" id=\"style-css-av-av_heading-f69e2a628198c70ff25827f01b32e4a6\">\n#top .av-special-heading.av-av_heading-f69e2a628198c70ff25827f01b32e4a6{\npadding-bottom:10px;\n}\nbody .av-special-heading.av-av_heading-f69e2a628198c70ff25827f01b32e4a6 .av-special-heading-tag .heading-char{\nfont-size:25px;\n}\n.av-special-heading.av-av_heading-f69e2a628198c70ff25827f01b32e4a6 .av-subheading{\nfont-size:15px;\n}\n<\/style>\n<div  class='av-special-heading av-av_heading-f69e2a628198c70ff25827f01b32e4a6 av-special-heading-h3  avia-builder-el-7  el_before_av_textblock  avia-builder-el-first '><h3 class='av-special-heading-tag'  itemprop=\"headline\"  >Alojamiento<\/h3><div class=\"special-heading-border\"><div class=\"special-heading-inner-border\"><\/div><\/div><\/div><br \/>\n<section  class='av_textblock_section av-av_textblock-0366cc7376be6c9e82a3e9cc8987b64f '   itemscope=\"itemscope\" itemtype=\"https:\/\/schema.org\/CreativeWork\" ><div class='avia_textblock'  itemprop=\"text\" ><p style=\"text-align: justify;\">Le daremos la bienvenida en la entrada del edificio principal del complejo, que est\u00e1 dise\u00f1ado como un caravasar. Dicho edificio cuenta con siete grandes habitaciones equipadas con camas de madera con colchones c\u00f3modos, aire acondicionado, nevera y televisor y un ba\u00f1o privado que dispone de ducha con agua caliente e inodoro de tipo occidental. Cada habitaci\u00f3n tiene dos camas y es posible a\u00f1adir una cama adicional.<\/p>\n<p style=\"text-align: justify;\">En la planta superior del edificio hay una elegante <em>suite<\/em> cuyo dise\u00f1o y equipamiento es similar al de las otras habitaciones pero con capacidad para cuatro personas y una magn\u00edfica vista panor\u00e1mica del desierto, las granjas y los campos de cultivo. La llamamos Shah Neshin (habitaci\u00f3n del rey). En el campamento ecol\u00f3gico de Matinabad, las habitaciones de elegante dise\u00f1o est\u00e1n decoradas con lujosos tejidos persas y disponen de pintorescas vistas del desierto, que completan su experiencia en nuestro pa\u00eds. El dise\u00f1o de interiores de las habitaciones est\u00e1 inspirado en las casas del desierto tradicionales iran\u00edes cuya decoraci\u00f3n emplea una combinaci\u00f3n de paja, ladrillo y yeso.<\/p>\n<\/div><\/section><\/p><\/div>\n\n<style type=\"text\/css\" data-created_by=\"avia_inline_auto\" id=\"style-css-av-av_three_fourth-352b07ef7d3bc99b2e9f92e7a9e06bdb\">\n.flex_column.av-av_three_fourth-352b07ef7d3bc99b2e9f92e7a9e06bdb{\nborder-radius:0px 0px 0px 0px;\npadding:0px 0px 0px 0px;\n}\n<\/style>\n<div  class='flex_column av-av_three_fourth-352b07ef7d3bc99b2e9f92e7a9e06bdb av_three_fourth  avia-builder-el-9  el_after_av_three_fourth  el_before_av_one_fourth  first flex_column_div av-zero-column-padding  column-top-margin'     ><p>\n<style type=\"text\/css\" data-created_by=\"avia_inline_auto\" id=\"style-css-av-av_heading-7bb18b6809600bef177659f0fc7a3a77\">\n#top .av-special-heading.av-av_heading-7bb18b6809600bef177659f0fc7a3a77{\npadding-bottom:10px;\n}\nbody .av-special-heading.av-av_heading-7bb18b6809600bef177659f0fc7a3a77 .av-special-heading-tag .heading-char{\nfont-size:25px;\n}\n.av-special-heading.av-av_heading-7bb18b6809600bef177659f0fc7a3a77 .av-subheading{\nfont-size:15px;\n}\n<\/style>\n<div  class='av-special-heading av-av_heading-7bb18b6809600bef177659f0fc7a3a77 av-special-heading-h3  avia-builder-el-10  el_before_av_textblock  avia-builder-el-first '><h3 class='av-special-heading-tag'  itemprop=\"headline\"  >Tiendas N\u00f3madas <\/h3><div class=\"special-heading-border\"><div class=\"special-heading-inner-border\"><\/div><\/div><\/div><br \/>\n<section  class='av_textblock_section av-av_textblock-0366cc7376be6c9e82a3e9cc8987b64f '   itemscope=\"itemscope\" itemtype=\"https:\/\/schema.org\/CreativeWork\" ><div class='avia_textblock'  itemprop=\"text\" ><p style=\"text-align: justify;\">Se alojar\u00e1 en una elegante tienda n\u00f3mada tradicional en el desierto iran\u00ed, provista de mosquiteras durante la estaci\u00f3n c\u00e1lida y estufas o Korsi (estufa de estilo iran\u00ed) durante los meses fr\u00edos. Las tiendas est\u00e1n montadas sobre un banco para producir el m\u00ednimo impacto medioambiental pero a la vez proporcionar una estructura bien termoaislada y resistente al viento, y permiten una gran exposici\u00f3n a la naturaleza de esta espl\u00e9ndida zona.<\/p>\n<p style=\"text-align: justify;\">Hay suficiente espacio entre tiendas para garantizar la privacidad de los hu\u00e9spedes. Las tiendas se encuentran cerca del edificio principal y de los cuartos de ba\u00f1o. Las tiendas disponen de electricidad. Proporcionamos alfombras, colchones, almohadas, s\u00e1banas y mantas para tantas personas como figuren en la reserva.<\/p>\n<\/div><\/section><\/p><\/div>\n\n<style type=\"text\/css\" data-created_by=\"avia_inline_auto\" id=\"style-css-av-av_one_fourth-2a64de42b738552fe666ca889af77e28\">\n.flex_column.av-av_one_fourth-2a64de42b738552fe666ca889af77e28{\nborder-radius:0px 0px 0px 0px;\npadding:0px 0px 0px 0px;\n}\n<\/style>\n<div  class='flex_column av-av_one_fourth-2a64de42b738552fe666ca889af77e28 av_one_fourth  avia-builder-el-12  el_after_av_three_fourth  el_before_av_one_fourth  flex_column_div av-zero-column-padding  column-top-margin'     ><style type=\"text\/css\" data-created_by=\"avia_inline_auto\" id=\"style-css-av-av_image-4f90780ccd24e4c67cf81aeaa413a2f0\">\n.avia-image-container.av-av_image-4f90780ccd24e4c67cf81aeaa413a2f0 img.avia_image{\nbox-shadow:none;\n}\n.avia-image-container.av-av_image-4f90780ccd24e4c67cf81aeaa413a2f0 .av-image-caption-overlay-center{\ncolor:#ffffff;\n}\n<\/style>\n<div  class='avia-image-container av-av_image-4f90780ccd24e4c67cf81aeaa413a2f0 av-styling-circle avia_animated_image av-animated-when-visible-95 pop-up avia-align-center  avia-builder-el-13  avia-builder-el-no-sibling '   itemprop=\"image\" itemscope=\"itemscope\" itemtype=\"https:\/\/schema.org\/ImageObject\" ><div class=\"avia-image-container-inner\"><div class=\"avia-image-overlay-wrap\"><img decoding=\"async\" class='wp-image-1322 avia-img-lazy-loading-not-1322 avia_image ' src=\"https:\/\/irandoostan.com\/es\/dostcont\/uploads\/2015\/11\/Tent-2011-300x300.jpg\" alt='Carpa' title='Tent 2011'  height=\"300\" width=\"300\"  itemprop=\"thumbnailUrl\" srcset=\"https:\/\/irandoostan.com\/es\/dostcont\/uploads\/2015\/11\/Tent-2011-300x300.jpg 300w, https:\/\/irandoostan.com\/es\/dostcont\/uploads\/2015\/11\/Tent-2011-80x80.jpg 80w, https:\/\/irandoostan.com\/es\/dostcont\/uploads\/2015\/11\/Tent-2011-768x768.jpg 768w, https:\/\/irandoostan.com\/es\/dostcont\/uploads\/2015\/11\/Tent-2011-1030x1030.jpg 1030w, https:\/\/irandoostan.com\/es\/dostcont\/uploads\/2015\/11\/Tent-2011-36x36.jpg 36w, https:\/\/irandoostan.com\/es\/dostcont\/uploads\/2015\/11\/Tent-2011-180x180.jpg 180w, https:\/\/irandoostan.com\/es\/dostcont\/uploads\/2015\/11\/Tent-2011-1500x1500.jpg 1500w, https:\/\/irandoostan.com\/es\/dostcont\/uploads\/2015\/11\/Tent-2011-705x705.jpg 705w, https:\/\/irandoostan.com\/es\/dostcont\/uploads\/2015\/11\/Tent-2011-120x120.jpg 120w, https:\/\/irandoostan.com\/es\/dostcont\/uploads\/2015\/11\/Tent-2011-450x450.jpg 450w\" sizes=\"(max-width: 300px) 100vw, 300px\" \/><\/div><\/div><\/div><\/div>\n\n<style type=\"text\/css\" data-created_by=\"avia_inline_auto\" id=\"style-css-av-av_one_fourth-352b07ef7d3bc99b2e9f92e7a9e06bdb\">\n.flex_column.av-av_one_fourth-352b07ef7d3bc99b2e9f92e7a9e06bdb{\nborder-radius:0px 0px 0px 0px;\npadding:0px 0px 0px 0px;\n}\n<\/style>\n<div  class='flex_column av-av_one_fourth-352b07ef7d3bc99b2e9f92e7a9e06bdb av_one_fourth  avia-builder-el-14  el_after_av_one_fourth  el_before_av_three_fourth  first flex_column_div av-zero-column-padding  column-top-margin'     ><style type=\"text\/css\" data-created_by=\"avia_inline_auto\" id=\"style-css-av-av_image-e4e17d4c72b5551f308af93efeb31f7e\">\n.avia-image-container.av-av_image-e4e17d4c72b5551f308af93efeb31f7e img.avia_image{\nbox-shadow:none;\n}\n.avia-image-container.av-av_image-e4e17d4c72b5551f308af93efeb31f7e .av-image-caption-overlay-center{\ncolor:#ffffff;\n}\n<\/style>\n<div  class='avia-image-container av-av_image-e4e17d4c72b5551f308af93efeb31f7e av-styling-circle avia_animated_image av-animated-when-visible-95 pop-up avia-align-center  avia-builder-el-15  avia-builder-el-no-sibling '   itemprop=\"image\" itemscope=\"itemscope\" itemtype=\"https:\/\/schema.org\/ImageObject\" ><div class=\"avia-image-container-inner\"><div class=\"avia-image-overlay-wrap\"><img decoding=\"async\" class='wp-image-2757 avia-img-lazy-loading-not-2757 avia_image ' src=\"https:\/\/irandoostan.com\/es\/dostcont\/uploads\/2015\/11\/Restaurant-1-300x300.jpg\" alt='Restaurante' title='Restaurant'  height=\"300\" width=\"300\"  itemprop=\"thumbnailUrl\" srcset=\"https:\/\/irandoostan.com\/es\/dostcont\/uploads\/2015\/11\/Restaurant-1-300x300.jpg 300w, https:\/\/irandoostan.com\/es\/dostcont\/uploads\/2015\/11\/Restaurant-1-80x80.jpg 80w, https:\/\/irandoostan.com\/es\/dostcont\/uploads\/2015\/11\/Restaurant-1-768x768.jpg 768w, https:\/\/irandoostan.com\/es\/dostcont\/uploads\/2015\/11\/Restaurant-1-1030x1030.jpg 1030w, https:\/\/irandoostan.com\/es\/dostcont\/uploads\/2015\/11\/Restaurant-1-36x36.jpg 36w, https:\/\/irandoostan.com\/es\/dostcont\/uploads\/2015\/11\/Restaurant-1-180x180.jpg 180w, https:\/\/irandoostan.com\/es\/dostcont\/uploads\/2015\/11\/Restaurant-1-705x705.jpg 705w, https:\/\/irandoostan.com\/es\/dostcont\/uploads\/2015\/11\/Restaurant-1-120x120.jpg 120w, https:\/\/irandoostan.com\/es\/dostcont\/uploads\/2015\/11\/Restaurant-1-450x450.jpg 450w, https:\/\/irandoostan.com\/es\/dostcont\/uploads\/2015\/11\/Restaurant-1.jpg 1325w\" sizes=\"(max-width: 300px) 100vw, 300px\" \/><\/div><\/div><\/div><\/div>\n\n<style type=\"text\/css\" data-created_by=\"avia_inline_auto\" id=\"style-css-av-av_three_fourth-2a64de42b738552fe666ca889af77e28\">\n.flex_column.av-av_three_fourth-2a64de42b738552fe666ca889af77e28{\nborder-radius:0px 0px 0px 0px;\npadding:0px 0px 0px 0px;\n}\n<\/style>\n<div  class='flex_column av-av_three_fourth-2a64de42b738552fe666ca889af77e28 av_three_fourth  avia-builder-el-16  el_after_av_one_fourth  el_before_av_three_fourth  flex_column_div av-zero-column-padding  column-top-margin'     ><p>\n<style type=\"text\/css\" data-created_by=\"avia_inline_auto\" id=\"style-css-av-av_heading-d43940280ba8a085df6adf8b77f63229\">\n#top .av-special-heading.av-av_heading-d43940280ba8a085df6adf8b77f63229{\npadding-bottom:10px;\n}\nbody .av-special-heading.av-av_heading-d43940280ba8a085df6adf8b77f63229 .av-special-heading-tag .heading-char{\nfont-size:25px;\n}\n.av-special-heading.av-av_heading-d43940280ba8a085df6adf8b77f63229 .av-subheading{\nfont-size:15px;\n}\n<\/style>\n<div  class='av-special-heading av-av_heading-d43940280ba8a085df6adf8b77f63229 av-special-heading-h2  avia-builder-el-17  el_before_av_textblock  avia-builder-el-first '><h2 class='av-special-heading-tag'  itemprop=\"headline\"  >Restaurante<\/h2><div class=\"special-heading-border\"><div class=\"special-heading-inner-border\"><\/div><\/div><\/div><br \/>\n<section  class='av_textblock_section av-av_textblock-0366cc7376be6c9e82a3e9cc8987b64f '   itemscope=\"itemscope\" itemtype=\"https:\/\/schema.org\/CreativeWork\" ><div class='avia_textblock'  itemprop=\"text\" ><p style=\"text-align: justify;\">El restaurante, de designer local, consta de un gran comedor para 100 comensales, cocina y cuartos de ba\u00f1o. En el patio exterior los hu\u00e9spedes pueden relajarse y contemplar el cielo nocturno despu\u00e9s de cenar. El restaurante goza de unas espectaculares vistas de las dunas y los verdes campos de cultivo y tambi\u00e9n pueden observarse los camellos a lo lejos en el establo de camellos.<\/p>\n<p style=\"text-align: justify;\">Normalmente servimos comida t\u00edpica y de temporada y la cena se prepara en estilo barbecue. Las comidas incluyen platos persas tradicionales y se sirven en una gran cazuela aut\u00e9ntica. Los alimentos y suministros provienen en su mayor\u00eda de la granja org\u00e1nica del campamento y proporcionamos a esta remota regi\u00f3n oportunidades de crecimiento econ\u00f3mico mediante el turismo responsable.<\/p>\n<\/div><\/section><\/p><\/div>\n\n<style type=\"text\/css\" data-created_by=\"avia_inline_auto\" id=\"style-css-av-av_three_fourth-352b07ef7d3bc99b2e9f92e7a9e06bdb\">\n.flex_column.av-av_three_fourth-352b07ef7d3bc99b2e9f92e7a9e06bdb{\nborder-radius:0px 0px 0px 0px;\npadding:0px 0px 0px 0px;\n}\n<\/style>\n<div  class='flex_column av-av_three_fourth-352b07ef7d3bc99b2e9f92e7a9e06bdb av_three_fourth  avia-builder-el-19  el_after_av_three_fourth  el_before_av_one_fourth  first flex_column_div av-zero-column-padding  column-top-margin'     ><p>\n<style type=\"text\/css\" data-created_by=\"avia_inline_auto\" id=\"style-css-av-av_heading-2cdfd42ca857012d9f6ae5cfa9a9eb2d\">\n#top .av-special-heading.av-av_heading-2cdfd42ca857012d9f6ae5cfa9a9eb2d{\npadding-bottom:10px;\n}\nbody .av-special-heading.av-av_heading-2cdfd42ca857012d9f6ae5cfa9a9eb2d .av-special-heading-tag .heading-char{\nfont-size:25px;\n}\n.av-special-heading.av-av_heading-2cdfd42ca857012d9f6ae5cfa9a9eb2d .av-subheading{\nfont-size:15px;\n}\n<\/style>\n<div  class='av-special-heading av-av_heading-2cdfd42ca857012d9f6ae5cfa9a9eb2d av-special-heading-h2  avia-builder-el-20  el_before_av_textblock  avia-builder-el-first '><h2 class='av-special-heading-tag'  itemprop=\"headline\"  >Casa de t\u00e9 o bar en el desierto <\/h2><div class=\"special-heading-border\"><div class=\"special-heading-inner-border\"><\/div><\/div><\/div><br \/>\n<section  class='av_textblock_section av-av_textblock-0366cc7376be6c9e82a3e9cc8987b64f '   itemscope=\"itemscope\" itemtype=\"https:\/\/schema.org\/CreativeWork\" ><div class='avia_textblock'  itemprop=\"text\" ><p>En la segunda planta hay una casa de t\u00e9 tradicional que ofrece una gran variedad de bebidas fr\u00edas y calientes. Dispone de una gran cantidad de zumos de fruta org\u00e1nicos (zumo de granada) y refrescos para saciar la \u00absed del desierto\u00bb as\u00ed como una amplia gama de bebidas t\u00edpicas como zumo de menta, agua de rosas y otras infusiones. Tambi\u00e9n sirve distintos tipos de t\u00e9 y caf\u00e9.<br \/>\nSi desea m\u00e1s informaci\u00f3n visite la p\u00e1gina:\u00a0<a href=\"http:\/\/www.matinabad.com\/\">www.matinabad.com<\/a><\/p>\n<\/div><\/section><\/p><\/div>\n\n<style type=\"text\/css\" data-created_by=\"avia_inline_auto\" id=\"style-css-av-av_one_fourth-2a64de42b738552fe666ca889af77e28\">\n.flex_column.av-av_one_fourth-2a64de42b738552fe666ca889af77e28{\nborder-radius:0px 0px 0px 0px;\npadding:0px 0px 0px 0px;\n}\n<\/style>\n<div  class='flex_column av-av_one_fourth-2a64de42b738552fe666ca889af77e28 av_one_fourth  avia-builder-el-22  el_after_av_three_fourth  avia-builder-el-last  flex_column_div av-zero-column-padding  column-top-margin'     ><style type=\"text\/css\" data-created_by=\"avia_inline_auto\" id=\"style-css-av-av_image-26cded46cd31504bc352007f87b873f8\">\n.avia-image-container.av-av_image-26cded46cd31504bc352007f87b873f8 img.avia_image{\nbox-shadow:none;\n}\n.avia-image-container.av-av_image-26cded46cd31504bc352007f87b873f8 .av-image-caption-overlay-center{\ncolor:#ffffff;\n}\n<\/style>\n<div  class='avia-image-container av-av_image-26cded46cd31504bc352007f87b873f8 av-styling-circle avia_animated_image av-animated-when-visible-95 pop-up avia-align-center  avia-builder-el-23  avia-builder-el-no-sibling '   itemprop=\"image\" itemscope=\"itemscope\" itemtype=\"https:\/\/schema.org\/ImageObject\" ><div class=\"avia-image-container-inner\"><div class=\"avia-image-overlay-wrap\"><img decoding=\"async\" class='wp-image-1092 avia-img-lazy-loading-not-1092 avia_image ' src=\"https:\/\/irandoostan.com\/es\/dostcont\/uploads\/2015\/11\/iran-tours-matin-abad.jpg\" alt='Matinabad' title='iran-tours-matin-abad'  height=\"300\" width=\"300\"  itemprop=\"thumbnailUrl\" srcset=\"https:\/\/irandoostan.com\/es\/dostcont\/uploads\/2015\/11\/iran-tours-matin-abad.jpg 300w, https:\/\/irandoostan.com\/es\/dostcont\/uploads\/2015\/11\/iran-tours-matin-abad-80x80.jpg 80w, https:\/\/irandoostan.com\/es\/dostcont\/uploads\/2015\/11\/iran-tours-matin-abad-36x36.jpg 36w, https:\/\/irandoostan.com\/es\/dostcont\/uploads\/2015\/11\/iran-tours-matin-abad-180x180.jpg 180w, https:\/\/irandoostan.com\/es\/dostcont\/uploads\/2015\/11\/iran-tours-matin-abad-120x120.jpg 120w\" sizes=\"(max-width: 300px) 100vw, 300px\" \/><\/div><\/div><\/div><\/div>\n","protected":false},"excerpt":{"rendered":"","protected":false},"author":2,"featured_media":0,"parent":0,"menu_order":0,"comment_status":"closed","ping_status":"closed","template":"","meta":{"footnotes":""},"_links":{"self":[{"href":"https:\/\/irandoostan.com\/es\/wp-json\/wp\/v2\/pages\/833"}],"collection":[{"href":"https:\/\/irandoostan.com\/es\/wp-json\/wp\/v2\/pages"}],"about":[{"href":"https:\/\/irandoostan.com\/es\/wp-json\/wp\/v2\/types\/page"}],"author":[{"embeddable":true,"href":"https:\/\/irandoostan.com\/es\/wp-json\/wp\/v2\/users\/2"}],"replies":[{"embeddable":true,"href":"https:\/\/irandoostan.com\/es\/wp-json\/wp\/v2\/comments?post=833"}],"version-history":[{"count":0,"href":"https:\/\/irandoostan.com\/es\/wp-json\/wp\/v2\/pages\/833\/revisions"}],"wp:attachment":[{"href":"https:\/\/irandoostan.com\/es\/wp-json\/wp\/v2\/media?parent=833"}],"curies":[{"name":"wp","href":"https:\/\/api.w.org\/{rel}","templated":true}]}}