{"id":828,"date":"2015-11-29T19:26:14","date_gmt":"2015-11-29T19:26:14","guid":{"rendered":"https:\/\/irandoostan.com\/es\/?page_id=828"},"modified":"2017-05-12T03:45:26","modified_gmt":"2017-05-12T03:45:26","slug":"programa-de-salud-en-iran","status":"publish","type":"page","link":"https:\/\/irandoostan.com\/es\/programa-de-salud-en-iran\/","title":{"rendered":"Programa de Salud en Ir\u00e1n"},"content":{"rendered":"\n<style type=\"text\/css\" data-created_by=\"avia_inline_auto\" id=\"style-css-av-av_heading-d7a5a22e7c064ba3b322fb51441bb3a5\">\n#top .av-special-heading.av-av_heading-d7a5a22e7c064ba3b322fb51441bb3a5{\npadding-bottom:10px;\n}\nbody .av-special-heading.av-av_heading-d7a5a22e7c064ba3b322fb51441bb3a5 .av-special-heading-tag .heading-char{\nfont-size:25px;\n}\n.av-special-heading.av-av_heading-d7a5a22e7c064ba3b322fb51441bb3a5 .av-subheading{\nfont-size:15px;\n}\n<\/style>\n<div  class='av-special-heading av-av_heading-d7a5a22e7c064ba3b322fb51441bb3a5 av-special-heading-h2  avia-builder-el-0  el_before_av_one_full  avia-builder-el-first '><h2 class='av-special-heading-tag'  itemprop=\"headline\"  >Programa de salud en Ir\u00e1n<\/h2><div class=\"special-heading-border\"><div class=\"special-heading-inner-border\"><\/div><\/div><\/div>\n\n<style type=\"text\/css\" data-created_by=\"avia_inline_auto\" id=\"style-css-av-av_one_full-352b07ef7d3bc99b2e9f92e7a9e06bdb\">\n.flex_column.av-av_one_full-352b07ef7d3bc99b2e9f92e7a9e06bdb{\nborder-radius:0px 0px 0px 0px;\npadding:0px 0px 0px 0px;\n}\n<\/style>\n<div  class='flex_column av-av_one_full-352b07ef7d3bc99b2e9f92e7a9e06bdb av_one_full  avia-builder-el-1  el_after_av_heading  el_before_av_one_fourth  first flex_column_div av-zero-column-padding  '     ><section  class='av_textblock_section av-av_textblock-0366cc7376be6c9e82a3e9cc8987b64f '   itemscope=\"itemscope\" itemtype=\"https:\/\/schema.org\/CreativeWork\" ><div class='avia_textblock'  itemprop=\"text\" ><p><strong>Servicios m\u00e9dicos de Iran Doostan<\/strong><\/p>\n<p style=\"text-align: justify;\">Ir\u00e1n ofrece la oportunidad de viajar para recibir atenci\u00f3n m\u00e9dica y beneficiarse del coste y tiempo de espera reducidos. Nuestro equipo m\u00e9dico dise\u00f1a un plan individual para cada paciente en funci\u00f3n de su presupuesto y la intervenci\u00f3n m\u00e9dica deseada. Nuestro arte consiste en la planificaci\u00f3n a medida del tratamiento para cada paciente.<\/p>\n<p style=\"text-align: justify;\">Nuestro objetivo es proporcionar a nuestros pacientes tratamientos de primera categor\u00eda y alta calidad a un precio asequible. Nos aseguramos de que reciba la atenci\u00f3n de los mejores m\u00e9dicos y cirujanos especialistas con experiencia internacional. Aparte de recibir tratamiento, puede convertir su viaje en unas vacaciones. Los balnearios son un fen\u00f3meno estupendo que siempre ha resultado atractivo para los turistas. Cada a\u00f1o visitan Ir\u00e1n miles de turistas para ba\u00f1arse en piscinas de aguas minerales a fin de tratar afecciones de distinta naturaleza, desde nerviosismo hasta enfermedades de la piel.<\/p>\n<p style=\"text-align: center;\"><strong>\u00abDonde la ciencia se une a los servicios hospitalarios<\/strong><strong>\u00bb<\/strong><\/p>\n<\/div><\/section><\/div>\n\n<style type=\"text\/css\" data-created_by=\"avia_inline_auto\" id=\"style-css-av-av_one_fourth-352b07ef7d3bc99b2e9f92e7a9e06bdb\">\n.flex_column.av-av_one_fourth-352b07ef7d3bc99b2e9f92e7a9e06bdb{\nborder-radius:0px 0px 0px 0px;\npadding:0px 0px 0px 0px;\n}\n<\/style>\n<div  class='flex_column av-av_one_fourth-352b07ef7d3bc99b2e9f92e7a9e06bdb av_one_fourth  avia-builder-el-3  el_after_av_one_full  el_before_av_three_fourth  first flex_column_div av-zero-column-padding  column-top-margin'     ><style type=\"text\/css\" data-created_by=\"avia_inline_auto\" id=\"style-css-av-av_image-0a84537afb653641718080cf42e03aa0\">\n.avia-image-container.av-av_image-0a84537afb653641718080cf42e03aa0 img.avia_image{\nbox-shadow:none;\n}\n.avia-image-container.av-av_image-0a84537afb653641718080cf42e03aa0 .av-image-caption-overlay-center{\ncolor:#ffffff;\n}\n<\/style>\n<div  class='avia-image-container av-av_image-0a84537afb653641718080cf42e03aa0 av-styling-circle avia_animated_image av-animated-when-visible-95 pop-up avia-align-center  avia-builder-el-4  avia-builder-el-no-sibling '   itemprop=\"image\" itemscope=\"itemscope\" itemtype=\"https:\/\/schema.org\/ImageObject\" ><div class=\"avia-image-container-inner\"><div class=\"avia-image-overlay-wrap\"><img decoding=\"async\" class='wp-image-1063 avia-img-lazy-loading-not-1063 avia_image ' src=\"https:\/\/irandoostan.com\/es\/dostcont\/uploads\/2015\/11\/Majid-Ershadi-300x300.jpg\" alt='Majid Ershadi' title='Majid-Ershadi'  height=\"300\" width=\"300\"  itemprop=\"thumbnailUrl\" srcset=\"https:\/\/irandoostan.com\/es\/dostcont\/uploads\/2015\/11\/Majid-Ershadi-300x300.jpg 300w, https:\/\/irandoostan.com\/es\/dostcont\/uploads\/2015\/11\/Majid-Ershadi-80x80.jpg 80w, https:\/\/irandoostan.com\/es\/dostcont\/uploads\/2015\/11\/Majid-Ershadi-36x36.jpg 36w, https:\/\/irandoostan.com\/es\/dostcont\/uploads\/2015\/11\/Majid-Ershadi-180x180.jpg 180w, https:\/\/irandoostan.com\/es\/dostcont\/uploads\/2015\/11\/Majid-Ershadi-120x120.jpg 120w, https:\/\/irandoostan.com\/es\/dostcont\/uploads\/2015\/11\/Majid-Ershadi-450x450.jpg 450w, https:\/\/irandoostan.com\/es\/dostcont\/uploads\/2015\/11\/Majid-Ershadi.jpg 500w\" sizes=\"(max-width: 300px) 100vw, 300px\" \/><\/div><\/div><\/div><\/div>\n\n<style type=\"text\/css\" data-created_by=\"avia_inline_auto\" id=\"style-css-av-av_three_fourth-2a64de42b738552fe666ca889af77e28\">\n.flex_column.av-av_three_fourth-2a64de42b738552fe666ca889af77e28{\nborder-radius:0px 0px 0px 0px;\npadding:0px 0px 0px 0px;\n}\n<\/style>\n<div  class='flex_column av-av_three_fourth-2a64de42b738552fe666ca889af77e28 av_three_fourth  avia-builder-el-5  el_after_av_one_fourth  el_before_av_one_fifth  flex_column_div av-zero-column-padding  column-top-margin'     ><p>\n<style type=\"text\/css\" data-created_by=\"avia_inline_auto\" id=\"style-css-av-av_heading-b5e7a0e34234bfb26f983399b44a0c91\">\n#top .av-special-heading.av-av_heading-b5e7a0e34234bfb26f983399b44a0c91{\npadding-bottom:10px;\n}\nbody .av-special-heading.av-av_heading-b5e7a0e34234bfb26f983399b44a0c91 .av-special-heading-tag .heading-char{\nfont-size:25px;\n}\n.av-special-heading.av-av_heading-b5e7a0e34234bfb26f983399b44a0c91 .av-subheading{\nfont-size:15px;\n}\n<\/style>\n<div  class='av-special-heading av-av_heading-b5e7a0e34234bfb26f983399b44a0c91 av-special-heading-h3  avia-builder-el-6  el_before_av_textblock  avia-builder-el-first '><h3 class='av-special-heading-tag'  itemprop=\"headline\"  >Dr. Majid Ershadi, Director m\u00e9dico<\/h3><div class=\"special-heading-border\"><div class=\"special-heading-inner-border\"><\/div><\/div><\/div><br \/>\n<section  class='av_textblock_section av-av_textblock-0366cc7376be6c9e82a3e9cc8987b64f '   itemscope=\"itemscope\" itemtype=\"https:\/\/schema.org\/CreativeWork\" ><div class='avia_textblock'  itemprop=\"text\" ><table>\n<tbody>\n<tr>\n<td>\n<p style=\"text-align: justify;\">Naci\u00f3 en Teher\u00e1n en 1965. Estudi\u00f3 en la Facultad de Medicina de la Universidad de Ir\u00e1n desde 1987 y se gradu\u00f3 en 1994.<\/p>\n<p style=\"text-align: justify;\">Despu\u00e9s de graduarse, particip\u00f3 en un curso pr\u00e1ctico y te\u00f3rico de hipnosis m\u00e9dica avanzada y en 1998 ha sido aprobado el examen de ingreso para realizar la residencia en anestesiolog\u00eda en la Universidad Shahid Beheshti. Complet\u00f3 la residencia en 2001, despu\u00e9s de recibir la aprobaci\u00f3n del Comit\u00e9 de especialistas de la universidad.<\/p>\n<p style=\"text-align: justify;\">Con m\u00e1s de 12 a\u00f1os de experiencia \u00a0y despu\u00e9s de haber conocido numerosos quir\u00f3fanos y cirujanos expertos en cl\u00ednicas y hospitales privados de Teher\u00e1n, entr\u00f3 en el mundo del turismo de salud. En 2012 se convirti\u00f3 en el director m\u00e9dico del departamento de turismo de salud de la agencia Iran Doostan Tours.<\/p>\n<\/td>\n<\/tr>\n<\/tbody>\n<\/table>\n<\/div><\/section><\/p><\/div>\n<style type=\"text\/css\" data-created_by=\"avia_inline_auto\" id=\"style-css-av-av_one_fifth-352b07ef7d3bc99b2e9f92e7a9e06bdb\">\n.flex_column.av-av_one_fifth-352b07ef7d3bc99b2e9f92e7a9e06bdb{\nborder-radius:0px 0px 0px 0px;\npadding:0px 0px 0px 0px;\n}\n<\/style>\n<div  class='flex_column av-av_one_fifth-352b07ef7d3bc99b2e9f92e7a9e06bdb av_one_fifth  avia-builder-el-8  el_after_av_three_fourth  el_before_av_two_fifth  first flex_column_div av-zero-column-padding  column-top-margin'     ><\/div><\/p>\n\n<style type=\"text\/css\" data-created_by=\"avia_inline_auto\" id=\"style-css-av-av_two_fifth-2a64de42b738552fe666ca889af77e28\">\n.flex_column.av-av_two_fifth-2a64de42b738552fe666ca889af77e28{\nborder-radius:0px 0px 0px 0px;\npadding:0px 0px 0px 0px;\n}\n<\/style>\n<div  class='flex_column av-av_two_fifth-2a64de42b738552fe666ca889af77e28 av_two_fifth  avia-builder-el-9  el_after_av_one_fifth  el_before_av_two_fifth  flex_column_div av-zero-column-padding  column-top-margin'     ><div  class='avia-icon-list-container av-av_iconlist-a98d21aa7682842f3ee59bf46c3a11b8  avia-builder-el-10  avia-builder-el-no-sibling '><ul class='avia-icon-list avia_animate_when_almost_visible avia-icon-list-left av-iconlist-big av-av_iconlist-a98d21aa7682842f3ee59bf46c3a11b8 avia-iconlist-animate'>\n<li><div class='iconlist_icon av-av_iconlist_item-c6369cd589e873a2d1fac57db8c2f6ee avia-font-entypo-fontello'><span class='iconlist-char' aria-hidden='true' data-av_icon='\ue833' data-av_iconfont='entypo-fontello'><\/span><\/div><article class=\"article-icon-entry \"  itemscope=\"itemscope\" itemtype=\"https:\/\/schema.org\/CreativeWork\" ><div class=\"iconlist_content_wrap\"><header class=\"entry-content-header\"><h4 class='av_iconlist_title iconlist_title  '  itemprop=\"headline\" >Traumatolog\u00eda y cirug\u00eda ortop\u00e9dica <\/h4><\/header><div class='iconlist_content '  itemprop=\"text\" ><ul>\n<li>Pr\u00f3tesis total de cadera y de rodilla<br \/>\nReconstrucci\u00f3n del ligamento cruzado anterior (LCA) o ligamento cruzado posterior (LCP)<br \/>\nLesiones deportivas<\/li>\n<\/ul>\n<\/div><\/div><footer class=\"entry-footer\"><\/footer><\/article><div class=\"iconlist-timeline\"><\/div><\/li>\n<li><div class='iconlist_icon av-av_iconlist_item-76642cb1a97877e9be4f84ec06cb54f3 avia-font-entypo-fontello'><span class='iconlist-char' aria-hidden='true' data-av_icon='\ue833' data-av_iconfont='entypo-fontello'><\/span><\/div><article class=\"article-icon-entry \"  itemscope=\"itemscope\" itemtype=\"https:\/\/schema.org\/CreativeWork\" ><div class=\"iconlist_content_wrap\"><header class=\"entry-content-header\"><h4 class='av_iconlist_title iconlist_title  '  itemprop=\"headline\" >Ginecolog\u00eda y obstetricia <\/h4><\/header><div class='iconlist_content '  itemprop=\"text\" ><ul>\n<li>Histerectom\u00eda y colposcopia<br \/>\nCirug\u00eda ginecol\u00f3gica por laparoscopia<br \/>\nReparaci\u00f3n de la pared vaginal anterior\/posterior y cabestrillo vaginal..<\/li>\n<\/ul>\n<\/div><\/div><footer class=\"entry-footer\"><\/footer><\/article><div class=\"iconlist-timeline\"><\/div><\/li>\n<li><div class='iconlist_icon av-av_iconlist_item-78847181b087a11d2295723ea02e4adf avia-font-entypo-fontello'><span class='iconlist-char' aria-hidden='true' data-av_icon='\ue833' data-av_iconfont='entypo-fontello'><\/span><\/div><article class=\"article-icon-entry \"  itemscope=\"itemscope\" itemtype=\"https:\/\/schema.org\/CreativeWork\" ><div class=\"iconlist_content_wrap\"><header class=\"entry-content-header\"><h4 class='av_iconlist_title iconlist_title  '  itemprop=\"headline\" >Oftalmolog\u00eda<\/h4><\/header><div class='iconlist_content '  itemprop=\"text\" ><ul>\n<li>Queratectom\u00eda refractiva (LASIK-LASEK)<br \/>\nCirug\u00eda de cataratas + implante de lentes intraoculares (LIO)<br \/>\nTrabeculectom\u00eda (glaucoma)<\/li>\n<\/ul>\n<\/div><\/div><footer class=\"entry-footer\"><\/footer><\/article><div class=\"iconlist-timeline\"><\/div><\/li>\n<li><div class='iconlist_icon av-av_iconlist_item-7dc7765fb48d82c216cc3955e0fa8f21 avia-font-entypo-fontello'><span class='iconlist-char' aria-hidden='true' data-av_icon='\ue833' data-av_iconfont='entypo-fontello'><\/span><\/div><article class=\"article-icon-entry \"  itemscope=\"itemscope\" itemtype=\"https:\/\/schema.org\/CreativeWork\" ><div class=\"iconlist_content_wrap\"><header class=\"entry-content-header\"><h4 class='av_iconlist_title iconlist_title  '  itemprop=\"headline\" >Odontolog\u00eda <\/h4><\/header><div class='iconlist_content '  itemprop=\"text\" ><ul>\n<li>Implantes dentales<br \/>\nEndodoncia<br \/>\nPuentes y coronas dentales<\/li>\n<\/ul>\n<\/div><\/div><footer class=\"entry-footer\"><\/footer><\/article><div class=\"iconlist-timeline\"><\/div><\/li>\n<li><div class='iconlist_icon av-av_iconlist_item-c45733ecd1e3f52ee2f5455f8bbb83b5 avia-font-entypo-fontello'><span class='iconlist-char' aria-hidden='true' data-av_icon='\ue833' data-av_iconfont='entypo-fontello'><\/span><\/div><article class=\"article-icon-entry \"  itemscope=\"itemscope\" itemtype=\"https:\/\/schema.org\/CreativeWork\" ><div class=\"iconlist_content_wrap\"><header class=\"entry-content-header\"><h4 class='av_iconlist_title iconlist_title  '  itemprop=\"headline\" >Cirug\u00eda est\u00e9tica <\/h4><\/header><div class='iconlist_content '  itemprop=\"text\" ><ul>\n<li>Abdominoplastia<br \/>\nMastopexia y mamoplastia reductora<br \/>\nLiposucci\u00f3n y lifting facial<\/li>\n<\/ul>\n<\/div><\/div><footer class=\"entry-footer\"><\/footer><\/article><div class=\"iconlist-timeline\"><\/div><\/li>\n<li><div class='iconlist_icon av-av_iconlist_item-2891367aca487986fcb8d06ef871da87 avia-font-entypo-fontello'><span class='iconlist-char' aria-hidden='true' data-av_icon='\ue833' data-av_iconfont='entypo-fontello'><\/span><\/div><article class=\"article-icon-entry \"  itemscope=\"itemscope\" itemtype=\"https:\/\/schema.org\/CreativeWork\" ><div class=\"iconlist_content_wrap\"><header class=\"entry-content-header\"><h4 class='av_iconlist_title iconlist_title  '  itemprop=\"headline\" >Neurocirug\u00eda <\/h4><\/header><div class='iconlist_content '  itemprop=\"text\" ><ul>\n<li>Cirug\u00eda de hernia discal (laminectom\u00eda)<br \/>\nEstenosis espinal<br \/>\nCifoescoliosis<\/li>\n<\/ul>\n<\/div><\/div><footer class=\"entry-footer\"><\/footer><\/article><div class=\"iconlist-timeline\"><\/div><\/li>\n<\/ul><\/div><\/div>\n<style type=\"text\/css\" data-created_by=\"avia_inline_auto\" id=\"style-css-av-av_two_fifth-2a64de42b738552fe666ca889af77e28\">\n.flex_column.av-av_two_fifth-2a64de42b738552fe666ca889af77e28{\nborder-radius:0px 0px 0px 0px;\npadding:0px 0px 0px 0px;\n}\n<\/style>\n<div  class='flex_column av-av_two_fifth-2a64de42b738552fe666ca889af77e28 av_two_fifth  avia-builder-el-11  el_after_av_two_fifth  el_before_av_one_full  flex_column_div av-zero-column-padding  column-top-margin'     ><div  class='avia-icon-list-container av-av_iconlist-a98d21aa7682842f3ee59bf46c3a11b8  avia-builder-el-12  avia-builder-el-no-sibling '><ul class='avia-icon-list avia_animate_when_almost_visible avia-icon-list-left av-iconlist-big av-av_iconlist-a98d21aa7682842f3ee59bf46c3a11b8 avia-iconlist-animate'>\n<li><div class='iconlist_icon av-av_iconlist_item-bc3eb2f4f8579698ab3c8a2fc9d4bf8b avia-font-entypo-fontello'><span class='iconlist-char' aria-hidden='true' data-av_icon='\ue833' data-av_iconfont='entypo-fontello'><\/span><\/div><article class=\"article-icon-entry \"  itemscope=\"itemscope\" itemtype=\"https:\/\/schema.org\/CreativeWork\" ><div class=\"iconlist_content_wrap\"><header class=\"entry-content-header\"><h4 class='av_iconlist_title iconlist_title  '  itemprop=\"headline\" >Urolog\u00eda <\/h4><\/header><div class='iconlist_content '  itemprop=\"text\" ><ul>\n<li>Tratamiento de la litiasis renal (ureterolitotomia transuretral &#8211; nefrolitotom\u00eda percut\u00e1nea)<br \/>\nProstatectom\u00eda con l\u00e1ser y resecci\u00f3n transuretral de la pr\u00f3stata<br \/>\nC\u00e1nceres del aparato urinario<\/li>\n<\/ul>\n<\/div><\/div><footer class=\"entry-footer\"><\/footer><\/article><div class=\"iconlist-timeline\"><\/div><\/li>\n<li><div class='iconlist_icon av-av_iconlist_item-30e0033b35fabe5a673a87e2629e4d13 avia-font-entypo-fontello'><span class='iconlist-char' aria-hidden='true' data-av_icon='\ue833' data-av_iconfont='entypo-fontello'><\/span><\/div><article class=\"article-icon-entry \"  itemscope=\"itemscope\" itemtype=\"https:\/\/schema.org\/CreativeWork\" ><div class=\"iconlist_content_wrap\"><header class=\"entry-content-header\"><h4 class='av_iconlist_title iconlist_title  '  itemprop=\"headline\" >Infertilidad <\/h4><\/header><div class='iconlist_content '  itemprop=\"text\" ><ul>\n<li>Estimulaci\u00f3n farmacol\u00f3gica de la ovulaci\u00f3n<br \/>\nInseminaci\u00f3n intrauterina (IIU)<br \/>\nFecundaci\u00f3n <em>in vitro <\/em>(FIV)<\/li>\n<\/ul>\n<\/div><\/div><footer class=\"entry-footer\"><\/footer><\/article><div class=\"iconlist-timeline\"><\/div><\/li>\n<li><div class='iconlist_icon av-av_iconlist_item-a767182e0deb6dceb94ed0c897bb99ee avia-font-entypo-fontello'><span class='iconlist-char' aria-hidden='true' data-av_icon='\ue833' data-av_iconfont='entypo-fontello'><\/span><\/div><article class=\"article-icon-entry \"  itemscope=\"itemscope\" itemtype=\"https:\/\/schema.org\/CreativeWork\" ><div class=\"iconlist_content_wrap\"><header class=\"entry-content-header\"><h4 class='av_iconlist_title iconlist_title  '  itemprop=\"headline\" >Otorrinolaringolog\u00eda<\/h4><\/header><div class='iconlist_content '  itemprop=\"text\" ><ul>\n<li>Cirug\u00eda de cabeza, cuello y base del cr\u00e1neo<br \/>\nTimpanoplastia y mastoidectom\u00eda<br \/>\nCirug\u00eda endosc\u00f3pica de los senos paranasales<\/li>\n<\/ul>\n<\/div><\/div><footer class=\"entry-footer\"><\/footer><\/article><div class=\"iconlist-timeline\"><\/div><\/li>\n<li><div class='iconlist_icon av-av_iconlist_item-a9eaf8f9227a1313a149bbbe1825bef2 avia-font-entypo-fontello'><span class='iconlist-char' aria-hidden='true' data-av_icon='\ue833' data-av_iconfont='entypo-fontello'><\/span><\/div><article class=\"article-icon-entry \"  itemscope=\"itemscope\" itemtype=\"https:\/\/schema.org\/CreativeWork\" ><div class=\"iconlist_content_wrap\"><header class=\"entry-content-header\"><h4 class='av_iconlist_title iconlist_title  '  itemprop=\"headline\" >Cirug\u00eda maxilofacial<\/h4><\/header><div class='iconlist_content '  itemprop=\"text\" ><ul>\n<li>Cirug\u00eda ortogn\u00e1tica<br \/>\nRinoplastia y blefaroplastia<br \/>\nElevaci\u00f3n del seno maxilar<\/li>\n<\/ul>\n<\/div><\/div><footer class=\"entry-footer\"><\/footer><\/article><div class=\"iconlist-timeline\"><\/div><\/li>\n<li><div class='iconlist_icon av-av_iconlist_item-c754f767e290081182455027f8ad61d2 avia-font-entypo-fontello'><span class='iconlist-char' aria-hidden='true' data-av_icon='\ue833' data-av_iconfont='entypo-fontello'><\/span><\/div><article class=\"article-icon-entry \"  itemscope=\"itemscope\" itemtype=\"https:\/\/schema.org\/CreativeWork\" ><div class=\"iconlist_content_wrap\"><header class=\"entry-content-header\"><h4 class='av_iconlist_title iconlist_title  '  itemprop=\"headline\" >Cirug\u00eda y procedimientos card\u00edacos <\/h4><\/header><div class='iconlist_content '  itemprop=\"text\" ><ul>\n<li>Angiograf\u00eda y angioplastia<br \/>\nEstudio electrofisiol\u00f3gico y ablaci\u00f3n por cat\u00e9ter<br \/>\nCirug\u00eda de revascularizaci\u00f3n coronaria (CABG<\/li>\n<\/ul>\n<\/div><\/div><footer class=\"entry-footer\"><\/footer><\/article><div class=\"iconlist-timeline\"><\/div><\/li>\n<li><div class='iconlist_icon av-av_iconlist_item-b75fcafb294f988c4cf161ffc91f81f1 avia-font-entypo-fontello'><span class='iconlist-char' aria-hidden='true' data-av_icon='\ue833' data-av_iconfont='entypo-fontello'><\/span><\/div><article class=\"article-icon-entry \"  itemscope=\"itemscope\" itemtype=\"https:\/\/schema.org\/CreativeWork\" ><div class=\"iconlist_content_wrap\"><header class=\"entry-content-header\"><h4 class='av_iconlist_title iconlist_title  '  itemprop=\"headline\" >Cirug\u00eda general <\/h4><\/header><div class='iconlist_content '  itemprop=\"text\" ><ul>\n<li>Colecistectom\u00eda laparosc\u00f3pica<br \/>\nReparaci\u00f3n de hernia por laparoscopia<br \/>\nGastrectom\u00eda en manga y banda g\u00e1strica por laparoscopia<\/li>\n<\/ul>\n<\/div><\/div><footer class=\"entry-footer\"><\/footer><\/article><div class=\"iconlist-timeline\"><\/div><\/li>\n<\/ul><\/div><\/div>\n<style type=\"text\/css\" data-created_by=\"avia_inline_auto\" id=\"style-css-av-av_one_full-352b07ef7d3bc99b2e9f92e7a9e06bdb\">\n.flex_column.av-av_one_full-352b07ef7d3bc99b2e9f92e7a9e06bdb{\nborder-radius:0px 0px 0px 0px;\npadding:0px 0px 0px 0px;\n}\n<\/style>\n<div  class='flex_column av-av_one_full-352b07ef7d3bc99b2e9f92e7a9e06bdb av_one_full  avia-builder-el-13  el_after_av_two_fifth  avia-builder-el-last  first flex_column_div av-zero-column-padding  '     ><p>\n<style type=\"text\/css\" data-created_by=\"avia_inline_auto\" id=\"style-css-av-av_heading-21f796f9386cffa3c78c549f38cd531d\">\n#top .av-special-heading.av-av_heading-21f796f9386cffa3c78c549f38cd531d{\npadding-bottom:10px;\n}\nbody .av-special-heading.av-av_heading-21f796f9386cffa3c78c549f38cd531d .av-special-heading-tag .heading-char{\nfont-size:25px;\n}\n.av-special-heading.av-av_heading-21f796f9386cffa3c78c549f38cd531d .av-subheading{\nfont-size:15px;\n}\n<\/style>\n<div  class='av-special-heading av-av_heading-21f796f9386cffa3c78c549f38cd531d av-special-heading-h2  avia-builder-el-14  el_before_av_textblock  avia-builder-el-first '><h2 class='av-special-heading-tag'  itemprop=\"headline\"  > Antes del viaje <\/h2><div class=\"special-heading-border\"><div class=\"special-heading-inner-border\"><\/div><\/div><\/div><br \/>\n<section  class='av_textblock_section av-av_textblock-0366cc7376be6c9e82a3e9cc8987b64f '   itemscope=\"itemscope\" itemtype=\"https:\/\/schema.org\/CreativeWork\" ><div class='avia_textblock'  itemprop=\"text\" ><p style=\"text-align: justify;\"><strong>P\u00f3ngase en contacto con nosotros:<\/strong><\/p>\n<p style=\"text-align: justify;\">Usted puede ponerse en contacto con nosotros para aclarar cualquier duda que tenga. Le explicaremos qu\u00e9 puede Iran Health Tour Services (IHTS) hacer por su tratamiento y sus vacaciones.<\/p>\n<p style=\"text-align: justify;\"><strong>Informaci\u00f3n:<\/strong><\/p>\n<p style=\"text-align: justify;\">Le enviaremos el presupuesto dos d\u00edas despu\u00e9s de que se haya ponido en contacto con nosotros. Si usted se manifiesta estar interesado, haremos las gestiones oportunas con nuestros especialistas acerca de su caso.<\/p>\n<p style=\"text-align: justify;\"><strong>Programa:<\/strong><\/p>\n<p style=\"text-align: justify;\">Le enviaremos los detalles de su paquete vacacional dos semanas antes del viaje. Este paquete contendr\u00e1 el programa detallado, n\u00fameros de tel\u00e9fono de contacto y consejos \u00fatiles sobre qu\u00e9 conviene traer a modo de equipaje.<\/p>\n<p><strong>\u00a0 A su llegada\u00a0a Ir\u00e1n\u00a0<\/strong><\/p>\n<p>Cuando llegue a Teher\u00e1n le recibir\u00e1 un coordinador que habla su idioma. Ser\u00e1 trasladado desde el aeropuerto internacional Imam Khomeini hasta su hotel, donde efectuaremos su registro con la mayor comodidad.<\/p>\n<p><strong>En el hospital\u00a0<\/strong><\/p>\n<p>Despu\u00e9s de llegar a Teher\u00e1n deber\u00e1 acudir a una primera visita con nuestro equipo m\u00e9dico. Esta consulta sirve para que el m\u00e9dico determine si usted goza de buena salud y si est\u00e1 en condiciones de recibir el tratamiento. El m\u00e9dico tambi\u00e9n le explicar\u00e1 los detalles del tratamiento y finalmente fijar\u00e1 una fecha para llevarlo a cabo.<\/p>\n<p><strong>Seguimiento y apoyo m\u00e9dico posoperatorio<\/strong><\/p>\n<p>Iran Health Tour Services proporciona un servicio de enfermer\u00eda gratuito para pacientes que se hayan sometido a m\u00faltiples intervenciones (aunque ser\u00e1 el director m\u00e9dico quien determine si es necesario).<\/p>\n<p><strong>\u00a0Consejos sobre actividades, descanso y relajaci\u00f3n<\/strong><\/p>\n<p>Durante el proceso de recuperaci\u00f3n aconsejamos al paciente sobre el tipo de actividades que resulten m\u00e1s adecuadas en cada caso. Asimismo ofrecemos consejo a los familiares o parejas de nuestros pacientes acerca de actividades o visitas tur\u00edsticas que les puedan interesar.<\/p>\n<p><strong>Vuelta a casa\u00a0sin preocupaciones\u00a0\u00a0<\/strong><\/p>\n<p>Una vez que haya regresado a su pa\u00eds, podr\u00e1 ponerse en contacto con nuestro equipo directamente por tel\u00e9fono o correo electr\u00f3nico.<br \/>\nAs\u00ed usted podr\u00e1 volver a su hogar con la certeza de que en su pa\u00eds le ser\u00e1 posible recibir todos los cuidados posoperatorios que necesite.<\/p>\n<p style=\"text-align: justify;\">Si desea m\u00e1s informaci\u00f3n visite la p\u00e1gina:\u00a0<a href=\"http:\/\/www.iranhts.com\/\">www.iranhts.com<\/a><\/p>\n<\/div><\/section><\/p><\/div><\/p>\n","protected":false},"excerpt":{"rendered":"","protected":false},"author":2,"featured_media":0,"parent":0,"menu_order":0,"comment_status":"closed","ping_status":"closed","template":"","meta":{"footnotes":""},"_links":{"self":[{"href":"https:\/\/irandoostan.com\/es\/wp-json\/wp\/v2\/pages\/828"}],"collection":[{"href":"https:\/\/irandoostan.com\/es\/wp-json\/wp\/v2\/pages"}],"about":[{"href":"https:\/\/irandoostan.com\/es\/wp-json\/wp\/v2\/types\/page"}],"author":[{"embeddable":true,"href":"https:\/\/irandoostan.com\/es\/wp-json\/wp\/v2\/users\/2"}],"replies":[{"embeddable":true,"href":"https:\/\/irandoostan.com\/es\/wp-json\/wp\/v2\/comments?post=828"}],"version-history":[{"count":0,"href":"https:\/\/irandoostan.com\/es\/wp-json\/wp\/v2\/pages\/828\/revisions"}],"wp:attachment":[{"href":"https:\/\/irandoostan.com\/es\/wp-json\/wp\/v2\/media?parent=828"}],"curies":[{"name":"wp","href":"https:\/\/api.w.org\/{rel}","templated":true}]}}