{"id":826,"date":"2015-11-29T19:25:48","date_gmt":"2015-11-29T19:25:48","guid":{"rendered":"https:\/\/irandoostan.com\/es\/?page_id=826"},"modified":"2017-05-12T03:36:39","modified_gmt":"2017-05-12T03:36:39","slug":"iran-turismo-mice","status":"publish","type":"page","link":"https:\/\/irandoostan.com\/es\/iran-turismo-mice\/","title":{"rendered":"Turismo MICE"},"content":{"rendered":"<div id='full_slider_1'  class='avia-fullwidth-slider main_color avia-shadow   avia-builder-el-0  el_before_av_heading  avia-builder-el-first   container_wrap sidebar_left'  ><div  class='avia-slideshow av-av_slideshow_full-4f3ef5c0d0c5e5a45e27d5f99336c2be avia-slideshow-featured av_slideshow_full avia-slide-slider av-slideshow-ui av-control-default av-slideshow-manual av-loop-once av-loop-manual-endless av-default-height-applied   avia-slideshow-1' data-slideshow-options=\"{&quot;animation&quot;:&quot;slide&quot;,&quot;autoplay&quot;:false,&quot;loop_autoplay&quot;:&quot;once&quot;,&quot;interval&quot;:5,&quot;loop_manual&quot;:&quot;manual-endless&quot;,&quot;autoplay_stopper&quot;:false,&quot;noNavigation&quot;:false,&quot;bg_slider&quot;:false,&quot;keep_padding&quot;:false,&quot;hoverpause&quot;:false,&quot;show_slide_delay&quot;:0}\"  itemprop=\"image\" itemscope=\"itemscope\" itemtype=\"https:\/\/schema.org\/ImageObject\" ><ul class='avia-slideshow-inner ' style='padding-bottom: 22.666666666667%;'><li  class='avia-slideshow-slide av-av_slideshow_full-4f3ef5c0d0c5e5a45e27d5f99336c2be__0  av-single-slide slide-1 slide-odd'><div data-rel='slideshow-1' class='avia-slide-wrap '   ><div class='av-slideshow-caption av-av_slideshow_full-4f3ef5c0d0c5e5a45e27d5f99336c2be__0 caption_fullwidth caption_center caption_center_framed caption_framed'><div class=\"container caption_container\"><div class=\"slideshow_caption\"><div class=\"slideshow_inner_caption\"><div class=\"slideshow_align_caption\"><h2 class='avia-caption-title '  itemprop=\"name\" >TODO LO NECESARIO PARA MICE EN UN SOLO LUGAR<\/h2><div class='avia-caption-content '  itemprop=\"description\" ><p>Irandoostan Turismo MICE<\/p>\n<\/div><\/div><\/div><\/div><\/div><\/div><img decoding=\"async\" class=\"wp-image-1076 avia-img-lazy-loading-not-1076\"  src=\"https:\/\/irandoostan.com\/es\/dostcont\/uploads\/2015\/11\/iran-tour-mice-1500x340.jpg\" width=\"1500\" height=\"340\" title='iran-tour-mice' alt='Recorrido'  itemprop=\"thumbnailUrl\"   \/><\/div><\/li><\/ul><\/div><\/div><div id='after_full_slider_1'  class='main_color av_default_container_wrap container_wrap sidebar_left'  ><div class='container av-section-cont-open' ><div class='template-page content  av-content-small units'><div class='post-entry post-entry-type-page post-entry-826'><div class='entry-content-wrapper clearfix'>\n\n<style type=\"text\/css\" data-created_by=\"avia_inline_auto\" id=\"style-css-av-av_heading-8d61f45b49ee26920df69fe28ae343e2\">\n#top .av-special-heading.av-av_heading-8d61f45b49ee26920df69fe28ae343e2{\npadding-bottom:10px;\n}\nbody .av-special-heading.av-av_heading-8d61f45b49ee26920df69fe28ae343e2 .av-special-heading-tag .heading-char{\nfont-size:25px;\n}\n.av-special-heading.av-av_heading-8d61f45b49ee26920df69fe28ae343e2 .av-subheading{\nfont-size:15px;\n}\n<\/style>\n<div  class='av-special-heading av-av_heading-8d61f45b49ee26920df69fe28ae343e2 av-special-heading-h2  avia-builder-el-1  el_after_av_slideshow_full  el_before_av_one_full  avia-builder-el-first '><h2 class='av-special-heading-tag'  itemprop=\"headline\"  >Organizador y Provedor de Servicios MICE Profesional en Ir\u00e1n<\/h2><div class=\"special-heading-border\"><div class=\"special-heading-inner-border\"><\/div><\/div><\/div>\n\n<style type=\"text\/css\" data-created_by=\"avia_inline_auto\" id=\"style-css-av-av_one_full-352b07ef7d3bc99b2e9f92e7a9e06bdb\">\n.flex_column.av-av_one_full-352b07ef7d3bc99b2e9f92e7a9e06bdb{\nborder-radius:0px 0px 0px 0px;\npadding:0px 0px 0px 0px;\n}\n<\/style>\n<div  class='flex_column av-av_one_full-352b07ef7d3bc99b2e9f92e7a9e06bdb av_one_full  avia-builder-el-2  el_after_av_heading  el_before_av_one_fourth  first flex_column_div av-zero-column-padding  '     ><section  class='av_textblock_section av-av_textblock-0366cc7376be6c9e82a3e9cc8987b64f '   itemscope=\"itemscope\" itemtype=\"https:\/\/schema.org\/CreativeWork\" ><div class='avia_textblock'  itemprop=\"text\" ><p style=\"text-align: justify;\">En 1997 Iran Doostan Tours estableci\u00f3 su departamento MICE, especializado en planificar y gestionar eventos MICE as\u00ed como organizar visitas despu\u00e9s de los eventos. En la actualidad nos enorgullecemos de disponer de un equipo de personal MICE cualificado, din\u00e1mico, cooperativo, entregado y con una vasta experiencia a sus espaldas.<\/p>\n<p style=\"text-align: justify;\">Nuestro departamento MICE posee conocimientos actualizados y es capaz de hacer frente a cualquier emergencia.<\/p>\n<p><strong>Nuestro \u00e9xito se debe a nuestros especialistas altamente cualificados<\/strong><\/p>\n<\/div><\/section><\/div>\n\n<style type=\"text\/css\" data-created_by=\"avia_inline_auto\" id=\"style-css-av-av_one_fourth-352b07ef7d3bc99b2e9f92e7a9e06bdb\">\n.flex_column.av-av_one_fourth-352b07ef7d3bc99b2e9f92e7a9e06bdb{\nborder-radius:0px 0px 0px 0px;\npadding:0px 0px 0px 0px;\n}\n<\/style>\n<div  class='flex_column av-av_one_fourth-352b07ef7d3bc99b2e9f92e7a9e06bdb av_one_fourth  avia-builder-el-4  el_after_av_one_full  el_before_av_three_fourth  first flex_column_div av-zero-column-padding  column-top-margin'     ><style type=\"text\/css\" data-created_by=\"avia_inline_auto\" id=\"style-css-av-av_image-5d69911e8c63915eb90a41a6c64e97fb\">\n.avia-image-container.av-av_image-5d69911e8c63915eb90a41a6c64e97fb img.avia_image{\nbox-shadow:none;\n}\n.avia-image-container.av-av_image-5d69911e8c63915eb90a41a6c64e97fb .av-image-caption-overlay-center{\ncolor:#ffffff;\n}\n<\/style>\n<div  class='avia-image-container av-av_image-5d69911e8c63915eb90a41a6c64e97fb av-styling-circle avia_animated_image av-animated-when-visible-95 pop-up avia-align-center  avia-builder-el-5  avia-builder-el-no-sibling '   itemprop=\"image\" itemscope=\"itemscope\" itemtype=\"https:\/\/schema.org\/ImageObject\" ><div class=\"avia-image-container-inner\"><div class=\"avia-image-overlay-wrap\"><img decoding=\"async\" class='wp-image-1082 avia-img-lazy-loading-not-1082 avia_image ' src=\"https:\/\/irandoostan.com\/es\/dostcont\/uploads\/2015\/11\/iran-tour-mice1-300x300.jpg\" alt='Gira de ratones de Ir\u00e1n' title='iran-tour-mice'  height=\"300\" width=\"300\"  itemprop=\"thumbnailUrl\" srcset=\"https:\/\/irandoostan.com\/es\/dostcont\/uploads\/2015\/11\/iran-tour-mice1-300x300.jpg 300w, https:\/\/irandoostan.com\/es\/dostcont\/uploads\/2015\/11\/iran-tour-mice1-80x80.jpg 80w, https:\/\/irandoostan.com\/es\/dostcont\/uploads\/2015\/11\/iran-tour-mice1-36x36.jpg 36w, https:\/\/irandoostan.com\/es\/dostcont\/uploads\/2015\/11\/iran-tour-mice1-180x180.jpg 180w, https:\/\/irandoostan.com\/es\/dostcont\/uploads\/2015\/11\/iran-tour-mice1-120x120.jpg 120w, https:\/\/irandoostan.com\/es\/dostcont\/uploads\/2015\/11\/iran-tour-mice1-450x450.jpg 450w, https:\/\/irandoostan.com\/es\/dostcont\/uploads\/2015\/11\/iran-tour-mice1.jpg 500w\" sizes=\"(max-width: 300px) 100vw, 300px\" \/><\/div><\/div><\/div><\/div>\n\n<style type=\"text\/css\" data-created_by=\"avia_inline_auto\" id=\"style-css-av-av_three_fourth-2a64de42b738552fe666ca889af77e28\">\n.flex_column.av-av_three_fourth-2a64de42b738552fe666ca889af77e28{\nborder-radius:0px 0px 0px 0px;\npadding:0px 0px 0px 0px;\n}\n<\/style>\n<div  class='flex_column av-av_three_fourth-2a64de42b738552fe666ca889af77e28 av_three_fourth  avia-builder-el-6  el_after_av_one_fourth  el_before_av_three_fourth  flex_column_div av-zero-column-padding  column-top-margin'     ><p>\n<style type=\"text\/css\" data-created_by=\"avia_inline_auto\" id=\"style-css-av-av_heading-fa4f4c6fd75f38e1691d3983e3258e8f\">\n#top .av-special-heading.av-av_heading-fa4f4c6fd75f38e1691d3983e3258e8f{\npadding-bottom:10px;\n}\nbody .av-special-heading.av-av_heading-fa4f4c6fd75f38e1691d3983e3258e8f .av-special-heading-tag .heading-char{\nfont-size:25px;\n}\n.av-special-heading.av-av_heading-fa4f4c6fd75f38e1691d3983e3258e8f .av-subheading{\nfont-size:15px;\n}\n<\/style>\n<div  class='av-special-heading av-av_heading-fa4f4c6fd75f38e1691d3983e3258e8f av-special-heading-h2  avia-builder-el-7  el_before_av_textblock  avia-builder-el-first '><h2 class='av-special-heading-tag'  itemprop=\"headline\"  > Ventajas \u00fanicas que Iran Doostan Tours ofrece : <\/h2><div class=\"special-heading-border\"><div class=\"special-heading-inner-border\"><\/div><\/div><\/div><br \/>\n<section  class='av_textblock_section av-av_textblock-0366cc7376be6c9e82a3e9cc8987b64f '   itemscope=\"itemscope\" itemtype=\"https:\/\/schema.org\/CreativeWork\" ><div class='avia_textblock'  itemprop=\"text\" ><ul>\n<li>Lidera la industria MICE en Ir\u00e1n y fue de los primeros en crear un departamento MICE.<br \/>\n\u25cf Cuenta con un equipo profesional de expertos en turismo.<br \/>\n\u25cf Ha adoptado un m\u00e9todo de gesti\u00f3n de clientes muy eficaz, con soluciones de gesti\u00f3n tur\u00edstica proactivas.<br \/>\n\u25cf Mantiene buenas relaciones con operadores tur\u00edsticos internacionales.<br \/>\n\u25cf Posee un s\u00f3lido apoyo t\u00e9cnico en el campo del turismo de negocios.<br \/>\n\u25cf Ofrece varios itinerarios MICE dise\u00f1ados en base a las necesidades espec\u00edficas de nuestros clientes, como exigencias especiales relacionadas con la alimentaci\u00f3n, organizar fiestas tem\u00e1ticas o fiestas sorpresa.<br \/>\n\u25cf Proporciona presupuestos precisos y hace sugerencias acerca de c\u00f3mo asignar y aprovechar de forma \u00f3ptima los fondos MICE.<\/li>\n<\/ul>\n<\/div><\/section><\/p><\/div>\n\n<style type=\"text\/css\" data-created_by=\"avia_inline_auto\" id=\"style-css-av-av_three_fourth-352b07ef7d3bc99b2e9f92e7a9e06bdb\">\n.flex_column.av-av_three_fourth-352b07ef7d3bc99b2e9f92e7a9e06bdb{\nborder-radius:0px 0px 0px 0px;\npadding:0px 0px 0px 0px;\n}\n<\/style>\n<div  class='flex_column av-av_three_fourth-352b07ef7d3bc99b2e9f92e7a9e06bdb av_three_fourth  avia-builder-el-9  el_after_av_three_fourth  el_before_av_one_fourth  first flex_column_div av-zero-column-padding  column-top-margin'     ><p>\n<style type=\"text\/css\" data-created_by=\"avia_inline_auto\" id=\"style-css-av-av_heading-43d7d815d727872f8449d5ee6dfd940d\">\n#top .av-special-heading.av-av_heading-43d7d815d727872f8449d5ee6dfd940d{\npadding-bottom:10px;\n}\nbody .av-special-heading.av-av_heading-43d7d815d727872f8449d5ee6dfd940d .av-special-heading-tag .heading-char{\nfont-size:25px;\n}\n.av-special-heading.av-av_heading-43d7d815d727872f8449d5ee6dfd940d .av-subheading{\nfont-size:15px;\n}\n<\/style>\n<div  class='av-special-heading av-av_heading-43d7d815d727872f8449d5ee6dfd940d av-special-heading-h2  avia-builder-el-10  el_before_av_textblock  avia-builder-el-first '><h2 class='av-special-heading-tag'  itemprop=\"headline\"  > Servicios MICE de IDT <\/h2><div class=\"special-heading-border\"><div class=\"special-heading-inner-border\"><\/div><\/div><\/div><br \/>\n<section  class='av_textblock_section av-av_textblock-0366cc7376be6c9e82a3e9cc8987b64f '   itemscope=\"itemscope\" itemtype=\"https:\/\/schema.org\/CreativeWork\" ><div class='avia_textblock'  itemprop=\"text\" ><p>A fin de satisfacer las necesidades de sus actividades empresariales, proporcionamos soluciones integrales para todos sus preparativos MICE, para que no tenga que lidiar con las molestias de los peque\u00f1os detalles. Ofrecemos:<\/p>\n<ul>\n<li>Selecci\u00f3n de recintos para conferencias y exposiciones.<br \/>\n\u25cf Informaci\u00f3n sobre recintos para conferencias y exposiciones.<br \/>\n\u25cf Todos el material e instalaciones necesarios para conferencias.<br \/>\n\u25cf Programas e itinerarios a medida para visitas tur\u00edsticas despu\u00e9s de los eventos.<\/li>\n<\/ul>\n<\/div><\/section><\/p><\/div>\n\n<style type=\"text\/css\" data-created_by=\"avia_inline_auto\" id=\"style-css-av-av_one_fourth-2a64de42b738552fe666ca889af77e28\">\n.flex_column.av-av_one_fourth-2a64de42b738552fe666ca889af77e28{\nborder-radius:0px 0px 0px 0px;\npadding:0px 0px 0px 0px;\n}\n<\/style>\n<div  class='flex_column av-av_one_fourth-2a64de42b738552fe666ca889af77e28 av_one_fourth  avia-builder-el-12  el_after_av_three_fourth  el_before_av_one_fifth  flex_column_div av-zero-column-padding  column-top-margin'     ><style type=\"text\/css\" data-created_by=\"avia_inline_auto\" id=\"style-css-av-av_image-ab9a916451f33df4a5805040707889f6\">\n.avia-image-container.av-av_image-ab9a916451f33df4a5805040707889f6 img.avia_image{\nbox-shadow:none;\n}\n.avia-image-container.av-av_image-ab9a916451f33df4a5805040707889f6 .av-image-caption-overlay-center{\ncolor:#ffffff;\n}\n<\/style>\n<div  class='avia-image-container av-av_image-ab9a916451f33df4a5805040707889f6 av-styling-circle avia_animated_image av-animated-when-visible-95 pop-up avia-align-center  avia-builder-el-13  avia-builder-el-no-sibling '   itemprop=\"image\" itemscope=\"itemscope\" itemtype=\"https:\/\/schema.org\/ImageObject\" ><div class=\"avia-image-container-inner\"><div class=\"avia-image-overlay-wrap\"><img decoding=\"async\" class='wp-image-1084 avia-img-lazy-loading-not-1084 avia_image ' src=\"https:\/\/irandoostan.com\/es\/dostcont\/uploads\/2015\/11\/iran-tour-mice-04-300x300.jpg\" alt='Gira de ratones de Ir\u00e1n' title='iran-tour-mice-04'  height=\"300\" width=\"300\"  itemprop=\"thumbnailUrl\" srcset=\"https:\/\/irandoostan.com\/es\/dostcont\/uploads\/2015\/11\/iran-tour-mice-04-300x300.jpg 300w, https:\/\/irandoostan.com\/es\/dostcont\/uploads\/2015\/11\/iran-tour-mice-04-80x80.jpg 80w, https:\/\/irandoostan.com\/es\/dostcont\/uploads\/2015\/11\/iran-tour-mice-04-36x36.jpg 36w, https:\/\/irandoostan.com\/es\/dostcont\/uploads\/2015\/11\/iran-tour-mice-04-180x180.jpg 180w, https:\/\/irandoostan.com\/es\/dostcont\/uploads\/2015\/11\/iran-tour-mice-04-120x120.jpg 120w, https:\/\/irandoostan.com\/es\/dostcont\/uploads\/2015\/11\/iran-tour-mice-04-450x450.jpg 450w, https:\/\/irandoostan.com\/es\/dostcont\/uploads\/2015\/11\/iran-tour-mice-04.jpg 500w\" sizes=\"(max-width: 300px) 100vw, 300px\" \/><\/div><\/div><\/div><\/div>\n\n<style type=\"text\/css\" data-created_by=\"avia_inline_auto\" id=\"style-css-av-av_one_fifth-352b07ef7d3bc99b2e9f92e7a9e06bdb\">\n.flex_column.av-av_one_fifth-352b07ef7d3bc99b2e9f92e7a9e06bdb{\nborder-radius:0px 0px 0px 0px;\npadding:0px 0px 0px 0px;\n}\n<\/style>\n<div  class='flex_column av-av_one_fifth-352b07ef7d3bc99b2e9f92e7a9e06bdb av_one_fifth  avia-builder-el-14  el_after_av_one_fourth  el_before_av_three_fifth  first flex_column_div av-zero-column-padding  column-top-margin'     ><\/div>\n\n<style type=\"text\/css\" data-created_by=\"avia_inline_auto\" id=\"style-css-av-av_three_fifth-2a64de42b738552fe666ca889af77e28\">\n.flex_column.av-av_three_fifth-2a64de42b738552fe666ca889af77e28{\nborder-radius:0px 0px 0px 0px;\npadding:0px 0px 0px 0px;\n}\n<\/style>\n<div  class='flex_column av-av_three_fifth-2a64de42b738552fe666ca889af77e28 av_three_fifth  avia-builder-el-15  el_after_av_one_fifth  el_before_av_one_fifth  flex_column_div av-zero-column-padding  column-top-margin'     ><p>\n<style type=\"text\/css\" data-created_by=\"avia_inline_auto\" id=\"style-css-av-av_heading-ecc05714ef84526016e67c26a4dfa1e4\">\n#top .av-special-heading.av-av_heading-ecc05714ef84526016e67c26a4dfa1e4{\npadding-bottom:10px;\n}\nbody .av-special-heading.av-av_heading-ecc05714ef84526016e67c26a4dfa1e4 .av-special-heading-tag .heading-char{\nfont-size:25px;\n}\n.av-special-heading.av-av_heading-ecc05714ef84526016e67c26a4dfa1e4 .av-subheading{\nfont-size:15px;\n}\n<\/style>\n<div  class='av-special-heading av-av_heading-ecc05714ef84526016e67c26a4dfa1e4 av-special-heading-h2  avia-builder-el-16  el_before_av_iconlist  avia-builder-el-first '><h2 class='av-special-heading-tag'  itemprop=\"headline\"  >Servicios Completos y Integrados<\/h2><div class=\"special-heading-border\"><div class=\"special-heading-inner-border\"><\/div><\/div><\/div><br \/>\n<div  class='avia-icon-list-container av-av_iconlist-a98d21aa7682842f3ee59bf46c3a11b8  avia-builder-el-17  el_after_av_heading  avia-builder-el-last '><ul class='avia-icon-list avia_animate_when_almost_visible avia-icon-list-left av-iconlist-big av-av_iconlist-a98d21aa7682842f3ee59bf46c3a11b8 avia-iconlist-animate'>\n<li><div class='iconlist_icon av-av_iconlist_item-bbb2244da5ed982228d0a56ae8513fdf avia-font-entypo-fontello'><span class='iconlist-char' aria-hidden='true' data-av_icon='\ue8b6' data-av_iconfont='entypo-fontello'><\/span><\/div><article class=\"article-icon-entry \"  itemscope=\"itemscope\" itemtype=\"https:\/\/schema.org\/CreativeWork\" ><div class=\"iconlist_content_wrap\"><header class=\"entry-content-header\"><h4 class='av_iconlist_title iconlist_title  '  itemprop=\"headline\" > Reservas de Vuelos <\/h4><\/header><div class='iconlist_content '  itemprop=\"text\" ><p>\u25cf Bien conectados con aerol\u00edneas internacionales y nacionales.<br \/>\n\u25cf Diversas rutas a\u00e9reas a precios competitivos.<br \/>\n\u25cf Informaci\u00f3n actualizada sobre vuelos y precios.<\/p>\n<\/div><\/div><footer class=\"entry-footer\"><\/footer><\/article><div class=\"iconlist-timeline\"><\/div><\/li>\n<li><div class='iconlist_icon av-av_iconlist_item-3fff925d9f07441ac2561b8f0b086893 avia-font-entypo-fontello'><span class='iconlist-char' aria-hidden='true' data-av_icon='\ue840' data-av_iconfont='entypo-fontello'><\/span><\/div><article class=\"article-icon-entry \"  itemscope=\"itemscope\" itemtype=\"https:\/\/schema.org\/CreativeWork\" ><div class=\"iconlist_content_wrap\"><header class=\"entry-content-header\"><h4 class='av_iconlist_title iconlist_title  '  itemprop=\"headline\" >Tramitaci\u00f3n de visados para viajar a Ir\u00e1n <\/h4><\/header><div class='iconlist_content '  itemprop=\"text\" ><p style=\"text-align: justify;\">\u25cf Nos especializamos en el proceso de autorizaci\u00f3n de solicitudes y obtenci\u00f3n de visados para viajeros de negocios de cualquier nacionalidad.<br \/>\n\u25cf Proceso de solicitud de visado sencillo y sin errores gracias a nuestra experiencia en documentaci\u00f3n relativa a tramitaci\u00f3n de visados.<br \/>\n\u25cf Tramitaci\u00f3n de visados a un precio muy reducido.<br \/>\n\u25cf Formas de pago flexibles.<br \/>\n\u25cf Tramitaci\u00f3n de visado en el menor tiempo posible.<\/p>\n<\/div><\/div><footer class=\"entry-footer\"><\/footer><\/article><div class=\"iconlist-timeline\"><\/div><\/li>\n<li><div class='iconlist_icon av-av_iconlist_item-8d045e250156637aad84eabf966d385a avia-font-entypo-fontello'><span class='iconlist-char' aria-hidden='true' data-av_icon='\ue827' data-av_iconfont='entypo-fontello'><\/span><\/div><article class=\"article-icon-entry \"  itemscope=\"itemscope\" itemtype=\"https:\/\/schema.org\/CreativeWork\" ><div class=\"iconlist_content_wrap\"><header class=\"entry-content-header\"><h4 class='av_iconlist_title iconlist_title  '  itemprop=\"headline\" > Reservas de hotel <\/h4><\/header><div class='iconlist_content '  itemprop=\"text\" ><p>\u25cf Excelente red de reservas de hotel.<br \/>\n\u25cf Informaci\u00f3n actualizada sobre hoteles.<br \/>\n\u25cf Nos encargamos de conseguir habitaciones especiales para hu\u00e9spedes.<br \/>\n\u25cf Grandes salas de reuniones y eventos.<br \/>\n\u25cf Formas de pago flexibles.<\/p>\n<\/div><\/div><footer class=\"entry-footer\"><\/footer><\/article><div class=\"iconlist-timeline\"><\/div><\/li>\n<li><div class='iconlist_icon av-av_iconlist_item-bf71a98585d7a3215b022590007e52a7 avia-font-entypo-fontello'><span class='iconlist-char' aria-hidden='true' data-av_icon='\ue8dd' data-av_iconfont='entypo-fontello'><\/span><\/div><article class=\"article-icon-entry \"  itemscope=\"itemscope\" itemtype=\"https:\/\/schema.org\/CreativeWork\" ><div class=\"iconlist_content_wrap\"><header class=\"entry-content-header\"><h4 class='av_iconlist_title iconlist_title  '  itemprop=\"headline\" > Alquiler de veh\u00edculos <\/h4><\/header><div class='iconlist_content '  itemprop=\"text\" ><ul>\n<li>Varios tipos de veh\u00edculos de alquiler.<\/li>\n<\/ul>\n<\/div><\/div><footer class=\"entry-footer\"><\/footer><\/article><div class=\"iconlist-timeline\"><\/div><\/li>\n<\/ul><\/div><\/p><\/div>\n\n<style type=\"text\/css\" data-created_by=\"avia_inline_auto\" id=\"style-css-av-av_one_fifth-2a64de42b738552fe666ca889af77e28\">\n.flex_column.av-av_one_fifth-2a64de42b738552fe666ca889af77e28{\nborder-radius:0px 0px 0px 0px;\npadding:0px 0px 0px 0px;\n}\n<\/style>\n<div  class='flex_column av-av_one_fifth-2a64de42b738552fe666ca889af77e28 av_one_fifth  avia-builder-el-18  el_after_av_three_fifth  el_before_av_textblock  flex_column_div av-zero-column-padding  column-top-margin'     ><\/div>\n<section  class='av_textblock_section av-av_textblock-0366cc7376be6c9e82a3e9cc8987b64f '   itemscope=\"itemscope\" itemtype=\"https:\/\/schema.org\/CreativeWork\" ><div class='avia_textblock'  itemprop=\"text\" ><p>Para mas inforciones pulse aqui : <a href=\"http:\/\/www.mice.ir\">mice.ir<\/a><\/p>\n<\/div><\/section>\n","protected":false},"excerpt":{"rendered":"","protected":false},"author":2,"featured_media":0,"parent":0,"menu_order":0,"comment_status":"closed","ping_status":"closed","template":"","meta":{"footnotes":""},"_links":{"self":[{"href":"https:\/\/irandoostan.com\/es\/wp-json\/wp\/v2\/pages\/826"}],"collection":[{"href":"https:\/\/irandoostan.com\/es\/wp-json\/wp\/v2\/pages"}],"about":[{"href":"https:\/\/irandoostan.com\/es\/wp-json\/wp\/v2\/types\/page"}],"author":[{"embeddable":true,"href":"https:\/\/irandoostan.com\/es\/wp-json\/wp\/v2\/users\/2"}],"replies":[{"embeddable":true,"href":"https:\/\/irandoostan.com\/es\/wp-json\/wp\/v2\/comments?post=826"}],"version-history":[{"count":0,"href":"https:\/\/irandoostan.com\/es\/wp-json\/wp\/v2\/pages\/826\/revisions"}],"wp:attachment":[{"href":"https:\/\/irandoostan.com\/es\/wp-json\/wp\/v2\/media?parent=826"}],"curies":[{"name":"wp","href":"https:\/\/api.w.org\/{rel}","templated":true}]}}