{"id":824,"date":"2015-11-29T19:25:26","date_gmt":"2015-11-29T19:25:26","guid":{"rendered":"https:\/\/irandoostan.com\/es\/?page_id=824"},"modified":"2017-05-21T00:18:44","modified_gmt":"2017-05-21T00:18:44","slug":"programas-culturales-en-iran","status":"publish","type":"page","link":"https:\/\/irandoostan.com\/es\/programas-culturales-en-iran\/","title":{"rendered":"Programas Culturales"},"content":{"rendered":"<div id='full_slider_1'  class='avia-fullwidth-slider main_color avia-shadow   avia-builder-el-0  el_before_av_heading  avia-builder-el-first   container_wrap sidebar_left'  ><div  class='avia-slideshow av-av_slideshow_full-4f3ef5c0d0c5e5a45e27d5f99336c2be avia-slideshow-featured av_slideshow_full avia-slide-slider av-slideshow-ui av-control-default av-slideshow-manual av-loop-once av-loop-manual-endless av-default-height-applied   avia-slideshow-1' data-slideshow-options=\"{&quot;animation&quot;:&quot;slide&quot;,&quot;autoplay&quot;:false,&quot;loop_autoplay&quot;:&quot;once&quot;,&quot;interval&quot;:5,&quot;loop_manual&quot;:&quot;manual-endless&quot;,&quot;autoplay_stopper&quot;:false,&quot;noNavigation&quot;:false,&quot;bg_slider&quot;:false,&quot;keep_padding&quot;:false,&quot;hoverpause&quot;:false,&quot;show_slide_delay&quot;:0}\"  itemprop=\"image\" itemscope=\"itemscope\" itemtype=\"https:\/\/schema.org\/ImageObject\" ><ul class='avia-slideshow-inner ' style='padding-bottom: 19.666666666667%;'><li  class='avia-slideshow-slide av-av_slideshow_full-4f3ef5c0d0c5e5a45e27d5f99336c2be__0  av-single-slide slide-1 slide-odd'><div data-rel='slideshow-1' class='avia-slide-wrap '   ><div class='av-slideshow-caption av-av_slideshow_full-4f3ef5c0d0c5e5a45e27d5f99336c2be__0 caption_fullwidth caption_center caption_center_framed caption_framed'><div class=\"container caption_container\"><div class=\"slideshow_caption\"><div class=\"slideshow_inner_caption\"><div class=\"slideshow_align_caption\"><h2 class='avia-caption-title '  itemprop=\"name\" >NOCIONES HISTORICAS Y GEOGRAFICAS<\/h2><div class='avia-caption-content '  itemprop=\"description\" ><p>I R A N ( P E R S I A )<\/p>\n<\/div><\/div><\/div><\/div><\/div><\/div><img decoding=\"async\" class=\"wp-image-1045 avia-img-lazy-loading-not-1045\"  src=\"https:\/\/irandoostan.com\/es\/dostcont\/uploads\/2015\/11\/iran-tour-cultre1-1500x295.jpg\" width=\"1500\" height=\"295\" title='iran-tour-cultre' alt='gira cultural por iran'  itemprop=\"thumbnailUrl\"   \/><\/div><\/li><\/ul><\/div><\/div><div id='after_full_slider_1'  class='main_color av_default_container_wrap container_wrap sidebar_left'  ><div class='container av-section-cont-open' ><div class='template-page content  av-content-small units'><div class='post-entry post-entry-type-page post-entry-824'><div class='entry-content-wrapper clearfix'>\n\n<style type=\"text\/css\" data-created_by=\"avia_inline_auto\" id=\"style-css-av-av_heading-4bd4d931b783f90bc459b42fe86a24ee\">\n#top .av-special-heading.av-av_heading-4bd4d931b783f90bc459b42fe86a24ee{\npadding-bottom:10px;\n}\nbody .av-special-heading.av-av_heading-4bd4d931b783f90bc459b42fe86a24ee .av-special-heading-tag .heading-char{\nfont-size:25px;\n}\n.av-special-heading.av-av_heading-4bd4d931b783f90bc459b42fe86a24ee .av-subheading{\nfont-size:15px;\n}\n<\/style>\n<div  class='av-special-heading av-av_heading-4bd4d931b783f90bc459b42fe86a24ee av-special-heading-h2  avia-builder-el-1  el_after_av_slideshow_full  el_before_av_one_full  avia-builder-el-first '><h2 class='av-special-heading-tag'  itemprop=\"headline\"  >Itinerarios Culturales en Ir\u00e1n <\/h2><div class=\"special-heading-border\"><div class=\"special-heading-inner-border\"><\/div><\/div><\/div>\n\n<style type=\"text\/css\" data-created_by=\"avia_inline_auto\" id=\"style-css-av-av_one_full-352b07ef7d3bc99b2e9f92e7a9e06bdb\">\n.flex_column.av-av_one_full-352b07ef7d3bc99b2e9f92e7a9e06bdb{\nborder-radius:0px 0px 0px 0px;\npadding:0px 0px 0px 0px;\n}\n<\/style>\n<div  class='flex_column av-av_one_full-352b07ef7d3bc99b2e9f92e7a9e06bdb av_one_full  avia-builder-el-2  el_after_av_heading  el_before_av_three_fourth  first flex_column_div av-zero-column-padding  '     ><section  class='av_textblock_section av-av_textblock-0366cc7376be6c9e82a3e9cc8987b64f '   itemscope=\"itemscope\" itemtype=\"https:\/\/schema.org\/CreativeWork\" ><div class='avia_textblock'  itemprop=\"text\" ><p style=\"text-align: center;\"><strong>I\u00a0\u00a0 R\u00a0 \u00c1\u00a0 N\u00a0\u00a0\u00a0\u00a0 ( P\u00a0 E\u00a0 R\u00a0 S\u00a0 I\u00a0 A )<\/strong><\/p>\n<p style=\"text-align: center;\"><strong>\u00a0 \u00a0NOCIONES DE HISTORIA Y GEOGRAF\u00cdA<\/strong><\/p>\n<p><strong>\u00a0<\/strong><\/p>\n<p style=\"text-align: justify;\">Ir\u00e1n y Arya son originariamente el mismo nombre que, a lo largo de la historia, se ha dado indistintamente a los habitantes Indoeuropeos, es decir, los primeros Arios que ocupaban la meseta. Hist\u00f3ricamente, diversas tribus y pueblos de procedencia similar, como los Persas, Medos, Hircanos y Sogdianos, fueron invadiendo la meseta desde el a\u00f1o 1000 a. C. en adelante. Estas tribus invasoras se establecieron a su vez en el pa\u00eds, lo unificaron y le otorgaron su car\u00e1cter predominante.<\/p>\n<p style=\"text-align: justify;\">En la actualidad Ir\u00e1n, aunque de tama\u00f1o m\u00e1s reducido que en el pasado, cubre una extensa \u00e1rea de 1\u00a0648\u00a0000 Km<sup>2<\/sup>, muy accesible por tierra y relativamente inaccesible por mar. Por otra parte, debido al mar Caspio al norte y al golfo P\u00e9rsico al sur, forma un puente entre Asia Central y la India por un lado y con el Mundo \u00c1rabe, Turqu\u00eda y Europa por otro.<\/p>\n<p style=\"text-align: justify;\">Ir\u00e1n es uno de los mayores pa\u00edses del mundo. De norte a sur, lo recorren por el oeste las grandes cadenas monta\u00f1osas de Alborz y de Zagross, que se alzan a 4200 y 4500\u00a0m y los 5671\u00a0m del monte Damavand al este de Teher\u00e1n. Los extremos m\u00e1s alejados de esas cordilleras proporcionan un contraste espectacular con el espacioso interior del pa\u00eds.<\/p>\n<p style=\"text-align: justify;\">Hacia la costa del Caspio los montes Alborz se hunden en una regi\u00f3n de bosque subtropical y pantanos, terrazas con plantaciones de t\u00e9, pl\u00e1tanos y arrozales. Un exuberante mundo, densamente poblado a unos 30m por debajo del nivel del mar.<\/p>\n<p style=\"text-align: justify;\">En la mayor parte del pa\u00eds, la pluviometr\u00eda anual oscila entre los 50 y los 2500\u00a0mm<sup>2<\/sup> y casi su totalidad precipita entre noviembre y abril, el resto del a\u00f1o los cielos est\u00e1n virtualmente cerrados y el sol brilla radiante cada dia.<\/p>\n<\/div><\/section><\/div>\n\n<style type=\"text\/css\" data-created_by=\"avia_inline_auto\" id=\"style-css-av-av_three_fourth-352b07ef7d3bc99b2e9f92e7a9e06bdb\">\n.flex_column.av-av_three_fourth-352b07ef7d3bc99b2e9f92e7a9e06bdb{\nborder-radius:0px 0px 0px 0px;\npadding:0px 0px 0px 0px;\n}\n<\/style>\n<div  class='flex_column av-av_three_fourth-352b07ef7d3bc99b2e9f92e7a9e06bdb av_three_fourth  avia-builder-el-4  el_after_av_one_full  el_before_av_one_fourth  first flex_column_div av-zero-column-padding  column-top-margin'     ><p>\n<style type=\"text\/css\" data-created_by=\"avia_inline_auto\" id=\"style-css-av-av_heading-f19d2dd49b9c916722ed9d7643315602\">\n#top .av-special-heading.av-av_heading-f19d2dd49b9c916722ed9d7643315602{\npadding-bottom:10px;\n}\nbody .av-special-heading.av-av_heading-f19d2dd49b9c916722ed9d7643315602 .av-special-heading-tag .heading-char{\nfont-size:25px;\n}\n.av-special-heading.av-av_heading-f19d2dd49b9c916722ed9d7643315602 .av-subheading{\nfont-size:15px;\n}\n<\/style>\n<div  class='av-special-heading av-av_heading-f19d2dd49b9c916722ed9d7643315602 av-special-heading-h2  avia-builder-el-5  el_before_av_textblock  avia-builder-el-first '><h2 class='av-special-heading-tag'  itemprop=\"headline\"  >Los Pueblos N\u00f3madas de Ir\u00e1n <\/h2><div class=\"special-heading-border\"><div class=\"special-heading-inner-border\"><\/div><\/div><\/div><br \/>\n<section  class='av_textblock_section av-av_textblock-0366cc7376be6c9e82a3e9cc8987b64f '   itemscope=\"itemscope\" itemtype=\"https:\/\/schema.org\/CreativeWork\" ><div class='avia_textblock'  itemprop=\"text\" ><p style=\"text-align: justify;\">La cr\u00eda de ganado y la estructura tribal de la sociedad son atributos de la vida n\u00f3mada, entre otras caracter\u00edsticas. Los \u00fanicos factores que los distinguen de las comunidades sedentarias son las migraciones estacionarias y la falta de un enclave espec\u00edfico. Lamentablemente no se dispone de suficiente informaci\u00f3n respecto a las tribus n\u00f3madas en Ir\u00e1n, anteriores al Islam. En la era isl\u00e1mica, las tribus son Kurdos, Lurs, Baluchis, \u00c1rabes, Turcos y los Barahuis. Dicho estilo de vida tom\u00f3 importancia en el periodo Sely\u00facida (s. XI-XIV).<\/p>\n<p style=\"text-align: justify;\">Las tribus migrantes principalmente se extienden a lo largo de las monta\u00f1as del Zagros y al oeste y este de Azerbaiy\u00e1n en la parte oeste de Ir\u00e1n as\u00ed como en Kermanshahan, Juzest\u00e1n, Lurist\u00e1n, Ilam y Chah\u00e1rmah\u00e1l -o- Bakhtiari, Kohkiluyeh y Boyer &#8211; Ahmad, Fars, Joras\u00e1n, Sist\u00e1n y Baluchist\u00e1n, Semnan y la regi\u00f3n central de Ir\u00e1n.<\/p>\n<p style=\"text-align: justify;\">El censo de 1988 muestra 94 tribus y 547 clanes independientes con una poblaci\u00f3n total de 1\u00a0150\u00a0099 habitantes.<\/p>\n<p style=\"text-align: justify;\">La jerarqu\u00eda de la divisi\u00f3n en tribus en Ir\u00e1n, por ejemplo entre los Qashqais, se conforma en unos cuantos clanes. \u00c9stos a su vez consisten en sectas las cuales se dividen en \u00abBonkus\u00bb, que se componen de unas pocas familias llamadas \u00abObehs\u00bb. Los Bonkus pueden integrase en una suerte de cooperativas ganaderas llamadas \u00abBaillehs\u00bb. Las tribus en su conjunto pueden funcionar en armon\u00eda para organizar guerras, garantizar la seguridad, el reparto de pastos, la cr\u00eda de ganado y migraciones.<\/p>\n<p style=\"text-align: justify;\">Su famosa artesan\u00eda tiene una importancia primordial en la econom\u00eda de la familia tribal. La carne y los l\u00e1cteos constituyen su principal modo de vida. A menudo definen su grupo y clan como tienda. \u00abTienda\u00bb evoca la palabra \u00abcasa\u00bb.<\/p>\n<p style=\"text-align: justify;\">Los matrimonios se basan en un sistema de castas. Las tribus de Ir\u00e1n son adeptos a las sectas sun\u00edes y chiitas y Ali \u2013 \u00abAllahis\u00bb tambi\u00e9n forman una minor\u00eda. Dependiendo de su ra\u00edz \u00e9tnica, los iran\u00edes hablan persa, kurdo, turco o \u00e1rabe.<\/p>\n<p><strong>\u00a0<\/strong><\/p>\n<p style=\"text-align: center;\"><strong>Ir\u00e1n se encuentra entre los 10 mayores productores de hortalizas <\/strong><\/p>\n<p style=\"text-align: center;\"><strong>y el tercero con mayor diversidad<\/strong><\/p>\n<p style=\"text-align: center;\"><strong>\u00a0<\/strong><\/p>\n<p style=\"text-align: justify;\">El clima en Ir\u00e1n es muy diverso, y como resultado de todos estos tipos de temperatura, produce frutas tropicales y subtropicales en cada estaci\u00f3n. En la actualidad, la producci\u00f3n hort\u00edcola total supera los 10 millones de toneladas anuales. Sus principales exportaciones m\u00e1s destacadas en el mercado mundial son pistachos, d\u00e1tiles, azafr\u00e1n, pasas, manzanas, limones, naranjas y uva.<\/p>\n<p style=\"text-align: justify;\">Adem\u00e1s de disfrutar de la naturaleza, de hermosos lugares y de hist\u00f3ricos emplazamientos de Ir\u00e1n puedes tambi\u00e9n saborear fruta de temporada como la sand\u00eda, mandarinas y naranjas. Directos del huerto a sus manos, pasas y frutos secos todo el a\u00f1o y una cocina tradicional iraqu\u00ed muy variada en nuestros restaurantes de mayor calidad. Puede usted probar la fruta m\u00e1s exquisita en nuestro antiguo pa\u00eds.<\/p>\n<\/div><\/section><\/p><\/div>\n<style type=\"text\/css\" data-created_by=\"avia_inline_auto\" id=\"style-css-av-av_one_fourth-2a64de42b738552fe666ca889af77e28\">\n.flex_column.av-av_one_fourth-2a64de42b738552fe666ca889af77e28{\nborder-radius:0px 0px 0px 0px;\npadding:0px 0px 0px 0px;\n}\n<\/style>\n<div  class='flex_column av-av_one_fourth-2a64de42b738552fe666ca889af77e28 av_one_fourth  avia-builder-el-7  el_after_av_three_fourth  el_before_av_one_fourth  flex_column_div av-zero-column-padding  column-top-margin'     ><p>\n<style type=\"text\/css\" data-created_by=\"avia_inline_auto\" id=\"style-css-av-av_hr-ca53f488071b99dc0960462f23bfb004\">\n#top .hr.hr-invisible.av-av_hr-ca53f488071b99dc0960462f23bfb004{\nheight:90px;\n}\n<\/style>\n<div  class='hr av-av_hr-ca53f488071b99dc0960462f23bfb004 hr-invisible  avia-builder-el-8  el_before_av_image  avia-builder-el-first '><span class='hr-inner '><span class=\"hr-inner-style\"><\/span><\/span><\/div><br \/>\n\n<style type=\"text\/css\" data-created_by=\"avia_inline_auto\" id=\"style-css-av-av_image-fb83ffde96220b7f46bfbef7c9311a3d\">\n.avia-image-container.av-av_image-fb83ffde96220b7f46bfbef7c9311a3d img.avia_image{\nbox-shadow:none;\n}\n.avia-image-container.av-av_image-fb83ffde96220b7f46bfbef7c9311a3d .av-image-caption-overlay-center{\ncolor:#ffffff;\n}\n<\/style>\n<div  class='avia-image-container av-av_image-fb83ffde96220b7f46bfbef7c9311a3d av-styling-circle avia_animated_image av-animated-when-visible-95 pop-up avia-align-center  avia-builder-el-9  el_after_av_hr  avia-builder-el-last '   itemprop=\"image\" itemscope=\"itemscope\" itemtype=\"https:\/\/schema.org\/ImageObject\" ><div class=\"avia-image-container-inner\"><div class=\"avia-image-overlay-wrap\"><img decoding=\"async\" class='wp-image-1053 avia-img-lazy-loading-not-1053 avia_image ' src=\"https:\/\/irandoostan.com\/es\/dostcont\/uploads\/2015\/11\/iran-nomad-tour-300x300.jpg\" alt='Gira n\u00f3mada por Ir\u00e1n' title='iran-nomad-tour'  height=\"300\" width=\"300\"  itemprop=\"thumbnailUrl\" srcset=\"https:\/\/irandoostan.com\/es\/dostcont\/uploads\/2015\/11\/iran-nomad-tour-300x300.jpg 300w, https:\/\/irandoostan.com\/es\/dostcont\/uploads\/2015\/11\/iran-nomad-tour-80x80.jpg 80w, https:\/\/irandoostan.com\/es\/dostcont\/uploads\/2015\/11\/iran-nomad-tour-36x36.jpg 36w, https:\/\/irandoostan.com\/es\/dostcont\/uploads\/2015\/11\/iran-nomad-tour-180x180.jpg 180w, https:\/\/irandoostan.com\/es\/dostcont\/uploads\/2015\/11\/iran-nomad-tour-120x120.jpg 120w, https:\/\/irandoostan.com\/es\/dostcont\/uploads\/2015\/11\/iran-nomad-tour-450x450.jpg 450w, https:\/\/irandoostan.com\/es\/dostcont\/uploads\/2015\/11\/iran-nomad-tour.jpg 500w\" sizes=\"(max-width: 300px) 100vw, 300px\" \/><\/div><\/div><\/div><\/p><\/div><\/p>\n\n<style type=\"text\/css\" data-created_by=\"avia_inline_auto\" id=\"style-css-av-av_one_fourth-352b07ef7d3bc99b2e9f92e7a9e06bdb\">\n.flex_column.av-av_one_fourth-352b07ef7d3bc99b2e9f92e7a9e06bdb{\nborder-radius:0px 0px 0px 0px;\npadding:0px 0px 0px 0px;\n}\n<\/style>\n<div  class='flex_column av-av_one_fourth-352b07ef7d3bc99b2e9f92e7a9e06bdb av_one_fourth  avia-builder-el-10  el_after_av_one_fourth  el_before_av_three_fourth  first flex_column_div av-zero-column-padding  column-top-margin'     ><p>\n<style type=\"text\/css\" data-created_by=\"avia_inline_auto\" id=\"style-css-av-av_hr-0688d0b0b6ed2f8b057db7a8270206df\">\n#top .hr.hr-invisible.av-av_hr-0688d0b0b6ed2f8b057db7a8270206df{\nheight:50px;\n}\n<\/style>\n<div  class='hr av-av_hr-0688d0b0b6ed2f8b057db7a8270206df hr-invisible  avia-builder-el-11  el_before_av_image  avia-builder-el-first '><span class='hr-inner '><span class=\"hr-inner-style\"><\/span><\/span><\/div><br \/>\n\n<style type=\"text\/css\" data-created_by=\"avia_inline_auto\" id=\"style-css-av-av_image-ea07ee1c57c16901a37c3a95c537f0fb\">\n.avia-image-container.av-av_image-ea07ee1c57c16901a37c3a95c537f0fb img.avia_image{\nbox-shadow:none;\n}\n.avia-image-container.av-av_image-ea07ee1c57c16901a37c3a95c537f0fb .av-image-caption-overlay-center{\ncolor:#ffffff;\n}\n<\/style>\n<div  class='avia-image-container av-av_image-ea07ee1c57c16901a37c3a95c537f0fb av-styling-circle avia_animated_image av-animated-when-visible-95 pop-up avia-align-center  avia-builder-el-12  el_after_av_hr  avia-builder-el-last '   itemprop=\"image\" itemscope=\"itemscope\" itemtype=\"https:\/\/schema.org\/ImageObject\" ><div class=\"avia-image-container-inner\"><div class=\"avia-image-overlay-wrap\"><img decoding=\"async\" class='wp-image-1056 avia-img-lazy-loading-not-1056 avia_image ' src=\"https:\/\/irandoostan.com\/es\/dostcont\/uploads\/2015\/11\/iran-tour-food-300x300.jpg\" alt='Tour gastron\u00f3mico por Ir\u00e1n' title='iran-tour-food'  height=\"300\" width=\"300\"  itemprop=\"thumbnailUrl\" srcset=\"https:\/\/irandoostan.com\/es\/dostcont\/uploads\/2015\/11\/iran-tour-food-300x300.jpg 300w, https:\/\/irandoostan.com\/es\/dostcont\/uploads\/2015\/11\/iran-tour-food-80x80.jpg 80w, https:\/\/irandoostan.com\/es\/dostcont\/uploads\/2015\/11\/iran-tour-food-36x36.jpg 36w, https:\/\/irandoostan.com\/es\/dostcont\/uploads\/2015\/11\/iran-tour-food-180x180.jpg 180w, https:\/\/irandoostan.com\/es\/dostcont\/uploads\/2015\/11\/iran-tour-food-120x120.jpg 120w, https:\/\/irandoostan.com\/es\/dostcont\/uploads\/2015\/11\/iran-tour-food-450x450.jpg 450w, https:\/\/irandoostan.com\/es\/dostcont\/uploads\/2015\/11\/iran-tour-food.jpg 500w\" sizes=\"(max-width: 300px) 100vw, 300px\" \/><\/div><\/div><\/div><\/p><\/div>\n\n<style type=\"text\/css\" data-created_by=\"avia_inline_auto\" id=\"style-css-av-av_three_fourth-2a64de42b738552fe666ca889af77e28\">\n.flex_column.av-av_three_fourth-2a64de42b738552fe666ca889af77e28{\nborder-radius:0px 0px 0px 0px;\npadding:0px 0px 0px 0px;\n}\n<\/style>\n<div  class='flex_column av-av_three_fourth-2a64de42b738552fe666ca889af77e28 av_three_fourth  avia-builder-el-13  el_after_av_one_fourth  avia-builder-el-last  flex_column_div av-zero-column-padding  column-top-margin'     ><p>\n<style type=\"text\/css\" data-created_by=\"avia_inline_auto\" id=\"style-css-av-av_heading-2433359d1294c388fb933b5292fe4ac0\">\n#top .av-special-heading.av-av_heading-2433359d1294c388fb933b5292fe4ac0{\npadding-bottom:10px;\n}\nbody .av-special-heading.av-av_heading-2433359d1294c388fb933b5292fe4ac0 .av-special-heading-tag .heading-char{\nfont-size:25px;\n}\n.av-special-heading.av-av_heading-2433359d1294c388fb933b5292fe4ac0 .av-subheading{\nfont-size:15px;\n}\n<\/style>\n<div  class='av-special-heading av-av_heading-2433359d1294c388fb933b5292fe4ac0 av-special-heading-h2  avia-builder-el-14  el_before_av_textblock  avia-builder-el-first '><h2 class='av-special-heading-tag'  itemprop=\"headline\"  >El Gusto por la Cocina Persa<\/h2><div class=\"special-heading-border\"><div class=\"special-heading-inner-border\"><\/div><\/div><\/div><br \/>\n<section  class='av_textblock_section av-av_textblock-0366cc7376be6c9e82a3e9cc8987b64f '   itemscope=\"itemscope\" itemtype=\"https:\/\/schema.org\/CreativeWork\" ><div class='avia_textblock'  itemprop=\"text\" ><p style=\"text-align: justify;\">Si a\u00fan todavia no ha tenido la oportunidad de probar alg\u00fan plato persa, pregunte a alguien que lo haya hecho. La cocina persa es tan diferente, tan exquisita que es simplesmente imposible de comparar con cualquier otra. Al pasar por las sinuosas y intemporales calles de cualquier pueblo o ciudad de Ir\u00e1n a mediod\u00eda, una combinaci\u00f3n de ex\u00f3ticos aromas salen de las ventanas de las casas. Seguro que usted se sentira tentado a probarselos.<\/p>\n<p style=\"text-align: justify;\">La cocina tradicional persa tiene sus ra\u00edces en cientos de a\u00f1os de refinamiento de sus ingeniosas amas de casa, y dispone de amplia y sana diversidad que caracteriza su variedad clim\u00e1tica y \u00e9tnica.<\/p>\n<p style=\"text-align: justify;\">Para familiarizarse con el sabor \u00fanico de la cocina persa, le ofrecemos los nombres de alguno de los platos m\u00e1s populares, f\u00e1ciles de preparar. Ven \u00a0probarlos.<\/p>\n<ul>\n<li>Kateh<\/li>\n<li>Polow (or Chelow)<\/li>\n<li>Kabab-e Koobideh<\/li>\n<li>Kabab-e Barg<\/li>\n<li>Dolmeh-ye Felfel<\/li>\n<li>GhormehSabzi<\/li>\n<li>KooftehBerenji<\/li>\n<li>Tah-Cheen<\/li>\n<\/ul>\n<\/div><\/section><\/p><\/div>\n","protected":false},"excerpt":{"rendered":"","protected":false},"author":2,"featured_media":0,"parent":0,"menu_order":0,"comment_status":"closed","ping_status":"closed","template":"","meta":{"footnotes":""},"_links":{"self":[{"href":"https:\/\/irandoostan.com\/es\/wp-json\/wp\/v2\/pages\/824"}],"collection":[{"href":"https:\/\/irandoostan.com\/es\/wp-json\/wp\/v2\/pages"}],"about":[{"href":"https:\/\/irandoostan.com\/es\/wp-json\/wp\/v2\/types\/page"}],"author":[{"embeddable":true,"href":"https:\/\/irandoostan.com\/es\/wp-json\/wp\/v2\/users\/2"}],"replies":[{"embeddable":true,"href":"https:\/\/irandoostan.com\/es\/wp-json\/wp\/v2\/comments?post=824"}],"version-history":[{"count":0,"href":"https:\/\/irandoostan.com\/es\/wp-json\/wp\/v2\/pages\/824\/revisions"}],"wp:attachment":[{"href":"https:\/\/irandoostan.com\/es\/wp-json\/wp\/v2\/media?parent=824"}],"curies":[{"name":"wp","href":"https:\/\/api.w.org\/{rel}","templated":true}]}}