{"id":815,"date":"2015-11-29T19:11:50","date_gmt":"2015-11-29T19:11:50","guid":{"rendered":"https:\/\/irandoostan.com\/es\/?page_id=815"},"modified":"2017-05-10T14:26:46","modified_gmt":"2017-05-10T14:26:46","slug":"mensaje-de-nuestro-director","status":"publish","type":"page","link":"https:\/\/irandoostan.com\/es\/mensaje-de-nuestro-director\/","title":{"rendered":"Mensaje de Nuestro Director"},"content":{"rendered":"\n<style type=\"text\/css\" data-created_by=\"avia_inline_auto\" id=\"style-css-av-av_two_third-352b07ef7d3bc99b2e9f92e7a9e06bdb\">\n.flex_column.av-av_two_third-352b07ef7d3bc99b2e9f92e7a9e06bdb{\nborder-radius:0px 0px 0px 0px;\npadding:0px 0px 0px 0px;\n}\n<\/style>\n<div  class='flex_column av-av_two_third-352b07ef7d3bc99b2e9f92e7a9e06bdb av_two_third  avia-builder-el-0  el_before_av_one_third  avia-builder-el-first  first flex_column_div av-zero-column-padding  '     ><section  class='av_textblock_section av-av_textblock-0366cc7376be6c9e82a3e9cc8987b64f '   itemscope=\"itemscope\" itemtype=\"https:\/\/schema.org\/CreativeWork\" ><div class='avia_textblock'  itemprop=\"text\" ><h3 style=\"text-align: justify;\"><strong>Mensaje de Nuestro Director<\/strong><\/h3>\n<p style=\"text-align: justify;\">Bienvenido a Ir\u00e1n, un pa\u00eds que fue la capital del mayor Imperio que ha existido. Los reyes y emperadores de esta tierra tienen una fama universal por su amor hacia la humanidad, que nos han transmitido como un legado incalculable.<\/p>\n<p style=\"text-align: justify;\">A lo largo de la historia, Ir\u00e1n ha estado expuesto a una gran variedad de culturas y grupos \u00e9tnicos. Desde la \u00e9poca en que Persia se encontraba en el centro de la antigua Ruta de la Seda hasta la actualidad, Ir\u00e1n se ha caracterizado por su gente amable y cordial.<\/p>\n<p style=\"text-align: justify;\">Le ayudaremos a descubrir este pa\u00eds de gran riqueza hist\u00f3rica y cultural, gran belleza natural y un clima de cuatro estaciones. Empezar su viaje con un vistazo r\u00e1pido a Ir\u00e1n y su cultura ser\u00e1 de gran ayuda a la hora de planificar unas vacaciones perfectas en nuestro pa\u00eds. Nos apasiona dise\u00f1ar itinerarios interesantes para nuestros visitantes y tambi\u00e9n ayudarles a crear un viaje personalizado que satisfaga a la perfecci\u00f3n su deseo por conocer lugares lejanos. Es un gran placer para nosotros poder proporcionarle una imagen inolvidable de las maravillas ex\u00f3ticas de esta tierra, que le acompa\u00f1ar\u00e1n cuando regrese a su casa.<\/p>\n<p style=\"text-align: justify;\">Si le interesan los museos, la arqueolog\u00eda, la naturaleza, las actividades deportivas, la aventura, los lugares sagrados (isl\u00e1micos, cristianos y jud\u00edos), la historia, la arquitectura, o el turismo en general, estamos aqu\u00ed para ayudarle. Le damos la bienvenida y deseamos ser sus anfitriones de honor durante su visita a Ir\u00e1n. Esperamos que nos visite de nuevo en muchas ocasiones.<\/p>\n<p style=\"text-align: justify;\">Nuestro personal y yo estamos dispuestos a ayudarle en la planificaci\u00f3n de un viaje memorable e inolvidable a Ir\u00e1n. Si hay algo que podamos hacer para que su visita resulte m\u00e1s agradable, no dude en ponerse en contacto conmigo directamente.<\/p>\n<p style=\"text-align: justify;\">Un saludo cordial,<\/p>\n<p style=\"text-align: justify;\">Ali Vaghefi<\/p>\n<p style=\"text-align: justify;\">Director ejecutivo<\/p>\n<p style=\"text-align: justify;\"><a href=\"mailto:ali@irandoostan.com\">ali@irandoostan.com<\/a><\/p>\n<\/div><\/section><\/div>\n<style type=\"text\/css\" data-created_by=\"avia_inline_auto\" id=\"style-css-av-av_one_third-2a64de42b738552fe666ca889af77e28\">\n.flex_column.av-av_one_third-2a64de42b738552fe666ca889af77e28{\nborder-radius:0px 0px 0px 0px;\npadding:0px 0px 0px 0px;\n}\n<\/style>\n<div  class='flex_column av-av_one_third-2a64de42b738552fe666ca889af77e28 av_one_third  avia-builder-el-2  el_after_av_two_third  avia-builder-el-last  flex_column_div av-zero-column-padding  '     ><p>\n<style type=\"text\/css\" data-created_by=\"avia_inline_auto\" id=\"style-css-av-av_hr-5ea7596238ed9f191e6b5e662093052f\">\n#top .hr.hr-invisible.av-av_hr-5ea7596238ed9f191e6b5e662093052f{\nheight:30px;\n}\n<\/style>\n<div  class='hr av-av_hr-5ea7596238ed9f191e6b5e662093052f hr-invisible  avia-builder-el-3  el_before_av_image  avia-builder-el-first '><span class='hr-inner '><span class=\"hr-inner-style\"><\/span><\/span><\/div><br \/>\n\n<style type=\"text\/css\" data-created_by=\"avia_inline_auto\" id=\"style-css-av-av_image-948005fd88415ce586dc985749cd256c\">\n.avia-image-container.av-av_image-948005fd88415ce586dc985749cd256c img.avia_image{\nbox-shadow:none;\n}\n.avia-image-container.av-av_image-948005fd88415ce586dc985749cd256c .av-image-caption-overlay-center{\ncolor:#ffffff;\n}\n<\/style>\n<div  class='avia-image-container av-av_image-948005fd88415ce586dc985749cd256c av-styling- avia_animated_image av-animated-when-visible-95 right-to-left avia-align-center  avia-builder-el-4  el_after_av_hr  avia-builder-el-last '   itemprop=\"image\" itemscope=\"itemscope\" itemtype=\"https:\/\/schema.org\/ImageObject\" ><div class=\"avia-image-container-inner\"><div class=\"avia-image-overlay-wrap\"><img decoding=\"async\" class='wp-image-1117 avia-img-lazy-loading-not-1117 avia_image ' src=\"https:\/\/irandoostan.com\/es\/dostcont\/uploads\/2015\/11\/iran-tour-manager-message-1.jpg\" alt='Ali Vaghefi' title='iran-tour-manager-message'  height=\"800\" width=\"800\"  itemprop=\"thumbnailUrl\" srcset=\"https:\/\/irandoostan.com\/es\/dostcont\/uploads\/2015\/11\/iran-tour-manager-message-1.jpg 800w, https:\/\/irandoostan.com\/es\/dostcont\/uploads\/2015\/11\/iran-tour-manager-message-1-80x80.jpg 80w, https:\/\/irandoostan.com\/es\/dostcont\/uploads\/2015\/11\/iran-tour-manager-message-1-300x300.jpg 300w, https:\/\/irandoostan.com\/es\/dostcont\/uploads\/2015\/11\/iran-tour-manager-message-1-768x768.jpg 768w, https:\/\/irandoostan.com\/es\/dostcont\/uploads\/2015\/11\/iran-tour-manager-message-1-36x36.jpg 36w, https:\/\/irandoostan.com\/es\/dostcont\/uploads\/2015\/11\/iran-tour-manager-message-1-180x180.jpg 180w, https:\/\/irandoostan.com\/es\/dostcont\/uploads\/2015\/11\/iran-tour-manager-message-1-705x705.jpg 705w, https:\/\/irandoostan.com\/es\/dostcont\/uploads\/2015\/11\/iran-tour-manager-message-1-120x120.jpg 120w, https:\/\/irandoostan.com\/es\/dostcont\/uploads\/2015\/11\/iran-tour-manager-message-1-450x450.jpg 450w\" sizes=\"(max-width: 800px) 100vw, 800px\" \/><\/div><\/div><\/div><\/p><\/div><\/p>\n","protected":false},"excerpt":{"rendered":"","protected":false},"author":2,"featured_media":0,"parent":0,"menu_order":0,"comment_status":"closed","ping_status":"closed","template":"","meta":{"footnotes":""},"_links":{"self":[{"href":"https:\/\/irandoostan.com\/es\/wp-json\/wp\/v2\/pages\/815"}],"collection":[{"href":"https:\/\/irandoostan.com\/es\/wp-json\/wp\/v2\/pages"}],"about":[{"href":"https:\/\/irandoostan.com\/es\/wp-json\/wp\/v2\/types\/page"}],"author":[{"embeddable":true,"href":"https:\/\/irandoostan.com\/es\/wp-json\/wp\/v2\/users\/2"}],"replies":[{"embeddable":true,"href":"https:\/\/irandoostan.com\/es\/wp-json\/wp\/v2\/comments?post=815"}],"version-history":[{"count":0,"href":"https:\/\/irandoostan.com\/es\/wp-json\/wp\/v2\/pages\/815\/revisions"}],"wp:attachment":[{"href":"https:\/\/irandoostan.com\/es\/wp-json\/wp\/v2\/media?parent=815"}],"curies":[{"name":"wp","href":"https:\/\/api.w.org\/{rel}","templated":true}]}}