{"id":799,"date":"2015-11-29T16:52:07","date_gmt":"2015-11-29T16:52:07","guid":{"rendered":"https:\/\/irandoostan.com\/es\/?page_id=799"},"modified":"2021-04-11T15:56:45","modified_gmt":"2021-04-11T15:56:45","slug":"acerca-de-irandoostan","status":"publish","type":"page","link":"https:\/\/irandoostan.com\/es\/acerca-de-irandoostan\/","title":{"rendered":"Acerca de Irandoostan"},"content":{"rendered":"\n<style type=\"text\/css\" data-created_by=\"avia_inline_auto\" id=\"style-css-av-2coo5r-35fea5b7e77a2ec476b325da7abddcf0\">\n.flex_column.av-2coo5r-35fea5b7e77a2ec476b325da7abddcf0{\nborder-radius:0px 0px 0px 0px;\npadding:0px 0px 0px 0px;\n}\n<\/style>\n<div  class='flex_column av-2coo5r-35fea5b7e77a2ec476b325da7abddcf0 av_one_third  avia-builder-el-0  el_before_av_two_third  avia-builder-el-first  first flex_column_div av-zero-column-padding  '     ><style type=\"text\/css\" data-created_by=\"avia_inline_auto\" id=\"style-css-av-2baavz-752aafb0f6243b320c9a6c881e46eca7\">\n.avia-image-container.av-2baavz-752aafb0f6243b320c9a6c881e46eca7 img.avia_image{\nbox-shadow:none;\n}\n.avia-image-container.av-2baavz-752aafb0f6243b320c9a6c881e46eca7 .av-image-caption-overlay-center{\ncolor:#ffffff;\n}\n<\/style>\n<div  class='avia-image-container av-2baavz-752aafb0f6243b320c9a6c881e46eca7 av-styling-circle avia_animated_image av-animated-when-visible-95 pop-up avia-align-center  avia-builder-el-1  avia-builder-el-no-sibling '   itemprop=\"image\" itemscope=\"itemscope\" itemtype=\"https:\/\/schema.org\/ImageObject\" ><div class=\"avia-image-container-inner\"><div class=\"avia-image-overlay-wrap\"><img decoding=\"async\" class='wp-image-807 avia-img-lazy-loading-not-807 avia_image ' src=\"https:\/\/irandoostan.com\/es\/dostcont\/uploads\/2015\/11\/irandoostan-iran-tours2-300x300.jpg\" alt='irandoostan' title='irandoostan-iran-tours'  height=\"300\" width=\"300\"  itemprop=\"thumbnailUrl\" srcset=\"https:\/\/irandoostan.com\/es\/dostcont\/uploads\/2015\/11\/irandoostan-iran-tours2-300x300.jpg 300w, https:\/\/irandoostan.com\/es\/dostcont\/uploads\/2015\/11\/irandoostan-iran-tours2-80x80.jpg 80w, https:\/\/irandoostan.com\/es\/dostcont\/uploads\/2015\/11\/irandoostan-iran-tours2-36x36.jpg 36w, https:\/\/irandoostan.com\/es\/dostcont\/uploads\/2015\/11\/irandoostan-iran-tours2-180x180.jpg 180w, https:\/\/irandoostan.com\/es\/dostcont\/uploads\/2015\/11\/irandoostan-iran-tours2-120x120.jpg 120w, https:\/\/irandoostan.com\/es\/dostcont\/uploads\/2015\/11\/irandoostan-iran-tours2-450x450.jpg 450w, https:\/\/irandoostan.com\/es\/dostcont\/uploads\/2015\/11\/irandoostan-iran-tours2.jpg 626w\" sizes=\"(max-width: 300px) 100vw, 300px\" \/><\/div><\/div><\/div><\/div>\n\n<style type=\"text\/css\" data-created_by=\"avia_inline_auto\" id=\"style-css-av-21sv7z-f1accd7ff9a61ed23700d7477a02823b\">\n.flex_column.av-21sv7z-f1accd7ff9a61ed23700d7477a02823b{\nborder-radius:0px 0px 0px 0px;\npadding:0px 0px 0px 0px;\n}\n<\/style>\n<div  class='flex_column av-21sv7z-f1accd7ff9a61ed23700d7477a02823b av_two_third  avia-builder-el-2  el_after_av_one_third  el_before_av_one_fifth  flex_column_div av-zero-column-padding  '     ><p>\n<style type=\"text\/css\" data-created_by=\"avia_inline_auto\" id=\"style-css-av-av_heading-c10f1b10d71beb224651c7f3107927da\">\n#top .av-special-heading.av-av_heading-c10f1b10d71beb224651c7f3107927da{\npadding-bottom:10px;\n}\nbody .av-special-heading.av-av_heading-c10f1b10d71beb224651c7f3107927da .av-special-heading-tag .heading-char{\nfont-size:25px;\n}\n.av-special-heading.av-av_heading-c10f1b10d71beb224651c7f3107927da .av-subheading{\nfont-size:15px;\n}\n<\/style>\n<div  class='av-special-heading av-av_heading-c10f1b10d71beb224651c7f3107927da av-special-heading-h1 blockquote modern-quote modern-centered  avia-builder-el-3  el_before_av_textblock  avia-builder-el-first '><h1 class='av-special-heading-tag'  itemprop=\"headline\"  > Introducci\u00f3n A Iran Doostan<\/h1><div class='av-subheading av-subheading_below'><p>Una Nueva Vision de la Persia<\/p>\n<\/div><div class=\"special-heading-border\"><div class=\"special-heading-inner-border\"><\/div><\/div><\/div><br \/>\n<section  class='av_textblock_section av-1ppojz-f2068463a05aa561b4b1e1974a1c77f6 '   itemscope=\"itemscope\" itemtype=\"https:\/\/schema.org\/CreativeWork\" ><div class='avia_textblock'  itemprop=\"text\" ><p>La agencia de viajes Iran Doostan Tours se ha dedicado al turismo receptivo en el pa\u00eds durante m\u00e1s de tres d\u00e9cadas y\u00a0 tambi\u00e9n organiza viajes al extranjero. Los departamentos de negocios y MICE (acr\u00f3nimo en ingl\u00e9s para referirse al turismo de congresos, convenciones, viajes de incentivo y exposiciones) llevan activos ano 2000.<\/p>\n<p>IDT ha logrado ser el mejor operador tur\u00edstico de entre 4000 agencias de viajes iran\u00edes en 2004, 2008, 2009, 2012, 2013 ,2015 y 2019. En 2008 obtuvo el premio a la excelencia del sector tur\u00edstico iran\u00ed.<\/p>\n<p><strong>Ofrecemos los programas siguientes:<\/strong><\/p>\n<ol>\n<li>Diferentes itinerarios, desde 8 hasta 22 d\u00edas de duraci\u00f3n, acompa\u00f1ados en todo momento por un gu\u00eda.<\/li>\n<li>Visados de turista o de negocios en pocos d\u00edas.<\/li>\n<li>Itinerarios a medida, individuales o en grupo.<\/li>\n<li>Reservas de hotel, traslados nacionales e internacionales y venta de entradas.<\/li>\n<li>Visitas arqueol\u00f3gicas, hist\u00f3ricas y culturales.<\/li>\n<li>Paquetes especiales de actividades deportivas diversas como esqu\u00ed, escalada, excursionismo, submarinismo, e itinerarios de naturaleza y aventura.<\/li>\n<li>Servicios para viajes de negocios (MICE), conferencias, congresos, seminarios y viajes de estudios, con instalaciones para la proyecci\u00f3n de pel\u00edculas de contenido cultural y educativo.<\/li>\n<li>Visitas especiales a las regiones de los n\u00f3madas. (Viajes tribales Qashghaei y Bakhteiari), para presenciar su migraci\u00f3n, visitar sus campamentos y aprender sobre sus tradiciones y su estilo de vida.<\/li>\n<li>Viajes combinados a Ir\u00e1n y otros pa\u00edses de Asia Central.<\/li>\n<li>Viajes de peregrinaje.<\/li>\n<li>Agente general de ventas para <em>World Net Hotels <\/em>(sistema de reservas de hotel a trav\u00e9s de internet WNH) www.wnh-ir.net.<\/li>\n<\/ol>\n<p>IDT dise\u00f1\u00f3 y construy\u00f3 el primer campamento ecol\u00f3gico iran\u00ed en el Desierto Central de Ir\u00e1n en 2010. Su objetivo es ofrecer a los visitantes aventuras inolvidables en la mayor proximidad a la naturaleza posible. Excursiones en camello o a pie, acompa\u00f1ados de gu\u00edas naturalistas con amplia experiencia, recorridos en bicicleta a trav\u00e9s de paisajes de dunas de arena y gargantas entre monta\u00f1as, paseos nocturnos por el desierto bajo el cielo estrellado. El campamento ecol\u00f3gico en el desierto MatinAbad se encuentra arropado por \u00e1rboles del desierto de siglos de antig\u00fcedad y goza de vistas de 360 grados sobre el paisaje del desierto, las granjas locales y las monta\u00f1as circundantes. Las monta\u00f1as Karkas en el sur y Latif en el norte moldean la estructura del paisaje.<\/p>\n<p><strong>Estamos orgullosos de haber liderado el sector tur\u00edstico iran\u00ed en numerosas ocasiones<\/strong><\/p>\n<p><strong>Actividades de IDT destacables<\/strong><\/p>\n<ul>\n<li>Los primeros en haber recibido grupos de turistas suecos, colombianos, brasile\u00f1os, americanos, tailandeses y chinos.<\/li>\n<li>Los primeros en haber recibido visitantes vip de otros pa\u00edses, como el presidente del gobierno espa\u00f1ol Jos\u00e9 Mar\u00eda Aznar y Frantz Baekenbauer.<\/li>\n<li>Los primeros en combinar viajes culturales con viajes de aventura, deportes y exploraci\u00f3n.<\/li>\n<li>La primera agencia de viajes iran\u00ed en ser reconocida por las ferias de comercio alemanas como un socio tur\u00edstico de confianza en el extranjero.<\/li>\n<li>Los primeros en involucrarse en el turismo responsable en Ir\u00e1n, que reconoce y promueve el mejor ejemplo mundial de las buenas pr\u00e1cticas en desarrollo de un turismo responsable.<\/li>\n<li>Los primeros en establecer y gestionar el \u00abprimer campamento ecol\u00f3gico de Ir\u00e1n\u00bb.<\/li>\n<\/ul>\n<\/div><\/section><\/p><\/div>\n<style type=\"text\/css\" data-created_by=\"avia_inline_auto\" id=\"style-css-av-1kavfr-6b8752a3f7058304e3453ff8a9150107\">\n.flex_column.av-1kavfr-6b8752a3f7058304e3453ff8a9150107{\nborder-radius:0px 0px 0px 0px;\npadding:0px 0px 0px 0px;\n}\n<\/style>\n<div  class='flex_column av-1kavfr-6b8752a3f7058304e3453ff8a9150107 av_one_fifth  avia-builder-el-5  el_after_av_two_third  el_before_av_two_third  first flex_column_div av-zero-column-padding  column-top-margin'     ><\/div><\/p>\n\n<style type=\"text\/css\" data-created_by=\"avia_inline_auto\" id=\"style-css-av-1crs6f-4f36f9162599fb921452d6db3a1e4ade\">\n.flex_column.av-1crs6f-4f36f9162599fb921452d6db3a1e4ade{\nborder-radius:0px 0px 0px 0px;\npadding:0px 0px 0px 0px;\n}\n<\/style>\n<div  class='flex_column av-1crs6f-4f36f9162599fb921452d6db3a1e4ade av_two_third  avia-builder-el-6  el_after_av_one_fifth  avia-builder-el-last  flex_column_div av-zero-column-padding  column-top-margin'     ><div  class='avia-icon-list-container av-gb1b-39026a0df959a9e9161efca87a6376fd  avia-builder-el-7  avia-builder-el-no-sibling '><ul class='avia-icon-list avia_animate_when_almost_visible avia-icon-list-left av-iconlist-big av-gb1b-39026a0df959a9e9161efca87a6376fd avia-iconlist-animate'>\n<li><div class='iconlist_icon av-149euv-11040c21bd1fd4b2760b92b6fbb37949 avia-font-entypo-fontello'><span class='iconlist-char' aria-hidden='true' data-av_icon='\ue82b' data-av_iconfont='entypo-fontello'><\/span><\/div><article class=\"article-icon-entry \"  itemscope=\"itemscope\" itemtype=\"https:\/\/schema.org\/CreativeWork\" ><div class=\"iconlist_content_wrap\"><header class=\"entry-content-header\"><h4 class='av_iconlist_title iconlist_title  '  itemprop=\"headline\" > Suecos, Colombianos, Brasilenos, Americanos<\/h4><\/header><div class='iconlist_content '  itemprop=\"text\" ><p>Los primeros a recibir grupos de turistas Suecos, Colombianos, Brasilenos, Tailandeses, Chinos y Americanos<\/p>\n<\/div><\/div><footer class=\"entry-footer\"><\/footer><\/article><div class=\"iconlist-timeline\"><\/div><\/li>\n<li><div class='iconlist_icon av-xko6v-c7dbf39604038b9733385534d09ef69c avia-font-entypo-fontello'><span class='iconlist-char' aria-hidden='true' data-av_icon='\ue80a' data-av_iconfont='entypo-fontello'><\/span><\/div><article class=\"article-icon-entry \"  itemscope=\"itemscope\" itemtype=\"https:\/\/schema.org\/CreativeWork\" ><div class=\"iconlist_content_wrap\"><header class=\"entry-content-header\"><h4 class='av_iconlist_title iconlist_title  '  itemprop=\"headline\" >Pasajeros VIP<\/h4><\/header><div class='iconlist_content '  itemprop=\"text\" ><p>Los primeros a recibir pasajeros VIP tales como el Primer Ministro de Espana\u00a0\u201cJose Maria Aznar\u201d y el ex-jugador \u201cFrantz Baekenbauer\u201d<\/p>\n<\/div><\/div><footer class=\"entry-footer\"><\/footer><\/article><div class=\"iconlist-timeline\"><\/div><\/li>\n<li><div class='iconlist_icon av-q3g27-dfe1e997ce91fa03b03a5722c5bdd0f5 avia-font-entypo-fontello'><span class='iconlist-char' aria-hidden='true' data-av_icon='\ue8de' data-av_iconfont='entypo-fontello'><\/span><\/div><article class=\"article-icon-entry \"  itemscope=\"itemscope\" itemtype=\"https:\/\/schema.org\/CreativeWork\" ><div class=\"iconlist_content_wrap\"><header class=\"entry-content-header\"><h4 class='av_iconlist_title iconlist_title  '  itemprop=\"headline\" >Aventura, Deportes y Exploracion <\/h4><\/header><div class='iconlist_content '  itemprop=\"text\" ><p>Los primeros a combinar programas culturales com aventura, deportes y exploracion.<\/p>\n<\/div><\/div><footer class=\"entry-footer\"><\/footer><\/article><div class=\"iconlist-timeline\"><\/div><\/li>\n<li><div class='iconlist_icon av-lr37b-874c7199eba39d7ae75b813cb8acd335 avia-font-entypo-fontello'><span class='iconlist-char' aria-hidden='true' data-av_icon='\ue864' data-av_iconfont='entypo-fontello'><\/span><\/div><article class=\"article-icon-entry \"  itemscope=\"itemscope\" itemtype=\"https:\/\/schema.org\/CreativeWork\" ><div class=\"iconlist_content_wrap\"><header class=\"entry-content-header\"><h4 class='av_iconlist_title iconlist_title  '  itemprop=\"headline\" >Mercado Aleman<\/h4><\/header><div class='iconlist_content '  itemprop=\"text\" ><p>Primera compania Irani a ser reconocida por los centros de exibicion de comercio aleman como un parcero comercial confiable en el extranjero.<\/p>\n<\/div><\/div><footer class=\"entry-footer\"><\/footer><\/article><div class=\"iconlist-timeline\"><\/div><\/li>\n<li><div class='iconlist_icon av-exhdr-8da25b42e2e743c2d16196c9623f7f72 avia-font-entypo-fontello'><span class='iconlist-char' aria-hidden='true' data-av_icon='\ue8b1' data-av_iconfont='entypo-fontello'><\/span><\/div><article class=\"article-icon-entry \"  itemscope=\"itemscope\" itemtype=\"https:\/\/schema.org\/CreativeWork\" ><div class=\"iconlist_content_wrap\"><header class=\"entry-content-header\"><h4 class='av_iconlist_title iconlist_title  '  itemprop=\"headline\" >Desenvolvimiento de Turismo<\/h4><\/header><div class='iconlist_content '  itemprop=\"text\" ><p>Los primeros a envolver el turismo responsable en Iran, reconocer y promover el ejemplo mundial de la mejor practica del desenvolvimento de turismo responsable<\/p>\n<\/div><\/div><footer class=\"entry-footer\"><\/footer><\/article><div class=\"iconlist-timeline\"><\/div><\/li>\n<li><div class='iconlist_icon av-80urj-46d7994a9c181c5723ab24e811631200 avia-font-entypo-fontello'><span class='iconlist-char' aria-hidden='true' data-av_icon='\ue866' data-av_iconfont='entypo-fontello'><\/span><\/div><article class=\"article-icon-entry \"  itemscope=\"itemscope\" itemtype=\"https:\/\/schema.org\/CreativeWork\" ><div class=\"iconlist_content_wrap\"><header class=\"entry-content-header\"><h4 class='av_iconlist_title iconlist_title  '  itemprop=\"headline\" >Primero Campamento Ecologico<\/h4><\/header><div class='iconlist_content '  itemprop=\"text\" ><p>Los primeros a establecer el campamento ecologico en Iran.<\/p>\n<\/div><\/div><footer class=\"entry-footer\"><\/footer><\/article><div class=\"iconlist-timeline\"><\/div><\/li>\n<\/ul><\/div><\/div>\n","protected":false},"excerpt":{"rendered":"","protected":false},"author":2,"featured_media":0,"parent":0,"menu_order":0,"comment_status":"closed","ping_status":"closed","template":"","meta":{"footnotes":""},"_links":{"self":[{"href":"https:\/\/irandoostan.com\/es\/wp-json\/wp\/v2\/pages\/799"}],"collection":[{"href":"https:\/\/irandoostan.com\/es\/wp-json\/wp\/v2\/pages"}],"about":[{"href":"https:\/\/irandoostan.com\/es\/wp-json\/wp\/v2\/types\/page"}],"author":[{"embeddable":true,"href":"https:\/\/irandoostan.com\/es\/wp-json\/wp\/v2\/users\/2"}],"replies":[{"embeddable":true,"href":"https:\/\/irandoostan.com\/es\/wp-json\/wp\/v2\/comments?post=799"}],"version-history":[{"count":0,"href":"https:\/\/irandoostan.com\/es\/wp-json\/wp\/v2\/pages\/799\/revisions"}],"wp:attachment":[{"href":"https:\/\/irandoostan.com\/es\/wp-json\/wp\/v2\/media?parent=799"}],"curies":[{"name":"wp","href":"https:\/\/api.w.org\/{rel}","templated":true}]}}