{"id":783,"date":"2015-11-29T16:15:55","date_gmt":"2015-11-29T16:15:55","guid":{"rendered":"https:\/\/irandoostan.com\/es\/?page_id=783"},"modified":"2021-04-20T15:11:56","modified_gmt":"2021-04-20T15:11:56","slug":"comite-de-directores","status":"publish","type":"page","link":"https:\/\/irandoostan.com\/es\/comite-de-directores\/","title":{"rendered":"Comit\u00e9 de Directores"},"content":{"rendered":"\n<style type=\"text\/css\" data-created_by=\"avia_inline_auto\" id=\"style-css-av-2wg0xz-9fe001b1992a5af3d876ef1881c6e294\">\n.flex_column.av-2wg0xz-9fe001b1992a5af3d876ef1881c6e294{\nborder-radius:0px 0px 0px 0px;\npadding:0px 0px 0px 0px;\n}\n<\/style>\n<div  class='flex_column av-2wg0xz-9fe001b1992a5af3d876ef1881c6e294 av_one_fifth  avia-builder-el-0  el_before_av_four_fifth  avia-builder-el-first  first flex_column_div av-zero-column-padding  '     ><style type=\"text\/css\" data-created_by=\"avia_inline_auto\" id=\"style-css-av-2p6g9z-094c8a56ff724541b42946d71b6a4d62\">\n.avia-image-container.av-2p6g9z-094c8a56ff724541b42946d71b6a4d62 img.avia_image{\nbox-shadow:none;\n}\n.avia-image-container.av-2p6g9z-094c8a56ff724541b42946d71b6a4d62 .av-image-caption-overlay-center{\ncolor:#ffffff;\n}\n<\/style>\n<div  class='avia-image-container av-2p6g9z-094c8a56ff724541b42946d71b6a4d62 av-styling-circle avia_animated_image av-animated-when-visible-95 left-to-right avia-align-center  avia-builder-el-1  avia-builder-el-no-sibling '   itemprop=\"image\" itemscope=\"itemscope\" itemtype=\"https:\/\/schema.org\/ImageObject\" ><div class=\"avia-image-container-inner\"><div class=\"avia-image-overlay-wrap\"><img decoding=\"async\" class='wp-image-786 avia-img-lazy-loading-not-786 avia_image ' src=\"https:\/\/irandoostan.com\/es\/dostcont\/uploads\/2015\/11\/Haj-agha-pic-300x300.jpg\" alt='Ali Vaghefi' title='Haj-agha-pic'  height=\"300\" width=\"300\"  itemprop=\"thumbnailUrl\" srcset=\"https:\/\/irandoostan.com\/es\/dostcont\/uploads\/2015\/11\/Haj-agha-pic-300x300.jpg 300w, https:\/\/irandoostan.com\/es\/dostcont\/uploads\/2015\/11\/Haj-agha-pic-80x80.jpg 80w, https:\/\/irandoostan.com\/es\/dostcont\/uploads\/2015\/11\/Haj-agha-pic-36x36.jpg 36w, https:\/\/irandoostan.com\/es\/dostcont\/uploads\/2015\/11\/Haj-agha-pic-180x180.jpg 180w, https:\/\/irandoostan.com\/es\/dostcont\/uploads\/2015\/11\/Haj-agha-pic-120x120.jpg 120w, https:\/\/irandoostan.com\/es\/dostcont\/uploads\/2015\/11\/Haj-agha-pic.jpg 324w\" sizes=\"(max-width: 300px) 100vw, 300px\" \/><\/div><\/div><\/div><\/div>\n\n<style type=\"text\/css\" data-created_by=\"avia_inline_auto\" id=\"style-css-av-2iyh07-0e1dc4d5c0e8a6988c35dca1f3793bbf\">\n.flex_column.av-2iyh07-0e1dc4d5c0e8a6988c35dca1f3793bbf{\nborder-radius:0px 0px 0px 0px;\npadding:0px 0px 0px 0px;\n}\n<\/style>\n<div  class='flex_column av-2iyh07-0e1dc4d5c0e8a6988c35dca1f3793bbf av_four_fifth  avia-builder-el-2  el_after_av_one_fifth  el_before_av_hr  flex_column_div av-zero-column-padding  '     ><p>\n<style type=\"text\/css\" data-created_by=\"avia_inline_auto\" id=\"style-css-av-arq5z-16acafdc1b743ba3911d3590fe1b07ef\">\n#top .av-special-heading.av-arq5z-16acafdc1b743ba3911d3590fe1b07ef{\npadding-bottom:10px;\n}\nbody .av-special-heading.av-arq5z-16acafdc1b743ba3911d3590fe1b07ef .av-special-heading-tag .heading-char{\nfont-size:25px;\n}\n.av-special-heading.av-arq5z-16acafdc1b743ba3911d3590fe1b07ef .av-subheading{\nfont-size:15px;\n}\n<\/style>\n<div  class='av-special-heading av-arq5z-16acafdc1b743ba3911d3590fe1b07ef av-special-heading-h3  avia-builder-el-3  el_before_av_textblock  avia-builder-el-first '><h3 class='av-special-heading-tag'  itemprop=\"headline\"  >M.Ali Vaghefi<\/h3><div class=\"special-heading-border\"><div class=\"special-heading-inner-border\"><\/div><\/div><\/div><br \/>\n<section  class='av_textblock_section av-28serj-bd3cedd11003523a8ec9e8a159a8e618 '   itemscope=\"itemscope\" itemtype=\"https:\/\/schema.org\/CreativeWork\" ><div class='avia_textblock'  itemprop=\"text\" ><p style=\"text-align: justify;\">El Sr. Mohammad Ali Vaghefi ha sido el director ejecutivo de la empresa Iran Doostan Tours desde 1998. El Sr. Vaghefi lleva m\u00e1s de 30 a\u00f1os trabajando como experto en empresas del sector tur\u00edstico. Ha mantenido el enfoque de la empresa en la innovaci\u00f3n y el compromiso con clientes de viajes de negocios. El Sr. Ali Vaghefi es un reconocido l\u00edder con gran influencia en la comunidad y la industria del turismo en Ir\u00e1n. Es el vicepresidente s\u00e9nior y uno de los cofundadores de la asociaci\u00f3n iran\u00ed de operadores tur\u00edsticos (ITAO).<\/p>\n<p style=\"text-align: justify;\">Ali Vaghefi siempre aporta al comit\u00e9 de direcci\u00f3n su s\u00f3lida competencia en el \u00e1mbito del aprovechamiento de las tecnolog\u00edas actuales y emergentes as\u00ed como la gesti\u00f3n empresarial, financiera y administrativa, la gesti\u00f3n de las crisis, la atenci\u00f3n al cliente y las t\u00e9cnicas de promoci\u00f3n y comercializaci\u00f3n. Esta dilatada experiencia le proporciona una visi\u00f3n equilibrada del sector y un profundo conocimiento de las pr\u00e1cticas de gesti\u00f3n de viajes corporativos y de los retos del sector tur\u00edstico, con un enfoque en servicios para viajes culturales, de estudios, de aventura, de negocios, de ocio y de luna de miel. Tiene una amplia experiencia en cultura aut\u00f3ctona y propiedad intelectual a nivel nacional e internacional.<\/p>\n<\/div><\/section><\/p><\/div>\n\n<style type=\"text\/css\" data-created_by=\"avia_inline_auto\" id=\"style-css-av-7ni1j-81db0bafab53fd57c2a46dbc20a38190\">\n#top .hr.hr-invisible.av-7ni1j-81db0bafab53fd57c2a46dbc20a38190{\nheight:70px;\n}\n<\/style>\n<div  class='hr av-7ni1j-81db0bafab53fd57c2a46dbc20a38190 hr-invisible  avia-builder-el-5  el_after_av_four_fifth  el_before_av_one_fifth '><span class='hr-inner '><span class=\"hr-inner-style\"><\/span><\/span><\/div>\n\n<style type=\"text\/css\" data-created_by=\"avia_inline_auto\" id=\"style-css-av-1vspkn-eb3c8b5fab16735327e615cbe0e7c3e5\">\n.flex_column.av-1vspkn-eb3c8b5fab16735327e615cbe0e7c3e5{\nborder-radius:0px 0px 0px 0px;\npadding:0px 0px 0px 0px;\n}\n<\/style>\n<div  class='flex_column av-1vspkn-eb3c8b5fab16735327e615cbe0e7c3e5 av_one_fifth  avia-builder-el-6  el_after_av_hr  el_before_av_four_fifth  first flex_column_div av-zero-column-padding  '     ><style type=\"text\/css\" data-created_by=\"avia_inline_auto\" id=\"style-css-av-1rok8n-9e730ab3443c9ace5cb84552f402ea7f\">\n.avia-image-container.av-1rok8n-9e730ab3443c9ace5cb84552f402ea7f img.avia_image{\nbox-shadow:none;\n}\n.avia-image-container.av-1rok8n-9e730ab3443c9ace5cb84552f402ea7f .av-image-caption-overlay-center{\ncolor:#ffffff;\n}\n<\/style>\n<div  class='avia-image-container av-1rok8n-9e730ab3443c9ace5cb84552f402ea7f av-styling-circle avia_animated_image av-animated-when-visible-95 left-to-right avia-align-center  avia-builder-el-7  avia-builder-el-no-sibling '   itemprop=\"image\" itemscope=\"itemscope\" itemtype=\"https:\/\/schema.org\/ImageObject\" ><div class=\"avia-image-container-inner\"><div class=\"avia-image-overlay-wrap\"><img decoding=\"async\" class='wp-image-785 avia-img-lazy-loading-not-785 avia_image ' src=\"https:\/\/irandoostan.com\/es\/dostcont\/uploads\/2015\/11\/Hadi.jpg\" alt='Hadi Vaghefi' title='Hadi'  height=\"300\" width=\"300\"  itemprop=\"thumbnailUrl\" srcset=\"https:\/\/irandoostan.com\/es\/dostcont\/uploads\/2015\/11\/Hadi.jpg 300w, https:\/\/irandoostan.com\/es\/dostcont\/uploads\/2015\/11\/Hadi-80x80.jpg 80w, https:\/\/irandoostan.com\/es\/dostcont\/uploads\/2015\/11\/Hadi-36x36.jpg 36w, https:\/\/irandoostan.com\/es\/dostcont\/uploads\/2015\/11\/Hadi-180x180.jpg 180w, https:\/\/irandoostan.com\/es\/dostcont\/uploads\/2015\/11\/Hadi-120x120.jpg 120w\" sizes=\"(max-width: 300px) 100vw, 300px\" \/><\/div><\/div><\/div><\/div>\n\n<style type=\"text\/css\" data-created_by=\"avia_inline_auto\" id=\"style-css-av-1ms90n-46a9de5a9a8397ebbd9c7bec2d9798f6\">\n.flex_column.av-1ms90n-46a9de5a9a8397ebbd9c7bec2d9798f6{\nborder-radius:0px 0px 0px 0px;\npadding:0px 0px 0px 0px;\n}\n<\/style>\n<div  class='flex_column av-1ms90n-46a9de5a9a8397ebbd9c7bec2d9798f6 av_four_fifth  avia-builder-el-8  el_after_av_one_fifth  el_before_av_hr  flex_column_div av-zero-column-padding  '     ><p>\n<style type=\"text\/css\" data-created_by=\"avia_inline_auto\" id=\"style-css-av-av_heading-edece18c9db8937ff09cc52779782169\">\n#top .av-special-heading.av-av_heading-edece18c9db8937ff09cc52779782169{\npadding-bottom:10px;\n}\nbody .av-special-heading.av-av_heading-edece18c9db8937ff09cc52779782169 .av-special-heading-tag .heading-char{\nfont-size:25px;\n}\n.av-special-heading.av-av_heading-edece18c9db8937ff09cc52779782169 .av-subheading{\nfont-size:15px;\n}\n<\/style>\n<div  class='av-special-heading av-av_heading-edece18c9db8937ff09cc52779782169 av-special-heading-h3  avia-builder-el-9  el_before_av_textblock  avia-builder-el-first '><h3 class='av-special-heading-tag'  itemprop=\"headline\"  >Hadi Ashraf Vaghefi<\/h3><div class=\"special-heading-border\"><div class=\"special-heading-inner-border\"><\/div><\/div><\/div><br \/>\n<section  class='av_textblock_section av-17cl5r-a637393b45ab2e7aa7f4db90e71df9d5 '   itemscope=\"itemscope\" itemtype=\"https:\/\/schema.org\/CreativeWork\" ><div class='avia_textblock'  itemprop=\"text\" ><p style=\"text-align: justify;\">El Sr. Hadi Ashraf Vaghefi es el presidente del comit\u00e9 directivo de la empresa Iran Doostan Tours desde 1998. Fue director ejecutivo de la empresa desde 1990 hasta 1998. Hadi Vaghefi cuenta con una experiencia de m\u00e1s de 30 a\u00f1os en el sector tur\u00edstico. Posee amplios conocimientos en materia de turismo activo, en el sector de la hosteler\u00eda y restauraci\u00f3n y en el desarrollo de alojamiento para visitantes. Lleva muchos a\u00f1os trabajando como gerente en la gesti\u00f3n de destinos tur\u00edsticos, propuso la idea de construir un complejo tur\u00edstico en el desierto iran\u00ed. Hadi Vaghefi es el jefe de proyecto del primer campamento ecol\u00f3gico en el desierto de Ir\u00e1n: el campamento Matinabad. Asimismo, posee experiencia en la gesti\u00f3n de diversas plantas industriales en Ir\u00e1n.<\/p>\n<\/div><\/section><\/p><\/div>\n<style type=\"text\/css\" data-created_by=\"avia_inline_auto\" id=\"style-css-av-3wlk7-1de81cf327a1daba8cc2c5d6788b6a93\">\n#top .hr.hr-invisible.av-3wlk7-1de81cf327a1daba8cc2c5d6788b6a93{\nheight:70px;\n}\n<\/style>\n<div  class='hr av-3wlk7-1de81cf327a1daba8cc2c5d6788b6a93 hr-invisible  avia-builder-el-11  el_after_av_four_fifth  el_before_av_one_fifth '><span class='hr-inner '><span class=\"hr-inner-style\"><\/span><\/span><\/div><\/p>\n\n<style type=\"text\/css\" data-created_by=\"avia_inline_auto\" id=\"style-css-av-xsorb-16d5f0df1d1c72f3934f011136d1c43b\">\n.flex_column.av-xsorb-16d5f0df1d1c72f3934f011136d1c43b{\nborder-radius:0px 0px 0px 0px;\npadding:0px 0px 0px 0px;\n}\n<\/style>\n<div  class='flex_column av-xsorb-16d5f0df1d1c72f3934f011136d1c43b av_one_fifth  avia-builder-el-12  el_after_av_hr  el_before_av_four_fifth  first flex_column_div av-zero-column-padding  '     ><style type=\"text\/css\" data-created_by=\"avia_inline_auto\" id=\"style-css-av-rhtbj-eeb202b11c6c77e0b70ac8b986aef0e3\">\n.avia-image-container.av-rhtbj-eeb202b11c6c77e0b70ac8b986aef0e3 img.avia_image{\nbox-shadow:none;\n}\n.avia-image-container.av-rhtbj-eeb202b11c6c77e0b70ac8b986aef0e3 .av-image-caption-overlay-center{\ncolor:#ffffff;\n}\n<\/style>\n<div  class='avia-image-container av-rhtbj-eeb202b11c6c77e0b70ac8b986aef0e3 av-styling-circle avia_animated_image av-animated-when-visible-95 left-to-right avia-align-center  avia-builder-el-13  avia-builder-el-no-sibling '   itemprop=\"image\" itemscope=\"itemscope\" itemtype=\"https:\/\/schema.org\/ImageObject\" ><div class=\"avia-image-container-inner\"><div class=\"avia-image-overlay-wrap\"><img decoding=\"async\" class='wp-image-787 avia-img-lazy-loading-not-787 avia_image ' src=\"https:\/\/irandoostan.com\/es\/dostcont\/uploads\/2015\/11\/Azam-300x300.jpg\" alt='Saeid Azam' title='Azam'  height=\"300\" width=\"300\"  itemprop=\"thumbnailUrl\" srcset=\"https:\/\/irandoostan.com\/es\/dostcont\/uploads\/2015\/11\/Azam-300x300.jpg 300w, https:\/\/irandoostan.com\/es\/dostcont\/uploads\/2015\/11\/Azam-80x80.jpg 80w, https:\/\/irandoostan.com\/es\/dostcont\/uploads\/2015\/11\/Azam-36x36.jpg 36w, https:\/\/irandoostan.com\/es\/dostcont\/uploads\/2015\/11\/Azam-180x180.jpg 180w, https:\/\/irandoostan.com\/es\/dostcont\/uploads\/2015\/11\/Azam-120x120.jpg 120w, https:\/\/irandoostan.com\/es\/dostcont\/uploads\/2015\/11\/Azam-450x450.jpg 450w, https:\/\/irandoostan.com\/es\/dostcont\/uploads\/2015\/11\/Azam.jpg 500w\" sizes=\"(max-width: 300px) 100vw, 300px\" \/><\/div><\/div><\/div><\/div>\n\n<style type=\"text\/css\" data-created_by=\"avia_inline_auto\" id=\"style-css-av-nnxl3-de4070b435fbb8a2adf5ce4da42f0f29\">\n.flex_column.av-nnxl3-de4070b435fbb8a2adf5ce4da42f0f29{\nborder-radius:0px 0px 0px 0px;\npadding:0px 0px 0px 0px;\n}\n<\/style>\n<div  class='flex_column av-nnxl3-de4070b435fbb8a2adf5ce4da42f0f29 av_four_fifth  avia-builder-el-14  el_after_av_one_fifth  avia-builder-el-last  flex_column_div av-zero-column-padding  '     ><p>\n<style type=\"text\/css\" data-created_by=\"avia_inline_auto\" id=\"style-css-av-d0c67-a4b2933a0731080693b220ab3f39e939\">\n#top .av-special-heading.av-d0c67-a4b2933a0731080693b220ab3f39e939{\npadding-bottom:10px;\n}\nbody .av-special-heading.av-d0c67-a4b2933a0731080693b220ab3f39e939 .av-special-heading-tag .heading-char{\nfont-size:25px;\n}\n.av-special-heading.av-d0c67-a4b2933a0731080693b220ab3f39e939 .av-subheading{\nfont-size:15px;\n}\n<\/style>\n<div  class='av-special-heading av-d0c67-a4b2933a0731080693b220ab3f39e939 av-special-heading-h3  avia-builder-el-15  el_before_av_textblock  avia-builder-el-first '><h3 class='av-special-heading-tag'  itemprop=\"headline\"  >Saeed Azam Vaghefi<\/h3><div class=\"special-heading-border\"><div class=\"special-heading-inner-border\"><\/div><\/div><\/div><br \/>\n<section  class='av_textblock_section av-avckf-87913557d212541cb5330eb62e621376 '   itemscope=\"itemscope\" itemtype=\"https:\/\/schema.org\/CreativeWork\" ><div class='avia_textblock'  itemprop=\"text\" ><p style=\"text-align: justify;\">Durante m\u00e1s de dos d\u00e9cadas el Sr. Saeed Azam ha estado a cargo de las \u00e1reas de marketing, publicidad, relaciones p\u00fablicas, gesti\u00f3n de relaciones con clientes (CRM), alianzas internacionales de comercializaci\u00f3n, imagen corporativa, planificaci\u00f3n estrat\u00e9gica, viajes de negocios y turismo ecol\u00f3gico en la empresa Iran Doostan Tours. Siempre se ha interesado por los conceptos importantes en el campo del ecoturismo en Ir\u00e1n con el fin de acercarse a modelos de Responsabilidad Social Corporativa (RSC) o Empresarial (RSE) y tambi\u00e9n por ser un buen modelo de turismo sostenible y responsable. Si bien primero se licenci\u00f3 como fitopat\u00f3logo en la Universidad de Teher\u00e1n, su fascinaci\u00f3n por viajar y por la cultura le llev\u00f3 a estudiar turismo en la Facultad de Turismo en Teher\u00e1n antes de unirse a Iran Doostan Tours como accionista. Saeed Azam empez\u00f3 como gu\u00eda asistente y al cabo de cuatro a\u00f1os de visitar casi todas las ciudades y atracciones tur\u00edsticas del pa\u00eds pas\u00f3 a ejercer el puesto de director de operaciones tur\u00edsticas. Ha trabajado como gu\u00eda asistente y como director de operaciones tur\u00edsticas. En la actualidad Saeed Azam es el director de marketing de la empresa Iran Doostan Tours.<\/p>\n<\/div><\/section><\/p><\/div>\n","protected":false},"excerpt":{"rendered":"","protected":false},"author":2,"featured_media":0,"parent":0,"menu_order":0,"comment_status":"closed","ping_status":"closed","template":"","meta":{"footnotes":""},"_links":{"self":[{"href":"https:\/\/irandoostan.com\/es\/wp-json\/wp\/v2\/pages\/783"}],"collection":[{"href":"https:\/\/irandoostan.com\/es\/wp-json\/wp\/v2\/pages"}],"about":[{"href":"https:\/\/irandoostan.com\/es\/wp-json\/wp\/v2\/types\/page"}],"author":[{"embeddable":true,"href":"https:\/\/irandoostan.com\/es\/wp-json\/wp\/v2\/users\/2"}],"replies":[{"embeddable":true,"href":"https:\/\/irandoostan.com\/es\/wp-json\/wp\/v2\/comments?post=783"}],"version-history":[{"count":0,"href":"https:\/\/irandoostan.com\/es\/wp-json\/wp\/v2\/pages\/783\/revisions"}],"wp:attachment":[{"href":"https:\/\/irandoostan.com\/es\/wp-json\/wp\/v2\/media?parent=783"}],"curies":[{"name":"wp","href":"https:\/\/api.w.org\/{rel}","templated":true}]}}