{"id":765,"date":"2015-11-27T16:00:52","date_gmt":"2015-11-27T16:00:52","guid":{"rendered":"https:\/\/irandoostan.com\/es\/?page_id=765"},"modified":"2017-05-11T01:25:20","modified_gmt":"2017-05-11T01:25:20","slug":"itinerarios-religiosos","status":"publish","type":"page","link":"https:\/\/irandoostan.com\/es\/itinerarios-religiosos\/","title":{"rendered":"Itinerarios Religiosos"},"content":{"rendered":"<div  id=\"av-sc-portfolio-1\"  class=\"av-portfolio-grid-sorting-container\"><div class='sort_width_container  av-sort-yes' data-portfolio-id='1' ><div id='js_sort_items' ><div class='sort_by_cat hidden'><a href=\"#\" data-filter=\"all_sort\" class=\"all_sort_button active_sort\"><span class=\"inner_sort_button\"><span>All<\/span><small class=\"av-cat-count\"> 2 <\/small><\/span><\/a><span class=\"text-sep itinerario-religioso_sort_sep\">\/<\/span><a href=\"#\" data-filter=\"itinerario-religioso_sort\" class=\"itinerario-religioso_sort_button\" ><span class=\"inner_sort_button\"><span>Itinerario Religioso<\/span><small class=\"av-cat-count\"> 2 <\/small><\/span><\/a><\/div><\/div><\/div><div  class=' grid-sort-container isotope   no_margin-container with-title-container grid-total-even grid-col-4 grid-links-' data-portfolio-id='1'><div data-ajax-id='2131' class=' grid-entry flex_column isotope-item all_sort no_margin post-entry post-entry-2131 grid-entry-overview grid-loop-1 grid-parity-odd  itinerario-religioso_sort  av_one_fourth first default_av_fullwidth '><article class='main_color inner-entry'  itemscope=\"itemscope\" itemtype=\"https:\/\/schema.org\/CreativeWork\" ><a href=\"https:\/\/irandoostan.com\/es\/Iran-tour\/ciudades-sagradas\/\" title='Ir\u00e1n gira de 14 d\u00edas: Teher\u00e1n, Shiraz, Isfah\u00e1n, Yazd y m\u00e1s'  data-rel='grid-1' class='grid-image avia-hover-fx'> <img width=\"495\" height=\"400\" src=\"https:\/\/irandoostan.com\/es\/dostcont\/uploads\/2016\/01\/east-azerbaijan-iran-jolfa-saint-stepanos-monastery-4-495x400.jpg\" class=\"wp-image-1901 avia-img-lazy-loading-not-1901 attachment-portfolio size-portfolio wp-post-image\" alt=\"St Thaddeus and St Stepanos\" decoding=\"async\" srcset=\"https:\/\/irandoostan.com\/es\/dostcont\/uploads\/2016\/01\/east-azerbaijan-iran-jolfa-saint-stepanos-monastery-4-495x400.jpg 495w, https:\/\/irandoostan.com\/es\/dostcont\/uploads\/2016\/01\/east-azerbaijan-iran-jolfa-saint-stepanos-monastery-4-845x684.jpg 845w\" sizes=\"(max-width: 495px) 100vw, 495px\" \/><\/a><div class='grid-content'><div class='avia-arrow'><\/div><header class=\"entry-content-header\"><h3 class='grid-entry-title entry-title '  itemprop=\"headline\" ><a href='https:\/\/irandoostan.com\/es\/Iran-tour\/ciudades-sagradas\/' title='Ir\u00e1n gira de 14 d\u00edas: Teher\u00e1n, Shiraz, Isfah\u00e1n, Yazd y m\u00e1s'>Ir\u00e1n gira de 14 d\u00edas: Teher\u00e1n, Shiraz, Isfah\u00e1n, Yazd y m\u00e1s<\/a><\/h3><\/header><\/div><footer class=\"entry-footer\"><\/footer><\/article><\/div><div data-ajax-id='1939' class=' grid-entry flex_column isotope-item all_sort no_margin post-entry post-entry-1939 grid-entry-overview grid-loop-2 grid-parity-even  post-entry-last  itinerario-religioso_sort itinerarios-en-iran_sort  av_one_fourth  default_av_fullwidth '><article class='main_color inner-entry'  itemscope=\"itemscope\" itemtype=\"https:\/\/schema.org\/CreativeWork\" ><a href=\"https:\/\/irandoostan.com\/es\/Iran-tour\/el-triangulo-dorado-y-sagrado-de-iran\/\" title='Gira religiosa por Ir\u00e1n: Teher\u00e1n, Mashhad, Shiraz, Isfah\u00e1n'  data-rel='grid-1' class='grid-image avia-hover-fx'> <img width=\"495\" height=\"400\" src=\"https:\/\/irandoostan.com\/es\/dostcont\/uploads\/2016\/01\/Tours-to-Iran-Imam-Reza-Shrine-495x400.jpg\" class=\"wp-image-1943 avia-img-lazy-loading-not-1943 attachment-portfolio size-portfolio wp-post-image\" alt=\"Tours a Ir\u00e1n: El Tri\u00e1ngulo Dorado Y Sagrado De Ir\u00e1n (Tour Por Ir\u00e1n Musulm\u00e1n)\" decoding=\"async\" srcset=\"https:\/\/irandoostan.com\/es\/dostcont\/uploads\/2016\/01\/Tours-to-Iran-Imam-Reza-Shrine-495x400.jpg 495w, https:\/\/irandoostan.com\/es\/dostcont\/uploads\/2016\/01\/Tours-to-Iran-Imam-Reza-Shrine-845x684.jpg 845w\" sizes=\"(max-width: 495px) 100vw, 495px\" \/><\/a><div class='grid-content'><div class='avia-arrow'><\/div><header class=\"entry-content-header\"><h3 class='grid-entry-title entry-title '  itemprop=\"headline\" ><a href='https:\/\/irandoostan.com\/es\/Iran-tour\/el-triangulo-dorado-y-sagrado-de-iran\/' title='Gira religiosa por Ir\u00e1n: Teher\u00e1n, Mashhad, Shiraz, Isfah\u00e1n'>Gira religiosa por Ir\u00e1n: Teher\u00e1n, Mashhad, Shiraz, Isfah\u00e1n<\/a><\/h3><\/header><\/div><footer class=\"entry-footer\"><\/footer><\/article><\/div><\/div><\/div>   <!--   class=\"av-portfolio-grid-sorting-container\"  -->\n","protected":false},"excerpt":{"rendered":"","protected":false},"author":2,"featured_media":0,"parent":0,"menu_order":0,"comment_status":"closed","ping_status":"closed","template":"","meta":{"footnotes":""},"_links":{"self":[{"href":"https:\/\/irandoostan.com\/es\/wp-json\/wp\/v2\/pages\/765"}],"collection":[{"href":"https:\/\/irandoostan.com\/es\/wp-json\/wp\/v2\/pages"}],"about":[{"href":"https:\/\/irandoostan.com\/es\/wp-json\/wp\/v2\/types\/page"}],"author":[{"embeddable":true,"href":"https:\/\/irandoostan.com\/es\/wp-json\/wp\/v2\/users\/2"}],"replies":[{"embeddable":true,"href":"https:\/\/irandoostan.com\/es\/wp-json\/wp\/v2\/comments?post=765"}],"version-history":[{"count":0,"href":"https:\/\/irandoostan.com\/es\/wp-json\/wp\/v2\/pages\/765\/revisions"}],"wp:attachment":[{"href":"https:\/\/irandoostan.com\/es\/wp-json\/wp\/v2\/media?parent=765"}],"curies":[{"name":"wp","href":"https:\/\/api.w.org\/{rel}","templated":true}]}}