{"id":761,"date":"2015-11-27T15:57:54","date_gmt":"2015-11-27T15:57:54","guid":{"rendered":"https:\/\/irandoostan.com\/es\/?page_id=761"},"modified":"2023-09-05T10:21:12","modified_gmt":"2023-09-05T10:21:12","slug":"itinerarios-de-cultura-y-aventura","status":"publish","type":"page","link":"https:\/\/irandoostan.com\/es\/itinerarios-de-cultura-y-aventura\/","title":{"rendered":"Ir\u00e1n viajes culturales y de aventura"},"content":{"rendered":"<div  id=\"av-sc-portfolio-1\"  class=\"av-portfolio-grid-sorting-container\"><div class='sort_width_container  av-sort-yes' data-portfolio-id='1' ><div id='js_sort_items' ><div class='sort_by_cat hidden'><a href=\"#\" data-filter=\"all_sort\" class=\"all_sort_button active_sort\"><span class=\"inner_sort_button\"><span>All<\/span><small class=\"av-cat-count\"> 2 <\/small><\/span><\/a><span class=\"text-sep itinerarios-de-cultura-y-aventura_sort_sep\">\/<\/span><a href=\"#\" data-filter=\"itinerarios-de-cultura-y-aventura_sort\" class=\"itinerarios-de-cultura-y-aventura_sort_button\" ><span class=\"inner_sort_button\"><span>Itinerarios de Cultura y Aventura<\/span><small class=\"av-cat-count\"> 2 <\/small><\/span><\/a><\/div><\/div><\/div><div  class=' grid-sort-container isotope   no_margin-container with-title-container grid-total-even grid-col-4 grid-links-' data-portfolio-id='1'><div data-ajax-id='1908' class=' grid-entry flex_column isotope-item all_sort no_margin post-entry post-entry-1908 grid-entry-overview grid-loop-1 grid-parity-odd  itinerarios-de-cultura-y-aventura_sort  av_one_fourth first default_av_fullwidth '><article class='main_color inner-entry'  itemscope=\"itemscope\" itemtype=\"https:\/\/schema.org\/CreativeWork\" ><a href=\"https:\/\/irandoostan.com\/es\/Iran-tour\/el-terreno-montanoso-de-persia-antigua\/\" title='Gira por Ir\u00e1n: Teher\u00e1n, Isfah\u00e1n, Shiraz, Yazd (15 d\u00edas)'  data-rel='grid-1' class='grid-image avia-hover-fx'> <img width=\"495\" height=\"400\" src=\"https:\/\/irandoostan.com\/es\/dostcont\/uploads\/2016\/01\/abayenh-iran-traveling-center-isfahan-495x400.jpg\" class=\"wp-image-1927 avia-img-lazy-loading-not-1927 attachment-portfolio size-portfolio wp-post-image\" alt=\"abayenh\" decoding=\"async\" srcset=\"https:\/\/irandoostan.com\/es\/dostcont\/uploads\/2016\/01\/abayenh-iran-traveling-center-isfahan-495x400.jpg 495w, https:\/\/irandoostan.com\/es\/dostcont\/uploads\/2016\/01\/abayenh-iran-traveling-center-isfahan-845x684.jpg 845w\" sizes=\"(max-width: 495px) 100vw, 495px\" \/><\/a><div class='grid-content'><div class='avia-arrow'><\/div><header class=\"entry-content-header\"><h3 class='grid-entry-title entry-title '  itemprop=\"headline\" ><a href='https:\/\/irandoostan.com\/es\/Iran-tour\/el-terreno-montanoso-de-persia-antigua\/' title='Gira por Ir\u00e1n: Teher\u00e1n, Isfah\u00e1n, Shiraz, Yazd (15 d\u00edas)'>Gira por Ir\u00e1n: Teher\u00e1n, Isfah\u00e1n, Shiraz, Yazd (15 d\u00edas)<\/a><\/h3><\/header><\/div><footer class=\"entry-footer\"><\/footer><\/article><\/div><div data-ajax-id='1711' class=' grid-entry flex_column isotope-item all_sort no_margin post-entry post-entry-1711 grid-entry-overview grid-loop-2 grid-parity-even  post-entry-last  itinerarios-de-cultura-y-aventura_sort itinerarios-en-iran_sort  av_one_fourth  default_av_fullwidth '><article class='main_color inner-entry'  itemscope=\"itemscope\" itemtype=\"https:\/\/schema.org\/CreativeWork\" ><a href=\"https:\/\/irandoostan.com\/es\/Iran-tour\/en-la-ruta-de-los-bakhtiari-persas\/\" title='Gira de n\u00f3madas de Ir\u00e1n (itinerario de 14 d\u00edas)'  data-rel='grid-1' class='grid-image avia-hover-fx'> <img width=\"495\" height=\"400\" src=\"https:\/\/irandoostan.com\/es\/dostcont\/uploads\/2016\/01\/nomads-of-Iran-495x400.jpg\" class=\"wp-image-1938 avia-img-lazy-loading-not-1938 attachment-portfolio size-portfolio wp-post-image\" alt=\"n\u00f3madas de Ir\u00e1n\" decoding=\"async\" srcset=\"https:\/\/irandoostan.com\/es\/dostcont\/uploads\/2016\/01\/nomads-of-Iran-495x400.jpg 495w, https:\/\/irandoostan.com\/es\/dostcont\/uploads\/2016\/01\/nomads-of-Iran-845x684.jpg 845w\" sizes=\"(max-width: 495px) 100vw, 495px\" \/><\/a><div class='grid-content'><div class='avia-arrow'><\/div><header class=\"entry-content-header\"><h3 class='grid-entry-title entry-title '  itemprop=\"headline\" ><a href='https:\/\/irandoostan.com\/es\/Iran-tour\/en-la-ruta-de-los-bakhtiari-persas\/' title='Gira de n\u00f3madas de Ir\u00e1n (itinerario de 14 d\u00edas)'>Gira de n\u00f3madas de Ir\u00e1n (itinerario de 14 d\u00edas)<\/a><\/h3><\/header><\/div><footer class=\"entry-footer\"><\/footer><\/article><\/div><\/div><\/div>   <!--   class=\"av-portfolio-grid-sorting-container\"  -->\n","protected":false},"excerpt":{"rendered":"","protected":false},"author":2,"featured_media":0,"parent":0,"menu_order":0,"comment_status":"closed","ping_status":"closed","template":"","meta":{"footnotes":""},"_links":{"self":[{"href":"https:\/\/irandoostan.com\/es\/wp-json\/wp\/v2\/pages\/761"}],"collection":[{"href":"https:\/\/irandoostan.com\/es\/wp-json\/wp\/v2\/pages"}],"about":[{"href":"https:\/\/irandoostan.com\/es\/wp-json\/wp\/v2\/types\/page"}],"author":[{"embeddable":true,"href":"https:\/\/irandoostan.com\/es\/wp-json\/wp\/v2\/users\/2"}],"replies":[{"embeddable":true,"href":"https:\/\/irandoostan.com\/es\/wp-json\/wp\/v2\/comments?post=761"}],"version-history":[{"count":2,"href":"https:\/\/irandoostan.com\/es\/wp-json\/wp\/v2\/pages\/761\/revisions"}],"predecessor-version":[{"id":3693,"href":"https:\/\/irandoostan.com\/es\/wp-json\/wp\/v2\/pages\/761\/revisions\/3693"}],"wp:attachment":[{"href":"https:\/\/irandoostan.com\/es\/wp-json\/wp\/v2\/media?parent=761"}],"curies":[{"name":"wp","href":"https:\/\/api.w.org\/{rel}","templated":true}]}}