{"id":759,"date":"2015-11-27T15:57:37","date_gmt":"2015-11-27T15:57:37","guid":{"rendered":"https:\/\/irandoostan.com\/es\/?page_id=759"},"modified":"2023-09-05T10:12:24","modified_gmt":"2023-09-05T10:12:24","slug":"itinerarios-culturales","status":"publish","type":"page","link":"https:\/\/irandoostan.com\/es\/itinerarios-culturales\/","title":{"rendered":"viajes culturales a ir\u00e1n"},"content":{"rendered":"\n<style type=\"text\/css\" data-created_by=\"avia_inline_auto\" id=\"style-css-av-av_heading-051a850b9860690164f8175cbe73e518\">\n#top .av-special-heading.av-av_heading-051a850b9860690164f8175cbe73e518{\npadding-bottom:10px;\n}\nbody .av-special-heading.av-av_heading-051a850b9860690164f8175cbe73e518 .av-special-heading-tag .heading-char{\nfont-size:25px;\n}\n.av-special-heading.av-av_heading-051a850b9860690164f8175cbe73e518 .av-subheading{\nfont-size:15px;\n}\n<\/style>\n<div  class='av-special-heading av-av_heading-051a850b9860690164f8175cbe73e518 av-special-heading-h2  avia-builder-el-0  el_before_av_portfolio  avia-builder-el-no-sibling '><h2 class='av-special-heading-tag'  itemprop=\"headline\"  >Circuitos Culturales<\/h2><div class=\"special-heading-border\"><div class=\"special-heading-inner-border\"><\/div><\/div><\/div>\n<div  id=\"av-sc-portfolio-1\"  class=\"av-portfolio-grid-sorting-container\"><div class='sort_width_container  av-sort-yes' data-portfolio-id='1' ><div id='js_sort_items' ><div class='sort_by_cat hidden'><a href=\"#\" data-filter=\"all_sort\" class=\"all_sort_button active_sort\"><span class=\"inner_sort_button\"><span>All<\/span><small class=\"av-cat-count\"> 13 <\/small><\/span><\/a><span class=\"text-sep itinerarios-culturales_sort_sep\">\/<\/span><a href=\"#\" data-filter=\"itinerarios-culturales_sort\" class=\"itinerarios-culturales_sort_button\" ><span class=\"inner_sort_button\"><span>Itinerarios Culturales<\/span><small class=\"av-cat-count\"> 13 <\/small><\/span><\/a><\/div><\/div><\/div><div  class=' grid-sort-container isotope   no_margin-container with-title-container grid-total-odd grid-col-4 grid-links-' data-portfolio-id='1'><div data-ajax-id='1706' class=' grid-entry flex_column isotope-item all_sort no_margin post-entry post-entry-1706 grid-entry-overview grid-loop-1 grid-parity-odd  itinerarios-culturales_sort itinerarios-en-iran_sort  av_one_fourth first default_av_fullwidth '><article class='main_color inner-entry'  itemscope=\"itemscope\" itemtype=\"https:\/\/schema.org\/CreativeWork\" ><a href=\"https:\/\/irandoostan.com\/es\/Iran-tour\/iran-antiguo\/\" title='Gira cl\u00e1sica de Ir\u00e1n: Teher\u00e1n, Shiraz, Isfahan, Kashan'  data-rel='grid-1' class='grid-image avia-hover-fx'> <img width=\"495\" height=\"400\" src=\"https:\/\/irandoostan.com\/es\/dostcont\/uploads\/2016\/01\/Travel-in-Iran-fin-garden-495x400.jpg\" class=\"wp-image-1606 avia-img-lazy-loading-not-1606 attachment-portfolio size-portfolio wp-post-image\" alt=\"Jard\u00edn de Fin\" decoding=\"async\" \/><\/a><div class='grid-content'><div class='avia-arrow'><\/div><header class=\"entry-content-header\"><h3 class='grid-entry-title entry-title '  itemprop=\"headline\" ><a href='https:\/\/irandoostan.com\/es\/Iran-tour\/iran-antiguo\/' title='Gira cl\u00e1sica de Ir\u00e1n: Teher\u00e1n, Shiraz, Isfahan, Kashan'>Gira cl\u00e1sica de Ir\u00e1n: Teher\u00e1n, Shiraz, Isfahan, Kashan<\/a><\/h3><\/header><\/div><footer class=\"entry-footer\"><\/footer><\/article><\/div><div data-ajax-id='1598' class=' grid-entry flex_column isotope-item all_sort no_margin post-entry post-entry-1598 grid-entry-overview grid-loop-2 grid-parity-even  itinerarios-culturales_sort  av_one_fourth  default_av_fullwidth '><article class='main_color inner-entry'  itemscope=\"itemscope\" itemtype=\"https:\/\/schema.org\/CreativeWork\" ><a href=\"https:\/\/irandoostan.com\/es\/Iran-tour\/historia-en-las-paredes-de-persia\/\" title='Gira hist\u00f3rica de Ir\u00e1n (itinerario de 29 d\u00edas)'  data-rel='grid-1' class='grid-image avia-hover-fx'> <img width=\"495\" height=\"400\" src=\"https:\/\/irandoostan.com\/es\/dostcont\/uploads\/2016\/01\/soltaniyeh_dome_-1-495x400.jpg\" class=\"wp-image-1661 avia-img-lazy-loading-not-1661 attachment-portfolio size-portfolio wp-post-image\" alt=\"Soltaniyeh\" decoding=\"async\" srcset=\"https:\/\/irandoostan.com\/es\/dostcont\/uploads\/2016\/01\/soltaniyeh_dome_-1-495x400.jpg 495w, https:\/\/irandoostan.com\/es\/dostcont\/uploads\/2016\/01\/soltaniyeh_dome_-1-845x684.jpg 845w\" sizes=\"(max-width: 495px) 100vw, 495px\" \/><\/a><div class='grid-content'><div class='avia-arrow'><\/div><header class=\"entry-content-header\"><h3 class='grid-entry-title entry-title '  itemprop=\"headline\" ><a href='https:\/\/irandoostan.com\/es\/Iran-tour\/historia-en-las-paredes-de-persia\/' title='Gira hist\u00f3rica de Ir\u00e1n (itinerario de 29 d\u00edas)'>Gira hist\u00f3rica de Ir\u00e1n (itinerario de 29 d\u00edas)<\/a><\/h3><\/header><\/div><footer class=\"entry-footer\"><\/footer><\/article><\/div><div data-ajax-id='1547' class=' grid-entry flex_column isotope-item all_sort no_margin post-entry post-entry-1547 grid-entry-overview grid-loop-3 grid-parity-odd  itinerarios-culturales_sort  av_one_fourth  default_av_fullwidth '><article class='main_color inner-entry'  itemscope=\"itemscope\" itemtype=\"https:\/\/schema.org\/CreativeWork\" ><a href=\"https:\/\/irandoostan.com\/es\/Iran-tour\/el-tesoro-persa\/\" title='Gira de 16 d\u00edas por Ir\u00e1n'  data-rel='grid-1' class='grid-image avia-hover-fx'> <img width=\"495\" height=\"400\" src=\"https:\/\/irandoostan.com\/es\/dostcont\/uploads\/2016\/01\/Chogha-zanbil-495x400.jpg\" class=\"wp-image-3244 avia-img-lazy-loading-not-3244 attachment-portfolio size-portfolio wp-post-image\" alt=\"Choga Zanbil\" decoding=\"async\" srcset=\"https:\/\/irandoostan.com\/es\/dostcont\/uploads\/2016\/01\/Chogha-zanbil-495x400.jpg 495w, https:\/\/irandoostan.com\/es\/dostcont\/uploads\/2016\/01\/Chogha-zanbil-845x684.jpg 845w\" sizes=\"(max-width: 495px) 100vw, 495px\" \/><\/a><div class='grid-content'><div class='avia-arrow'><\/div><header class=\"entry-content-header\"><h3 class='grid-entry-title entry-title '  itemprop=\"headline\" ><a href='https:\/\/irandoostan.com\/es\/Iran-tour\/el-tesoro-persa\/' title='Gira de 16 d\u00edas por Ir\u00e1n'>Gira de 16 d\u00edas por Ir\u00e1n<\/a><\/h3><\/header><\/div><footer class=\"entry-footer\"><\/footer><\/article><\/div><div data-ajax-id='1534' class=' grid-entry flex_column isotope-item all_sort no_margin post-entry post-entry-1534 grid-entry-overview grid-loop-4 grid-parity-even  itinerarios-culturales_sort  av_one_fourth  default_av_fullwidth '><article class='main_color inner-entry'  itemscope=\"itemscope\" itemtype=\"https:\/\/schema.org\/CreativeWork\" ><a href=\"https:\/\/irandoostan.com\/es\/Iran-tour\/pasando-por-iran-desde-la-borda-con-turkmenistan\/\" title='GIRA POR IR\u00c1N DESDE TURKMENIST\u00c1N'  data-rel='grid-1' class='grid-image avia-hover-fx'> <img width=\"495\" height=\"400\" src=\"https:\/\/irandoostan.com\/es\/dostcont\/uploads\/2016\/01\/Imam-Reza-holy-shrine1-1-495x400.jpg\" class=\"wp-image-1435 avia-img-lazy-loading-not-1435 attachment-portfolio size-portfolio wp-post-image\" alt=\"Santuario del Im\u00e1n Reza\" decoding=\"async\" srcset=\"https:\/\/irandoostan.com\/es\/dostcont\/uploads\/2016\/01\/Imam-Reza-holy-shrine1-1-495x400.jpg 495w, https:\/\/irandoostan.com\/es\/dostcont\/uploads\/2016\/01\/Imam-Reza-holy-shrine1-1-845x684.jpg 845w\" sizes=\"(max-width: 495px) 100vw, 495px\" \/><\/a><div class='grid-content'><div class='avia-arrow'><\/div><header class=\"entry-content-header\"><h3 class='grid-entry-title entry-title '  itemprop=\"headline\" ><a href='https:\/\/irandoostan.com\/es\/Iran-tour\/pasando-por-iran-desde-la-borda-con-turkmenistan\/' title='GIRA POR IR\u00c1N DESDE TURKMENIST\u00c1N'>GIRA POR IR\u00c1N DESDE TURKMENIST\u00c1N<\/a><\/h3><\/header><\/div><footer class=\"entry-footer\"><\/footer><\/article><\/div><div data-ajax-id='1415' class=' grid-entry flex_column isotope-item all_sort no_margin post-entry post-entry-1415 grid-entry-overview grid-loop-5 grid-parity-odd  itinerarios-culturales_sort itinerarios-en-iran_sort  av_one_fourth first default_av_fullwidth '><article class='main_color inner-entry'  itemscope=\"itemscope\" itemtype=\"https:\/\/schema.org\/CreativeWork\" ><a href=\"https:\/\/irandoostan.com\/es\/Iran-tour\/desde-el-oeste-hacia-el-norte-de-iran\/\" title='Ir\u00e1n gira de 17 d\u00edas'  data-rel='grid-1' class='grid-image avia-hover-fx'> <img width=\"495\" height=\"400\" src=\"https:\/\/irandoostan.com\/es\/dostcont\/uploads\/2016\/01\/Kandovan-495x400.jpg\" class=\"wp-image-1429 avia-img-lazy-loading-not-1429 attachment-portfolio size-portfolio wp-post-image\" alt=\"Kandovan\" decoding=\"async\" srcset=\"https:\/\/irandoostan.com\/es\/dostcont\/uploads\/2016\/01\/Kandovan-495x400.jpg 495w, https:\/\/irandoostan.com\/es\/dostcont\/uploads\/2016\/01\/Kandovan-845x684.jpg 845w\" sizes=\"(max-width: 495px) 100vw, 495px\" \/><\/a><div class='grid-content'><div class='avia-arrow'><\/div><header class=\"entry-content-header\"><h3 class='grid-entry-title entry-title '  itemprop=\"headline\" ><a href='https:\/\/irandoostan.com\/es\/Iran-tour\/desde-el-oeste-hacia-el-norte-de-iran\/' title='Ir\u00e1n gira de 17 d\u00edas'>Ir\u00e1n gira de 17 d\u00edas<\/a><\/h3><\/header><\/div><footer class=\"entry-footer\"><\/footer><\/article><\/div><div data-ajax-id='1398' class=' grid-entry flex_column isotope-item all_sort no_margin post-entry post-entry-1398 grid-entry-overview grid-loop-6 grid-parity-even  itinerarios-culturales_sort itinerarios-en-iran_sort  av_one_fourth  default_av_fullwidth '><article class='main_color inner-entry'  itemscope=\"itemscope\" itemtype=\"https:\/\/schema.org\/CreativeWork\" ><a href=\"https:\/\/irandoostan.com\/es\/Iran-tour\/iran-la-tierra-de-los-los-desiertos-dorados\/\" title='Tour de 8 d\u00edas a Ir\u00e1n: Teher\u00e1n, Shiraz, Yazd, Isfahan'  data-rel='grid-1' class='grid-image avia-hover-fx'> <img width=\"495\" height=\"400\" src=\"https:\/\/irandoostan.com\/es\/dostcont\/uploads\/2016\/01\/Zoroastrian_fire_temple-495x400.jpg\" class=\"wp-image-1414 avia-img-lazy-loading-not-1414 attachment-portfolio size-portfolio wp-post-image\" alt=\"Yazd Atash Behram\" decoding=\"async\" srcset=\"https:\/\/irandoostan.com\/es\/dostcont\/uploads\/2016\/01\/Zoroastrian_fire_temple-495x400.jpg 495w, https:\/\/irandoostan.com\/es\/dostcont\/uploads\/2016\/01\/Zoroastrian_fire_temple-300x243.jpg 300w, https:\/\/irandoostan.com\/es\/dostcont\/uploads\/2016\/01\/Zoroastrian_fire_temple-768x621.jpg 768w, https:\/\/irandoostan.com\/es\/dostcont\/uploads\/2016\/01\/Zoroastrian_fire_temple-1030x833.jpg 1030w, https:\/\/irandoostan.com\/es\/dostcont\/uploads\/2016\/01\/Zoroastrian_fire_temple-1500x1213.jpg 1500w, https:\/\/irandoostan.com\/es\/dostcont\/uploads\/2016\/01\/Zoroastrian_fire_temple-845x684.jpg 845w, https:\/\/irandoostan.com\/es\/dostcont\/uploads\/2016\/01\/Zoroastrian_fire_temple-705x570.jpg 705w, https:\/\/irandoostan.com\/es\/dostcont\/uploads\/2016\/01\/Zoroastrian_fire_temple-450x364.jpg 450w\" sizes=\"(max-width: 495px) 100vw, 495px\" \/><\/a><div class='grid-content'><div class='avia-arrow'><\/div><header class=\"entry-content-header\"><h3 class='grid-entry-title entry-title '  itemprop=\"headline\" ><a href='https:\/\/irandoostan.com\/es\/Iran-tour\/iran-la-tierra-de-los-los-desiertos-dorados\/' title='Tour de 8 d\u00edas a Ir\u00e1n: Teher\u00e1n, Shiraz, Yazd, Isfahan'>Tour de 8 d\u00edas a Ir\u00e1n: Teher\u00e1n, Shiraz, Yazd, Isfahan<\/a><\/h3><\/header><\/div><footer class=\"entry-footer\"><\/footer><\/article><\/div><div data-ajax-id='1352' class=' grid-entry flex_column isotope-item all_sort no_margin post-entry post-entry-1352 grid-entry-overview grid-loop-7 grid-parity-odd  itinerarios-culturales_sort itinerarios-en-iran_sort  av_one_fourth  default_av_fullwidth '><article class='main_color inner-entry'  itemscope=\"itemscope\" itemtype=\"https:\/\/schema.org\/CreativeWork\" ><a href=\"https:\/\/irandoostan.com\/es\/Iran-tour\/un-recorrido-por-la-antigua-y-poderosa-tierra-de-la-persia\/\" title='Gira por la antigua persia'  data-rel='grid-1' class='grid-image avia-hover-fx'> <img width=\"495\" height=\"400\" src=\"https:\/\/irandoostan.com\/es\/dostcont\/uploads\/2016\/01\/Persepolis7-1-495x400.jpg\" class=\"wp-image-1372 avia-img-lazy-loading-not-1372 attachment-portfolio size-portfolio wp-post-image\" alt=\"Pers\u00e9polis\" decoding=\"async\" srcset=\"https:\/\/irandoostan.com\/es\/dostcont\/uploads\/2016\/01\/Persepolis7-1-495x400.jpg 495w, https:\/\/irandoostan.com\/es\/dostcont\/uploads\/2016\/01\/Persepolis7-1-845x684.jpg 845w\" sizes=\"(max-width: 495px) 100vw, 495px\" \/><\/a><div class='grid-content'><div class='avia-arrow'><\/div><header class=\"entry-content-header\"><h3 class='grid-entry-title entry-title '  itemprop=\"headline\" ><a href='https:\/\/irandoostan.com\/es\/Iran-tour\/un-recorrido-por-la-antigua-y-poderosa-tierra-de-la-persia\/' title='Gira por la antigua persia'>Gira por la antigua persia<\/a><\/h3><\/header><\/div><footer class=\"entry-footer\"><\/footer><\/article><\/div><div data-ajax-id='1325' class=' grid-entry flex_column isotope-item all_sort no_margin post-entry post-entry-1325 grid-entry-overview grid-loop-8 grid-parity-even  itinerarios-culturales_sort itinerarios-en-iran_sort  av_one_fourth  default_av_fullwidth '><article class='main_color inner-entry'  itemscope=\"itemscope\" itemtype=\"https:\/\/schema.org\/CreativeWork\" ><a href=\"https:\/\/irandoostan.com\/es\/Iran-tour\/la-autentica-civilizacion-persa\/\" title='Tour de 8 d\u00edas a Ir\u00e1n: Teher\u00e1n, Shiraz, Yazd, Isfahan'  data-rel='grid-1' class='grid-image avia-hover-fx'> <img width=\"495\" height=\"400\" src=\"https:\/\/irandoostan.com\/es\/dostcont\/uploads\/2016\/01\/Khaju_Bridje_at_night-1-495x400.jpg\" class=\"wp-image-1348 avia-img-lazy-loading-not-1348 attachment-portfolio size-portfolio wp-post-image\" alt=\"Puente Khaju\" decoding=\"async\" srcset=\"https:\/\/irandoostan.com\/es\/dostcont\/uploads\/2016\/01\/Khaju_Bridje_at_night-1-495x400.jpg 495w, https:\/\/irandoostan.com\/es\/dostcont\/uploads\/2016\/01\/Khaju_Bridje_at_night-1-845x684.jpg 845w\" sizes=\"(max-width: 495px) 100vw, 495px\" \/><\/a><div class='grid-content'><div class='avia-arrow'><\/div><header class=\"entry-content-header\"><h3 class='grid-entry-title entry-title '  itemprop=\"headline\" ><a href='https:\/\/irandoostan.com\/es\/Iran-tour\/la-autentica-civilizacion-persa\/' title='Tour de 8 d\u00edas a Ir\u00e1n: Teher\u00e1n, Shiraz, Yazd, Isfahan'>Tour de 8 d\u00edas a Ir\u00e1n: Teher\u00e1n, Shiraz, Yazd, Isfahan<\/a><\/h3><\/header><\/div><footer class=\"entry-footer\"><\/footer><\/article><\/div><div data-ajax-id='684' class=' grid-entry flex_column isotope-item all_sort no_margin post-entry post-entry-684 grid-entry-overview grid-loop-9 grid-parity-odd  itinerarios-culturales_sort itinerarios-en-iran_sort  av_one_fourth first default_av_fullwidth '><article class='main_color inner-entry'  itemscope=\"itemscope\" itemtype=\"https:\/\/schema.org\/CreativeWork\" ><a href=\"https:\/\/irandoostan.com\/es\/Iran-tour\/la-ruta-de-la-seda-persa\/\" title='gira a Ir\u00e1n: Mashhad, Teher\u00e1n, Isfah\u00e1n, Shiraz (9 d\u00edas)'  data-rel='grid-1' class='grid-image avia-hover-fx'> <img width=\"495\" height=\"400\" src=\"https:\/\/irandoostan.com\/es\/dostcont\/uploads\/2015\/11\/Iran-Tours-05.jpg\" class=\"wp-image-721 avia-img-lazy-loading-not-721 attachment-portfolio size-portfolio wp-post-image\" alt=\"gira a Ir\u00e1n: Mashhad, Teher\u00e1n, Isfah\u00e1n, Shiraz (9 d\u00edas)\" decoding=\"async\" srcset=\"https:\/\/irandoostan.com\/es\/dostcont\/uploads\/2015\/11\/Iran-Tours-05.jpg 495w, https:\/\/irandoostan.com\/es\/dostcont\/uploads\/2015\/11\/Iran-Tours-05-300x242.jpg 300w, https:\/\/irandoostan.com\/es\/dostcont\/uploads\/2015\/11\/Iran-Tours-05-450x364.jpg 450w\" sizes=\"(max-width: 495px) 100vw, 495px\" \/><\/a><div class='grid-content'><div class='avia-arrow'><\/div><header class=\"entry-content-header\"><h3 class='grid-entry-title entry-title '  itemprop=\"headline\" ><a href='https:\/\/irandoostan.com\/es\/Iran-tour\/la-ruta-de-la-seda-persa\/' title='gira a Ir\u00e1n: Mashhad, Teher\u00e1n, Isfah\u00e1n, Shiraz (9 d\u00edas)'>gira a Ir\u00e1n: Mashhad, Teher\u00e1n, Isfah\u00e1n, Shiraz (9 d\u00edas)<\/a><\/h3><\/header><\/div><footer class=\"entry-footer\"><\/footer><\/article><\/div><div data-ajax-id='659' class=' grid-entry flex_column isotope-item all_sort no_margin post-entry post-entry-659 grid-entry-overview grid-loop-10 grid-parity-even  itinerarios-culturales_sort itinerarios-en-iran_sort  av_one_fourth  default_av_fullwidth '><article class='main_color inner-entry'  itemscope=\"itemscope\" itemtype=\"https:\/\/schema.org\/CreativeWork\" ><a href=\"https:\/\/irandoostan.com\/es\/Iran-tour\/explora-la-belleza-persa\/\" title='Ir\u00e1n gira de 10 d\u00edas: Teher\u00e1n, Kashan, Isfah\u00e1n, Yazd'  data-rel='grid-1' class='grid-image avia-hover-fx'> <img width=\"495\" height=\"400\" src=\"https:\/\/irandoostan.com\/es\/dostcont\/uploads\/2015\/11\/Iran-Tours-04.jpg\" class=\"wp-image-724 avia-img-lazy-loading-not-724 attachment-portfolio size-portfolio wp-post-image\" alt=\"VISITAS IR\u00c1N: EXPLORA LA BELLEZA PERSA\" decoding=\"async\" srcset=\"https:\/\/irandoostan.com\/es\/dostcont\/uploads\/2015\/11\/Iran-Tours-04.jpg 495w, https:\/\/irandoostan.com\/es\/dostcont\/uploads\/2015\/11\/Iran-Tours-04-300x242.jpg 300w, https:\/\/irandoostan.com\/es\/dostcont\/uploads\/2015\/11\/Iran-Tours-04-450x364.jpg 450w\" sizes=\"(max-width: 495px) 100vw, 495px\" \/><\/a><div class='grid-content'><div class='avia-arrow'><\/div><header class=\"entry-content-header\"><h3 class='grid-entry-title entry-title '  itemprop=\"headline\" ><a href='https:\/\/irandoostan.com\/es\/Iran-tour\/explora-la-belleza-persa\/' title='Ir\u00e1n gira de 10 d\u00edas: Teher\u00e1n, Kashan, Isfah\u00e1n, Yazd'>Ir\u00e1n gira de 10 d\u00edas: Teher\u00e1n, Kashan, Isfah\u00e1n, Yazd<\/a><\/h3><\/header><\/div><footer class=\"entry-footer\"><\/footer><\/article><\/div><div data-ajax-id='628' class=' grid-entry flex_column isotope-item all_sort no_margin post-entry post-entry-628 grid-entry-overview grid-loop-11 grid-parity-odd  itinerarios-culturales_sort itinerarios-en-iran_sort  av_one_fourth  default_av_fullwidth '><article class='main_color inner-entry'  itemscope=\"itemscope\" itemtype=\"https:\/\/schema.org\/CreativeWork\" ><a href=\"https:\/\/irandoostan.com\/es\/Iran-tour\/descubre-la-gloria\/\" title='gira por Ir\u00e1n: Kermanshah, Hamedan, Kashan, Isfahan'  data-rel='grid-1' class='grid-image avia-hover-fx'> <img width=\"495\" height=\"400\" src=\"https:\/\/irandoostan.com\/es\/dostcont\/uploads\/2015\/11\/Iran-Tours-0251.jpg\" class=\"wp-image-725 avia-img-lazy-loading-not-725 attachment-portfolio size-portfolio wp-post-image\" alt=\"Mezquita del jeque Lotf Allah\" decoding=\"async\" srcset=\"https:\/\/irandoostan.com\/es\/dostcont\/uploads\/2015\/11\/Iran-Tours-0251.jpg 495w, https:\/\/irandoostan.com\/es\/dostcont\/uploads\/2015\/11\/Iran-Tours-0251-300x242.jpg 300w, https:\/\/irandoostan.com\/es\/dostcont\/uploads\/2015\/11\/Iran-Tours-0251-450x364.jpg 450w\" sizes=\"(max-width: 495px) 100vw, 495px\" \/><\/a><div class='grid-content'><div class='avia-arrow'><\/div><header class=\"entry-content-header\"><h3 class='grid-entry-title entry-title '  itemprop=\"headline\" ><a href='https:\/\/irandoostan.com\/es\/Iran-tour\/descubre-la-gloria\/' title='gira por Ir\u00e1n: Kermanshah, Hamedan, Kashan, Isfahan'>gira por Ir\u00e1n: Kermanshah, Hamedan, Kashan, Isfahan<\/a><\/h3><\/header><\/div><footer class=\"entry-footer\"><\/footer><\/article><\/div><div data-ajax-id='585' class=' grid-entry flex_column isotope-item all_sort no_margin post-entry post-entry-585 grid-entry-overview grid-loop-12 grid-parity-even  itinerarios-culturales_sort itinerarios-en-iran_sort  av_one_fourth  default_av_fullwidth '><article class='main_color inner-entry'  itemscope=\"itemscope\" itemtype=\"https:\/\/schema.org\/CreativeWork\" ><a href=\"https:\/\/irandoostan.com\/es\/Iran-tour\/las-perlas-del-desierto-irani\/\" title='Ir\u00e1n gira de 14 d\u00edas'  data-rel='grid-1' class='grid-image avia-hover-fx'> <img width=\"495\" height=\"400\" src=\"https:\/\/irandoostan.com\/es\/dostcont\/uploads\/2015\/11\/iran-tour-02-main.jpg\" class=\"wp-image-720 avia-img-lazy-loading-not-720 attachment-portfolio size-portfolio wp-post-image\" alt=\"Arg of Karim Khan\" decoding=\"async\" srcset=\"https:\/\/irandoostan.com\/es\/dostcont\/uploads\/2015\/11\/iran-tour-02-main.jpg 495w, https:\/\/irandoostan.com\/es\/dostcont\/uploads\/2015\/11\/iran-tour-02-main-300x242.jpg 300w, https:\/\/irandoostan.com\/es\/dostcont\/uploads\/2015\/11\/iran-tour-02-main-450x364.jpg 450w\" sizes=\"(max-width: 495px) 100vw, 495px\" \/><\/a><div class='grid-content'><div class='avia-arrow'><\/div><header class=\"entry-content-header\"><h3 class='grid-entry-title entry-title '  itemprop=\"headline\" ><a href='https:\/\/irandoostan.com\/es\/Iran-tour\/las-perlas-del-desierto-irani\/' title='Ir\u00e1n gira de 14 d\u00edas'>Ir\u00e1n gira de 14 d\u00edas<\/a><\/h3><\/header><\/div><footer class=\"entry-footer\"><\/footer><\/article><\/div><div data-ajax-id='192' class=' grid-entry flex_column isotope-item all_sort no_margin post-entry post-entry-192 grid-entry-overview grid-loop-13 grid-parity-odd  post-entry-last  itinerarios-culturales_sort itinerarios-en-iran_sort  av_one_fourth first default_av_fullwidth '><article class='main_color inner-entry'  itemscope=\"itemscope\" itemtype=\"https:\/\/schema.org\/CreativeWork\" ><a href=\"https:\/\/irandoostan.com\/es\/Iran-tour\/un-viaje-por-las-ciudades-mas-bellas-bajo-el-sol\/\" title='tour a Shiraz, Isfahan, Yaz (16 d\u00edas)'  data-rel='grid-1' class='grid-image avia-hover-fx'> <img width=\"495\" height=\"400\" src=\"https:\/\/irandoostan.com\/es\/dostcont\/uploads\/2015\/11\/Iran-Tours-01-495x400.jpg\" class=\"wp-image-723 avia-img-lazy-loading-not-723 attachment-portfolio size-portfolio wp-post-image\" alt=\"Tours a Ir\u00e1n: UN VIAJE POR LAS CIUDADES M\u00c1S BELLAS BAJO EL SOL\" decoding=\"async\" srcset=\"https:\/\/irandoostan.com\/es\/dostcont\/uploads\/2015\/11\/Iran-Tours-01-495x400.jpg 495w, https:\/\/irandoostan.com\/es\/dostcont\/uploads\/2015\/11\/Iran-Tours-01-300x243.jpg 300w, https:\/\/irandoostan.com\/es\/dostcont\/uploads\/2015\/11\/Iran-Tours-01-450x364.jpg 450w, https:\/\/irandoostan.com\/es\/dostcont\/uploads\/2015\/11\/Iran-Tours-01.jpg 582w\" sizes=\"(max-width: 495px) 100vw, 495px\" \/><\/a><div class='grid-content'><div class='avia-arrow'><\/div><header class=\"entry-content-header\"><h3 class='grid-entry-title entry-title '  itemprop=\"headline\" ><a href='https:\/\/irandoostan.com\/es\/Iran-tour\/un-viaje-por-las-ciudades-mas-bellas-bajo-el-sol\/' title='tour a Shiraz, Isfahan, Yaz (16 d\u00edas)'>tour a Shiraz, Isfahan, Yaz (16 d\u00edas)<\/a><\/h3><\/header><\/div><footer class=\"entry-footer\"><\/footer><\/article><\/div><\/div><\/div>   <!--   class=\"av-portfolio-grid-sorting-container\"  -->\n","protected":false},"excerpt":{"rendered":"","protected":false},"author":2,"featured_media":0,"parent":0,"menu_order":0,"comment_status":"closed","ping_status":"closed","template":"","meta":{"footnotes":""},"_links":{"self":[{"href":"https:\/\/irandoostan.com\/es\/wp-json\/wp\/v2\/pages\/759"}],"collection":[{"href":"https:\/\/irandoostan.com\/es\/wp-json\/wp\/v2\/pages"}],"about":[{"href":"https:\/\/irandoostan.com\/es\/wp-json\/wp\/v2\/types\/page"}],"author":[{"embeddable":true,"href":"https:\/\/irandoostan.com\/es\/wp-json\/wp\/v2\/users\/2"}],"replies":[{"embeddable":true,"href":"https:\/\/irandoostan.com\/es\/wp-json\/wp\/v2\/comments?post=759"}],"version-history":[{"count":2,"href":"https:\/\/irandoostan.com\/es\/wp-json\/wp\/v2\/pages\/759\/revisions"}],"predecessor-version":[{"id":3878,"href":"https:\/\/irandoostan.com\/es\/wp-json\/wp\/v2\/pages\/759\/revisions\/3878"}],"wp:attachment":[{"href":"https:\/\/irandoostan.com\/es\/wp-json\/wp\/v2\/media?parent=759"}],"curies":[{"name":"wp","href":"https:\/\/api.w.org\/{rel}","templated":true}]}}