{"id":757,"date":"2015-11-27T15:56:41","date_gmt":"2015-11-27T15:56:41","guid":{"rendered":"https:\/\/irandoostan.com\/es\/?page_id=757"},"modified":"2023-09-05T10:23:55","modified_gmt":"2023-09-05T10:23:55","slug":"itinerarios-de-aventura","status":"publish","type":"page","link":"https:\/\/irandoostan.com\/es\/itinerarios-de-aventura\/","title":{"rendered":"Viajes de aventura en Ir\u00e1n"},"content":{"rendered":"<div  id=\"av-sc-portfolio-1\"  class=\"av-portfolio-grid-sorting-container\"><div class='sort_width_container  av-sort-yes' data-portfolio-id='1' ><div id='js_sort_items' ><div class='sort_by_cat hidden'><a href=\"#\" data-filter=\"all_sort\" class=\"all_sort_button active_sort\"><span class=\"inner_sort_button\"><span>All<\/span><small class=\"av-cat-count\"> 7 <\/small><\/span><\/a><span class=\"text-sep itinerarios-de-aventura_sort_sep\">\/<\/span><a href=\"#\" data-filter=\"itinerarios-de-aventura_sort\" class=\"itinerarios-de-aventura_sort_button\" ><span class=\"inner_sort_button\"><span>Itinerarios de Aventura<\/span><small class=\"av-cat-count\"> 7 <\/small><\/span><\/a><\/div><\/div><\/div><div  class=' grid-sort-container isotope   no_margin-container with-title-container grid-total-odd grid-col-4 grid-links-' data-portfolio-id='1'><div data-ajax-id='2393' class=' grid-entry flex_column isotope-item all_sort no_margin post-entry post-entry-2393 grid-entry-overview grid-loop-1 grid-parity-odd  itinerarios-de-aventura_sort  av_one_fourth first default_av_fullwidth '><article class='main_color inner-entry'  itemscope=\"itemscope\" itemtype=\"https:\/\/schema.org\/CreativeWork\" ><a href=\"https:\/\/irandoostan.com\/es\/Iran-tour\/observacion-de-aves-en-iran-en-10-dias\/\" title='Tour de observaci\u00f3n de aves en Ir\u00e1n (10 d\u00edas)'  data-rel='grid-1' class='grid-image avia-hover-fx'> <img width=\"495\" height=\"400\" src=\"https:\/\/irandoostan.com\/es\/dostcont\/uploads\/2016\/02\/Afro-tropical-495x400.jpg\" class=\"wp-image-2395 avia-img-lazy-loading-not-2395 attachment-portfolio size-portfolio wp-post-image\" alt=\"Tour de observaci\u00f3n de aves en Ir\u00e1n (10 d\u00edas)\" decoding=\"async\" srcset=\"https:\/\/irandoostan.com\/es\/dostcont\/uploads\/2016\/02\/Afro-tropical-495x400.jpg 495w, https:\/\/irandoostan.com\/es\/dostcont\/uploads\/2016\/02\/Afro-tropical-845x684.jpg 845w\" sizes=\"(max-width: 495px) 100vw, 495px\" \/><\/a><div class='grid-content'><div class='avia-arrow'><\/div><header class=\"entry-content-header\"><h3 class='grid-entry-title entry-title '  itemprop=\"headline\" ><a href='https:\/\/irandoostan.com\/es\/Iran-tour\/observacion-de-aves-en-iran-en-10-dias\/' title='Tour de observaci\u00f3n de aves en Ir\u00e1n (10 d\u00edas)'>Tour de observaci\u00f3n de aves en Ir\u00e1n (10 d\u00edas)<\/a><\/h3><\/header><\/div><footer class=\"entry-footer\"><\/footer><\/article><\/div><div data-ajax-id='2261' class=' grid-entry flex_column isotope-item all_sort no_margin post-entry post-entry-2261 grid-entry-overview grid-loop-2 grid-parity-even  itinerarios-de-aventura_sort  av_one_fourth  default_av_fullwidth '><article class='main_color inner-entry'  itemscope=\"itemscope\" itemtype=\"https:\/\/schema.org\/CreativeWork\" ><a href=\"https:\/\/irandoostan.com\/es\/Iran-tour\/isla-de-qeshm\/\" title='TOUR A LA ISLA DE QESHM'  data-rel='grid-1' class='grid-image avia-hover-fx'> <img width=\"495\" height=\"400\" src=\"https:\/\/irandoostan.com\/es\/dostcont\/uploads\/2016\/02\/Tours-to-Iran-Qeshm-Island-495x400.jpg\" class=\"wp-image-2268 avia-img-lazy-loading-not-2268 attachment-portfolio size-portfolio wp-post-image\" alt=\"Qeshm\" decoding=\"async\" \/><\/a><div class='grid-content'><div class='avia-arrow'><\/div><header class=\"entry-content-header\"><h3 class='grid-entry-title entry-title '  itemprop=\"headline\" ><a href='https:\/\/irandoostan.com\/es\/Iran-tour\/isla-de-qeshm\/' title='TOUR A LA ISLA DE QESHM'>TOUR A LA ISLA DE QESHM<\/a><\/h3><\/header><\/div><footer class=\"entry-footer\"><\/footer><\/article><\/div><div data-ajax-id='2196' class=' grid-entry flex_column isotope-item all_sort no_margin post-entry post-entry-2196 grid-entry-overview grid-loop-3 grid-parity-odd  itinerarios-de-aventura_sort  av_one_fourth  default_av_fullwidth '><article class='main_color inner-entry'  itemscope=\"itemscope\" itemtype=\"https:\/\/schema.org\/CreativeWork\" ><a href=\"https:\/\/irandoostan.com\/es\/Iran-tour\/ciclismo-de-montana\/\" title='TOUR EN BICICLETA POR IR\u00c1N'  data-rel='grid-1' class='grid-image avia-hover-fx'> <img width=\"495\" height=\"400\" src=\"https:\/\/irandoostan.com\/es\/dostcont\/uploads\/2016\/02\/Iran-biking-495x400.jpg\" class=\"wp-image-2203 avia-img-lazy-loading-not-2203 attachment-portfolio size-portfolio wp-post-image\" alt=\"TOUR EN BICICLETA POR IR\u00c1N\" decoding=\"async\" srcset=\"https:\/\/irandoostan.com\/es\/dostcont\/uploads\/2016\/02\/Iran-biking-495x400.jpg 495w, https:\/\/irandoostan.com\/es\/dostcont\/uploads\/2016\/02\/Iran-biking-845x684.jpg 845w\" sizes=\"(max-width: 495px) 100vw, 495px\" \/><\/a><div class='grid-content'><div class='avia-arrow'><\/div><header class=\"entry-content-header\"><h3 class='grid-entry-title entry-title '  itemprop=\"headline\" ><a href='https:\/\/irandoostan.com\/es\/Iran-tour\/ciclismo-de-montana\/' title='TOUR EN BICICLETA POR IR\u00c1N'>TOUR EN BICICLETA POR IR\u00c1N<\/a><\/h3><\/header><\/div><footer class=\"entry-footer\"><\/footer><\/article><\/div><div data-ajax-id='2176' class=' grid-entry flex_column isotope-item all_sort no_margin post-entry post-entry-2176 grid-entry-overview grid-loop-4 grid-parity-even  itinerarios-de-aventura_sort  av_one_fourth  default_av_fullwidth '><article class='main_color inner-entry'  itemscope=\"itemscope\" itemtype=\"https:\/\/schema.org\/CreativeWork\" ><a href=\"https:\/\/irandoostan.com\/es\/Iran-tour\/espeleologia-en-la-cueva-silvestre-de-danyal\/\" title='Tour de espeleolog\u00eda por Ir\u00e1n'  data-rel='grid-1' class='grid-image avia-hover-fx'> <img width=\"495\" height=\"400\" src=\"https:\/\/irandoostan.com\/es\/dostcont\/uploads\/2016\/02\/cave-495x400.jpg\" class=\"wp-image-2193 avia-img-lazy-loading-not-2193 attachment-portfolio size-portfolio wp-post-image\" alt=\"Tour de espeleolog\u00eda por Ir\u00e1n\" decoding=\"async\" \/><\/a><div class='grid-content'><div class='avia-arrow'><\/div><header class=\"entry-content-header\"><h3 class='grid-entry-title entry-title '  itemprop=\"headline\" ><a href='https:\/\/irandoostan.com\/es\/Iran-tour\/espeleologia-en-la-cueva-silvestre-de-danyal\/' title='Tour de espeleolog\u00eda por Ir\u00e1n'>Tour de espeleolog\u00eda por Ir\u00e1n<\/a><\/h3><\/header><\/div><footer class=\"entry-footer\"><\/footer><\/article><\/div><div data-ajax-id='2166' class=' grid-entry flex_column isotope-item all_sort no_margin post-entry post-entry-2166 grid-entry-overview grid-loop-5 grid-parity-odd  itinerarios-de-aventura_sort  av_one_fourth first default_av_fullwidth '><article class='main_color inner-entry'  itemscope=\"itemscope\" itemtype=\"https:\/\/schema.org\/CreativeWork\" ><a href=\"https:\/\/irandoostan.com\/es\/Iran-tour\/barranquismo-en-eshkevar\/\" title='Tour de barranquismo por Ir\u00e1n'  data-rel='grid-1' class='grid-image avia-hover-fx'> <img width=\"400\" height=\"325\" src=\"https:\/\/irandoostan.com\/es\/dostcont\/uploads\/2016\/02\/tang-ragha.jpg\" class=\"wp-image-2179 avia-img-lazy-loading-not-2179 attachment-portfolio size-portfolio wp-post-image\" alt=\"Tour de barranquismo por Ir\u00e1n\" decoding=\"async\" srcset=\"https:\/\/irandoostan.com\/es\/dostcont\/uploads\/2016\/02\/tang-ragha.jpg 400w, https:\/\/irandoostan.com\/es\/dostcont\/uploads\/2016\/02\/tang-ragha-300x244.jpg 300w\" sizes=\"(max-width: 400px) 100vw, 400px\" \/><\/a><div class='grid-content'><div class='avia-arrow'><\/div><header class=\"entry-content-header\"><h3 class='grid-entry-title entry-title '  itemprop=\"headline\" ><a href='https:\/\/irandoostan.com\/es\/Iran-tour\/barranquismo-en-eshkevar\/' title='Tour de barranquismo por Ir\u00e1n'>Tour de barranquismo por Ir\u00e1n<\/a><\/h3><\/header><\/div><footer class=\"entry-footer\"><\/footer><\/article><\/div><div data-ajax-id='2153' class=' grid-entry flex_column isotope-item all_sort no_margin post-entry post-entry-2153 grid-entry-overview grid-loop-6 grid-parity-even  itinerarios-de-aventura_sort  av_one_fourth  default_av_fullwidth '><article class='main_color inner-entry'  itemscope=\"itemscope\" itemtype=\"https:\/\/schema.org\/CreativeWork\" ><a href=\"https:\/\/irandoostan.com\/es\/Iran-tour\/observacion-de-aves-en-iran\/\" title='Tour de observaci\u00f3n de aves en Ir\u00e1n'  data-rel='grid-1' class='grid-image avia-hover-fx'> <img width=\"495\" height=\"400\" src=\"https:\/\/irandoostan.com\/es\/dostcont\/uploads\/2016\/02\/hoopoe-495x400.jpg\" class=\"wp-image-2190 avia-img-lazy-loading-not-2190 attachment-portfolio size-portfolio wp-post-image\" alt=\"Upupidae\" decoding=\"async\" \/><\/a><div class='grid-content'><div class='avia-arrow'><\/div><header class=\"entry-content-header\"><h3 class='grid-entry-title entry-title '  itemprop=\"headline\" ><a href='https:\/\/irandoostan.com\/es\/Iran-tour\/observacion-de-aves-en-iran\/' title='Tour de observaci\u00f3n de aves en Ir\u00e1n'>Tour de observaci\u00f3n de aves en Ir\u00e1n<\/a><\/h3><\/header><\/div><footer class=\"entry-footer\"><\/footer><\/article><\/div><div data-ajax-id='2140' class=' grid-entry flex_column isotope-item all_sort no_margin post-entry post-entry-2140 grid-entry-overview grid-loop-7 grid-parity-odd  post-entry-last  itinerarios-de-aventura_sort  av_one_fourth  default_av_fullwidth '><article class='main_color inner-entry'  itemscope=\"itemscope\" itemtype=\"https:\/\/schema.org\/CreativeWork\" ><a href=\"https:\/\/irandoostan.com\/es\/Iran-tour\/trekking-en-alborz-y-zagros\/\" title='Tour de escalada en Ir\u00e1n: trekking en las monta\u00f1as Alborz y Zagros'  data-rel='grid-1' class='grid-image avia-hover-fx'> <img width=\"495\" height=\"400\" src=\"https:\/\/irandoostan.com\/es\/dostcont\/uploads\/2016\/02\/IMG_7587_IJFR-495x400.jpg\" class=\"wp-image-2144 avia-img-lazy-loading-not-2144 attachment-portfolio size-portfolio wp-post-image\" alt=\"Tour de escalada en Ir\u00e1n: trekking en las monta\u00f1as Alborz y Zagros\" decoding=\"async\" srcset=\"https:\/\/irandoostan.com\/es\/dostcont\/uploads\/2016\/02\/IMG_7587_IJFR-495x400.jpg 495w, https:\/\/irandoostan.com\/es\/dostcont\/uploads\/2016\/02\/IMG_7587_IJFR-845x684.jpg 845w\" sizes=\"(max-width: 495px) 100vw, 495px\" \/><\/a><div class='grid-content'><div class='avia-arrow'><\/div><header class=\"entry-content-header\"><h3 class='grid-entry-title entry-title '  itemprop=\"headline\" ><a href='https:\/\/irandoostan.com\/es\/Iran-tour\/trekking-en-alborz-y-zagros\/' title='Tour de escalada en Ir\u00e1n: trekking en las monta\u00f1as Alborz y Zagros'>Tour de escalada en Ir\u00e1n: trekking en las monta\u00f1as Alborz y Zagros<\/a><\/h3><\/header><\/div><footer class=\"entry-footer\"><\/footer><\/article><\/div><\/div><\/div>   <!--   class=\"av-portfolio-grid-sorting-container\"  -->\n","protected":false},"excerpt":{"rendered":"","protected":false},"author":2,"featured_media":0,"parent":0,"menu_order":0,"comment_status":"closed","ping_status":"closed","template":"","meta":{"footnotes":""},"_links":{"self":[{"href":"https:\/\/irandoostan.com\/es\/wp-json\/wp\/v2\/pages\/757"}],"collection":[{"href":"https:\/\/irandoostan.com\/es\/wp-json\/wp\/v2\/pages"}],"about":[{"href":"https:\/\/irandoostan.com\/es\/wp-json\/wp\/v2\/types\/page"}],"author":[{"embeddable":true,"href":"https:\/\/irandoostan.com\/es\/wp-json\/wp\/v2\/users\/2"}],"replies":[{"embeddable":true,"href":"https:\/\/irandoostan.com\/es\/wp-json\/wp\/v2\/comments?post=757"}],"version-history":[{"count":4,"href":"https:\/\/irandoostan.com\/es\/wp-json\/wp\/v2\/pages\/757\/revisions"}],"predecessor-version":[{"id":3696,"href":"https:\/\/irandoostan.com\/es\/wp-json\/wp\/v2\/pages\/757\/revisions\/3696"}],"wp:attachment":[{"href":"https:\/\/irandoostan.com\/es\/wp-json\/wp\/v2\/media?parent=757"}],"curies":[{"name":"wp","href":"https:\/\/api.w.org\/{rel}","templated":true}]}}